{"id":6244,"date":"2025-09-10T14:01:55","date_gmt":"2025-09-10T12:01:55","guid":{"rendered":"https:\/\/www.euromat.be\/product\/persluchttank-2000l\/"},"modified":"2025-10-21T13:23:31","modified_gmt":"2025-10-21T11:23:31","slug":"tuyaux-dair-2000l","status":"publish","type":"product","link":"https:\/\/www.euromat.be\/fr\/produit\/tuyaux-dair-2000l\/","title":{"rendered":"R\u00e9servoir d\u2019air 2000l"},"content":{"rendered":"<section class=\"l-section wpb_row height_auto\"><div class=\"l-section-h i-cf\"><div class=\"g-cols vc_row via_flex valign_top type_default stacking_default\"><div class=\"vc_col-sm-12 wpb_column vc_column_container\"><div class=\"vc_column-inner\"><div class=\"wpb_wrapper\"><div class=\"wpb_text_column\"><div class=\"wpb_wrapper\"><p>Le r\u00e9servoir d&rsquo;air comprim\u00e9 de 2000 litres est la solution id\u00e9ale pour les applications industrielles lourdes o\u00f9 une grande capacit\u00e9 d&rsquo;air comprim\u00e9 est n\u00e9cessaire en permanence. Gr\u00e2ce \u00e0 sa capacit\u00e9 g\u00e9n\u00e9reuse, ce r\u00e9servoir constitue un tampon fiable qui absorbe efficacement les pics de charge et maintient les performances optimales du syst\u00e8me d&rsquo;air comprim\u00e9. Il convient parfaitement aux processus de production \u00e0 grande \u00e9chelle et aux utilisations intensives.<\/p>\n<\/div><\/div><\/div><\/div><\/div><\/div><\/div><\/section>\n","protected":false},"excerpt":{"rendered":"<p>Grand r\u00e9servoir d&rsquo;air comprim\u00e9 de 2000 litres pour un stockage et une stabilit\u00e9 maximums en cas d&rsquo;exigences \u00e9lev\u00e9es en mati\u00e8re d&rsquo;air comprim\u00e9.<\/p>\n","protected":false},"featured_media":2917,"template":"","meta":{"_acf_changed":false},"product_brand":[],"product_cat":[1359,1355,2918],"product_tag":[],"class_list":{"0":"post-6244","1":"product","2":"type-product","3":"status-publish","4":"has-post-thumbnail","6":"product_cat-accessoires-compresseurs","7":"product_cat-compresseurs","8":"product_cat-reservoirs-dair","9":"pa_inhoud-l-2000-l-fr","11":"first","12":"instock","13":"purchasable","14":"product-type-simple"},"acf":[],"_links":{"self":[{"href":"https:\/\/www.euromat.be\/fr\/wp-json\/wp\/v2\/product\/6244","targetHints":{"allow":["GET"]}}],"collection":[{"href":"https:\/\/www.euromat.be\/fr\/wp-json\/wp\/v2\/product"}],"about":[{"href":"https:\/\/www.euromat.be\/fr\/wp-json\/wp\/v2\/types\/product"}],"wp:featuredmedia":[{"embeddable":true,"href":"https:\/\/www.euromat.be\/fr\/wp-json\/wp\/v2\/media\/2917"}],"wp:attachment":[{"href":"https:\/\/www.euromat.be\/fr\/wp-json\/wp\/v2\/media?parent=6244"}],"wp:term":[{"taxonomy":"product_brand","embeddable":true,"href":"https:\/\/www.euromat.be\/fr\/wp-json\/wp\/v2\/product_brand?post=6244"},{"taxonomy":"product_cat","embeddable":true,"href":"https:\/\/www.euromat.be\/fr\/wp-json\/wp\/v2\/product_cat?post=6244"},{"taxonomy":"product_tag","embeddable":true,"href":"https:\/\/www.euromat.be\/fr\/wp-json\/wp\/v2\/product_tag?post=6244"}],"curies":[{"name":"wp","href":"https:\/\/api.w.org\/{rel}","templated":true}]}}