{"id":6245,"date":"2025-09-10T14:01:55","date_gmt":"2025-09-10T12:01:55","guid":{"rendered":"https:\/\/www.euromat.be\/product\/persluchtslang-20m-3-8-10-mm\/"},"modified":"2025-09-11T11:36:02","modified_gmt":"2025-09-11T09:36:02","slug":"tuyaux-dair-20m-3-8-10-mm","status":"publish","type":"product","link":"https:\/\/www.euromat.be\/fr\/produit\/tuyaux-dair-20m-3-8-10-mm\/","title":{"rendered":"Tuyaux d&rsquo;air 20m 3\/8&Prime; &#8211; 10 mm"},"content":{"rendered":"<section class=\"l-section wpb_row height_auto\"><div class=\"l-section-h i-cf\"><div class=\"g-cols vc_row via_flex valign_top type_default stacking_default\"><div class=\"vc_col-sm-12 wpb_column vc_column_container\"><div class=\"vc_column-inner\"><div class=\"wpb_wrapper\"><div class=\"wpb_text_column\"><div class=\"wpb_wrapper\"><p>Ce tuyau d&rsquo;air comprim\u00e9 de 20 m\u00e8tres de long et de 10 mm de diam\u00e8tre est con\u00e7u pour des applications compactes et l\u00e9g\u00e8res. Gr\u00e2ce \u00e0 sa construction flexible, il est facile \u00e0 manipuler et convient au raccordement de petits outils \u00e0 air comprim\u00e9 ou \u00e0 la r\u00e9alisation de travaux l\u00e9gers sur le chantier ou dans l&rsquo;atelier.<\/p>\n<\/div><\/div><\/div><\/div><\/div><\/div><\/div><\/section>\n","protected":false},"excerpt":{"rendered":"<p>Flexible d&rsquo;air comprim\u00e9 de 20 m\u00e8tres de diam\u00e8tre 10 mm, id\u00e9al pour les applications l\u00e9g\u00e8res d&rsquo;air comprim\u00e9.<\/p>\n","protected":false},"featured_media":3457,"template":"","meta":{"_acf_changed":false},"product_brand":[],"product_cat":[1359,1355],"product_tag":[],"class_list":{"0":"post-6245","1":"product","2":"type-product","3":"status-publish","4":"has-post-thumbnail","6":"product_cat-accessoires-compresseurs","7":"product_cat-compresseurs","8":"pa_diameter-mm-3-8-10-mm-fr","9":"pa_lengte-20-m-fr","11":"first","12":"instock","13":"purchasable","14":"product-type-simple"},"acf":[],"_links":{"self":[{"href":"https:\/\/www.euromat.be\/fr\/wp-json\/wp\/v2\/product\/6245","targetHints":{"allow":["GET"]}}],"collection":[{"href":"https:\/\/www.euromat.be\/fr\/wp-json\/wp\/v2\/product"}],"about":[{"href":"https:\/\/www.euromat.be\/fr\/wp-json\/wp\/v2\/types\/product"}],"wp:featuredmedia":[{"embeddable":true,"href":"https:\/\/www.euromat.be\/fr\/wp-json\/wp\/v2\/media\/3457"}],"wp:attachment":[{"href":"https:\/\/www.euromat.be\/fr\/wp-json\/wp\/v2\/media?parent=6245"}],"wp:term":[{"taxonomy":"product_brand","embeddable":true,"href":"https:\/\/www.euromat.be\/fr\/wp-json\/wp\/v2\/product_brand?post=6245"},{"taxonomy":"product_cat","embeddable":true,"href":"https:\/\/www.euromat.be\/fr\/wp-json\/wp\/v2\/product_cat?post=6245"},{"taxonomy":"product_tag","embeddable":true,"href":"https:\/\/www.euromat.be\/fr\/wp-json\/wp\/v2\/product_tag?post=6245"}],"curies":[{"name":"wp","href":"https:\/\/api.w.org\/{rel}","templated":true}]}}