{"id":6249,"date":"2025-09-10T14:01:55","date_gmt":"2025-09-10T12:01:55","guid":{"rendered":"https:\/\/www.euromat.be\/product\/persluchtslang-5m-6-4-38-mm\/"},"modified":"2025-09-11T11:36:01","modified_gmt":"2025-09-11T09:36:01","slug":"tuyaux-dair-5m-6-4-38-mm","status":"publish","type":"product","link":"https:\/\/www.euromat.be\/fr\/produit\/tuyaux-dair-5m-6-4-38-mm\/","title":{"rendered":"Tuyaux d&rsquo;air 5m 6\/4&Prime; &#8211; 38 mm"},"content":{"rendered":"<section class=\"l-section wpb_row height_auto\"><div class=\"l-section-h i-cf\"><div class=\"g-cols vc_row via_flex valign_top type_default stacking_default\"><div class=\"vc_col-sm-12 wpb_column vc_column_container\"><div class=\"vc_column-inner\"><div class=\"wpb_wrapper\"><div class=\"wpb_text_column\"><div class=\"wpb_wrapper\"><p>Ce tuyau d&rsquo;air comprim\u00e9 robuste de 5 m\u00e8tres et de 38 mm de diam\u00e8tre est parfait pour les situations o\u00f9 la puissance et le d\u00e9bit d&rsquo;air sont plus importants que la longueur. Il est id\u00e9al pour les applications stationnaires ou les connexions \u00e0 proximit\u00e9 du compresseur.<\/p>\n<\/div><\/div><\/div><\/div><\/div><\/div><\/div><\/section>\n","protected":false},"excerpt":{"rendered":"<p>Tuyau d&rsquo;air comprim\u00e9 court de 5 m\u00e8tres et de 38 mm de diam\u00e8tre pour les applications lourdes avec un d\u00e9bit d&rsquo;air \u00e9lev\u00e9.<\/p>\n","protected":false},"featured_media":3471,"template":"","meta":{"_acf_changed":false},"product_brand":[],"product_cat":[1359,1355,2919],"product_tag":[],"class_list":{"0":"post-6249","1":"product","2":"type-product","3":"status-publish","4":"has-post-thumbnail","6":"product_cat-accessoires-compresseurs","7":"product_cat-compresseurs","8":"product_cat-reservoirs-dair-2","9":"pa_diameter-mm-6-4-38-mm-fr","10":"pa_lengte-5-m-fr","12":"first","13":"instock","14":"purchasable","15":"product-type-simple"},"acf":[],"_links":{"self":[{"href":"https:\/\/www.euromat.be\/fr\/wp-json\/wp\/v2\/product\/6249","targetHints":{"allow":["GET"]}}],"collection":[{"href":"https:\/\/www.euromat.be\/fr\/wp-json\/wp\/v2\/product"}],"about":[{"href":"https:\/\/www.euromat.be\/fr\/wp-json\/wp\/v2\/types\/product"}],"wp:featuredmedia":[{"embeddable":true,"href":"https:\/\/www.euromat.be\/fr\/wp-json\/wp\/v2\/media\/3471"}],"wp:attachment":[{"href":"https:\/\/www.euromat.be\/fr\/wp-json\/wp\/v2\/media?parent=6249"}],"wp:term":[{"taxonomy":"product_brand","embeddable":true,"href":"https:\/\/www.euromat.be\/fr\/wp-json\/wp\/v2\/product_brand?post=6249"},{"taxonomy":"product_cat","embeddable":true,"href":"https:\/\/www.euromat.be\/fr\/wp-json\/wp\/v2\/product_cat?post=6249"},{"taxonomy":"product_tag","embeddable":true,"href":"https:\/\/www.euromat.be\/fr\/wp-json\/wp\/v2\/product_tag?post=6249"}],"curies":[{"name":"wp","href":"https:\/\/api.w.org\/{rel}","templated":true}]}}