{"id":6253,"date":"2025-09-10T14:01:34","date_gmt":"2025-09-10T12:01:34","guid":{"rendered":"https:\/\/www.euromat.be\/product\/stationaire-compressor-200-350-kw\/"},"modified":"2025-10-02T11:25:43","modified_gmt":"2025-10-02T09:25:43","slug":"compresseur-stationnaire-200-350-kw","status":"publish","type":"product","link":"https:\/\/www.euromat.be\/fr\/produit\/compresseur-stationnaire-200-350-kw\/","title":{"rendered":"Compresseur stationnaire 200 &#8211; 350 kW"},"content":{"rendered":"<section class=\"l-section wpb_row height_auto\"><div class=\"l-section-h i-cf\"><div class=\"g-cols vc_row via_flex valign_top type_default stacking_default\"><div class=\"vc_col-sm-12 wpb_column vc_column_container\"><div class=\"vc_column-inner\"><div class=\"wpb_wrapper\"><div class=\"wpb_text_column\"><div class=\"wpb_wrapper\"><p><strong>Compresseur \u00e0 vis ELGi 200 &#8211; 350 kW<\/strong><\/p>\n<p>Compresseur \u00e0 vis \u00e0 deux \u00e9tages lubrifi\u00e9 \u00e0 l&rsquo;huile tr\u00e8s efficace<\/p>\n<p>Les compresseurs \u00e0 vis ELGi 200-350 kW sont les plus \u00e9conomes en \u00e9nergie de leur cat\u00e9gorie gr\u00e2ce \u00e0 leur conception innovante \u00e0 deux \u00e9tages. Ces compresseurs lubrifi\u00e9s \u00e0 l&rsquo;huile offrent un faible co\u00fbt jusqu&rsquo;\u00e0al de possession, ce qui les rend id\u00e9aux pour les entreprises qui accordent de l&rsquo;importance \u00e0 la durabilit\u00e9 et \u00e0 la fiabilit\u00e9 op\u00e9rationnelle. Ils constituent un choix id\u00e9al pour les secteurs tels que l&rsquo;automobile, l&rsquo;alimentation, la m\u00e9tallurgie et bien d&rsquo;autres encore.<\/p>\n<p><strong>Caract\u00e9ristiques principales :<\/strong><br \/>\n&#8211; D\u00e9bit d&rsquo;air de 6,8 \u00e0 32 m\u00b3\/min, puissant et stable pour une utilisation intensive<br \/>\n&#8211; Composants optimis\u00e9s et rotors \u00e0 profil \u03b7-V brevet\u00e9s pour une efficacit\u00e9 \u00e9nerg\u00e9tique maximale<br \/>\n&#8211; Silencieux et adapt\u00e9 aux environnements de production sensibles au bruit<br \/>\n&#8211; Acc\u00e8s rapide aux filtres et aux points d&rsquo;entretien, ce qui minimise les temps d&rsquo;arr\u00eat<br \/>\n&#8211; Utilisation flexible dans divers secteurs : automobile, transformation des mati\u00e8res plastiques, industrie alimentaire et m\u00e9tallurgique<br \/>\n&#8211; Int\u00e9gration facile dans les syst\u00e8mes d&rsquo;air comprim\u00e9 existants<br \/>\n&#8211; Tension : 400 V<\/p>\n<p><strong>Applications :<\/strong><br \/>\nCes compresseurs \u00e0 vis ELGi conviennent parfaitement aux environnements de production industrielle n\u00e9cessitant des besoins en air \u00e9lev\u00e9s et constants, tels que l&rsquo;industrie automobile, l&rsquo;industrie alimentaire, l&rsquo;industrie m\u00e9tallurgique et l&rsquo;industrie plastique.<\/p>\n<p><strong>Pourquoi choisir Euromat ?<\/strong><\/p>\n<p>\u2714\ufe0f Conseils personnalis\u00e9s en fonction de votre consommation d&rsquo;air<br \/>\n\u2714\ufe0f Installation et entretien professionnels par des sp\u00e9cialistes exp\u00e9riment\u00e9s<br \/>\n\u2714\ufe0f Contrats de service \u00e0 long terme pour une continuit\u00e9 optimale<\/p>\n<\/div><\/div><\/div><\/div><\/div><\/div><\/div><\/section>\n","protected":false},"excerpt":{"rendered":"<p>Louer ou acheter un compresseur \u00e0 vis ELGi 200-350 kW ? Conception \u00e9conome en \u00e9nergie \u00e0 deux \u00e9tages avec un d\u00e9bit d&rsquo;air de 6,8 \u00e0 32 m\u00b3\/min. Fiable, silencieux et id\u00e9al pour une utilisation industrielle intensive dans les secteurs de l&rsquo;automobile, de l&rsquo;alimentation et de la m\u00e9tallurgie.<\/p>\n","protected":false},"featured_media":3557,"template":"","meta":{"_acf_changed":false},"product_brand":[1405],"product_cat":[1355,2893,1358],"product_tag":[],"class_list":{"0":"post-6253","1":"product","2":"type-product","3":"status-publish","4":"has-post-thumbnail","6":"product_brand-elgi","7":"product_cat-compresseurs","8":"product_cat-compresseurs-dair-a-vis","9":"product_cat-compresseurs-stationnaires","10":"pa_afmetingen-lxbxh-afhankelijk-van-het-model-fr","11":"pa_debiet-68-32-m-min-fr","12":"pa_gewicht-582-5780-kg-fr","13":"pa_model-elektrisch-oliegesmeerde-schroefcompressor-fr","14":"pa_nominale-capaciteit-200-350-kw-fr","15":"pa_spanning-volt-400-fr","16":"pa_werkdruk-45-125-bar-fr","18":"first","19":"instock","20":"purchasable","21":"product-type-simple"},"acf":[],"_links":{"self":[{"href":"https:\/\/www.euromat.be\/fr\/wp-json\/wp\/v2\/product\/6253","targetHints":{"allow":["GET"]}}],"collection":[{"href":"https:\/\/www.euromat.be\/fr\/wp-json\/wp\/v2\/product"}],"about":[{"href":"https:\/\/www.euromat.be\/fr\/wp-json\/wp\/v2\/types\/product"}],"wp:featuredmedia":[{"embeddable":true,"href":"https:\/\/www.euromat.be\/fr\/wp-json\/wp\/v2\/media\/3557"}],"wp:attachment":[{"href":"https:\/\/www.euromat.be\/fr\/wp-json\/wp\/v2\/media?parent=6253"}],"wp:term":[{"taxonomy":"product_brand","embeddable":true,"href":"https:\/\/www.euromat.be\/fr\/wp-json\/wp\/v2\/product_brand?post=6253"},{"taxonomy":"product_cat","embeddable":true,"href":"https:\/\/www.euromat.be\/fr\/wp-json\/wp\/v2\/product_cat?post=6253"},{"taxonomy":"product_tag","embeddable":true,"href":"https:\/\/www.euromat.be\/fr\/wp-json\/wp\/v2\/product_tag?post=6253"}],"curies":[{"name":"wp","href":"https:\/\/api.w.org\/{rel}","templated":true}]}}