{"id":6254,"date":"2025-09-10T14:01:34","date_gmt":"2025-09-10T12:01:34","guid":{"rendered":"https:\/\/www.euromat.be\/product\/compleet-persluchtstation\/"},"modified":"2025-09-11T11:36:09","modified_gmt":"2025-09-11T09:36:09","slug":"station-a-air-comprime-complete","status":"publish","type":"product","link":"https:\/\/www.euromat.be\/fr\/produit\/station-a-air-comprime-complete\/","title":{"rendered":"Station \u00e0 air comprim\u00e9 compl\u00e8te"},"content":{"rendered":"<section class=\"l-section wpb_row height_auto\"><div class=\"l-section-h i-cf\"><div class=\"g-cols vc_row via_flex valign_top type_default stacking_default\"><div class=\"vc_col-sm-12 wpb_column vc_column_container\"><div class=\"vc_column-inner\"><div class=\"wpb_wrapper\"><div class=\"wpb_text_column\"><div class=\"wpb_wrapper\"><p><strong>Station d&rsquo;air comprim\u00e9 compl\u00e8te<\/strong><\/p>\n<p>Solution jusqu&rsquo;\u00e0ale pour un air comprim\u00e9 fiable sur site<\/p>\n<p>Vous recherchez une solution d&rsquo;air comprim\u00e9 puissante et pr\u00eate \u00e0 l&#8217;emploi pour des applications temporaires dans l&rsquo;industrie ou sur site ? La station d&rsquo;air comprim\u00e9 compl\u00e8te d&rsquo;Euromat offre un syst\u00e8me tout-en-un, enti\u00e8rement assembl\u00e9 dans un conteneur robuste : un compresseur fonctionnant \u00e0 l&rsquo;huile de qualit\u00e9 alimentaire, un s\u00e9cheur d&rsquo;air, un r\u00e9servoir d&rsquo;air comprim\u00e9 et tous les raccordements n\u00e9cessaires, pr\u00eats \u00e0 l&#8217;emploi. Gr\u00e2ce \u00e0 l&rsquo;huile utilis\u00e9e, cette station convient \u00e9galement \u00e0 l&rsquo;industrie alimentaire, o\u00f9 la qualit\u00e9 de l&rsquo;air est cruciale.<\/p>\n<p>Avec un d\u00e9bit d&rsquo;air \u00e9quivalent \u00e0 celui d&rsquo;un compresseur mobile de 10 bars, cette station est parfaite pour les applications de sablage (1 pot de sablage connectable) ou les applications industrielles \u00e0 consommation d&rsquo;air continue, entre autres. Le syst\u00e8me garantit un air comprim\u00e9 sec et propre et r\u00e9siste \u00e0 des conditions de travail difficiles.<\/p>\n<p>Outre ce mod\u00e8le, Euromat dispose d&rsquo;une deuxi\u00e8me station d&rsquo;air comprim\u00e9, compos\u00e9e de deux compresseurs de 55 kW et 75 kW (l&rsquo;un \u00e0 vitesse fixe, l&rsquo;autre \u00e0 r\u00e9gulation de fr\u00e9quence) combin\u00e9s \u00e0 un s\u00e9cheur \u00e0 absorption, d&rsquo;une capacit\u00e9 de 22 m\u00b3\/min \u00e0 10 bars. Sur demande, ces conteneurs modulaires de 20 pieds peuvent m\u00eame \u00eatre construits sur mesure, avec une capacit\u00e9 maximale de 28 m\u00b3\/min.<\/p>\n<p><strong>Caract\u00e9ristiques principales :<\/strong><br \/>\n&#8211; Solution tout-en-un : compresseur, s\u00e9cheur d&rsquo;air, r\u00e9servoir et raccords int\u00e9gr\u00e9s<br \/>\n&#8211; Pr\u00eat \u00e0 l&#8217;emploi : installation plug-and-play, aucun assemblage suppl\u00e9mentaire n&rsquo;est n\u00e9cessaire<br \/>\n&#8211; D\u00e9bit d&rsquo;air \u00e9lev\u00e9 : convient aux applications \u00e0 demande d&rsquo;air continue<br \/>\n&#8211; Qualit\u00e9 constante : air comprim\u00e9 sec et propre gr\u00e2ce au s\u00e9cheur int\u00e9gr\u00e9<br \/>\n&#8211; Robuste et mobile : r\u00e9sistant aux conditions du site, facilement d\u00e9pla\u00e7able<\/p>\n<p><strong>Applications :<\/strong><br \/>\nId\u00e9al pour le sablage, le nettoyage industriel, les outils pneumatiques, les travaux de production et d&rsquo;installation o\u00f9 la mobilit\u00e9 et la qualit\u00e9 de l&rsquo;air sont importantes.<\/p>\n<p><strong>Pourquoi choisir Euromat ?<\/strong><br \/>\nAvec Euromat, vous ne louez pas des composants individuels, mais des solutions compl\u00e8tes et fiables. Vous b\u00e9n\u00e9ficiez de notre savoir-faire et d&rsquo;une solution qui fonctionne imm\u00e9diatement &#8211; sans aucun souci.<\/p>\n<p>\u2714\ufe0f Enti\u00e8rement assembl\u00e9 et test\u00e9<br \/>\n\u2714\ufe0f D\u00e9ploiement rapide sur site<br \/>\n\u2714\ufe0f Support technique par des professionnels exp\u00e9riment\u00e9s<\/p>\n<\/div><\/div><\/div><\/div><\/div><\/div><\/div><\/section>\n","protected":false},"excerpt":{"rendered":"<p>Louer une station d&rsquo;air comprim\u00e9 compl\u00e8te ? Conteneur tout-en-un avec compresseur sur huile alimentaire, s\u00e9cheur d&rsquo;air, r\u00e9servoir et raccords. Pr\u00eate \u00e0 \u00eatre utilis\u00e9e imm\u00e9diatement pour un fonctionnement continu dans l&rsquo;industrie, sur les chantiers et dans le secteur alimentaire. De l&rsquo;air comprim\u00e9 sec et propre et une construction robuste pour des conditions difficiles.<\/p>\n","protected":false},"featured_media":3125,"template":"","meta":{"_acf_changed":false},"product_brand":[1415],"product_cat":[1355,1358],"product_tag":[],"class_list":{"0":"post-6254","1":"product","2":"type-product","3":"status-publish","4":"has-post-thumbnail","6":"product_brand-ingersoll-rand","7":"product_cat-compresseurs","8":"product_cat-compresseurs-stationnaires","9":"pa_ademluchtfilter-ja-fr","10":"pa_formaat-container-20-ft-fr","11":"pa_model-compressor-55kw-en-75kw-compressoren-fr","12":"pa_model-droger-absoprtiedroger-22m-min-fr","13":"pa_model-persluchtketels-1000-l-fr","14":"pa_vereiste-stroomaansluiting-125a-fr","15":"pa_waterseparator-ja-polysep-fr","17":"first","18":"instock","19":"purchasable","20":"product-type-simple"},"acf":[],"_links":{"self":[{"href":"https:\/\/www.euromat.be\/fr\/wp-json\/wp\/v2\/product\/6254","targetHints":{"allow":["GET"]}}],"collection":[{"href":"https:\/\/www.euromat.be\/fr\/wp-json\/wp\/v2\/product"}],"about":[{"href":"https:\/\/www.euromat.be\/fr\/wp-json\/wp\/v2\/types\/product"}],"wp:featuredmedia":[{"embeddable":true,"href":"https:\/\/www.euromat.be\/fr\/wp-json\/wp\/v2\/media\/3125"}],"wp:attachment":[{"href":"https:\/\/www.euromat.be\/fr\/wp-json\/wp\/v2\/media?parent=6254"}],"wp:term":[{"taxonomy":"product_brand","embeddable":true,"href":"https:\/\/www.euromat.be\/fr\/wp-json\/wp\/v2\/product_brand?post=6254"},{"taxonomy":"product_cat","embeddable":true,"href":"https:\/\/www.euromat.be\/fr\/wp-json\/wp\/v2\/product_cat?post=6254"},{"taxonomy":"product_tag","embeddable":true,"href":"https:\/\/www.euromat.be\/fr\/wp-json\/wp\/v2\/product_tag?post=6254"}],"curies":[{"name":"wp","href":"https:\/\/api.w.org\/{rel}","templated":true}]}}