{"id":6255,"date":"2025-09-10T14:01:34","date_gmt":"2025-09-10T12:01:34","guid":{"rendered":"https:\/\/www.euromat.be\/product\/persluchtdroger-1-tot-7-m%c2%b3-min\/"},"modified":"2025-09-11T11:36:09","modified_gmt":"2025-09-11T09:36:09","slug":"secheur-dair-1-jusqua-7-m%c2%b3-min","status":"publish","type":"product","link":"https:\/\/www.euromat.be\/fr\/produit\/secheur-dair-1-jusqua-7-m%c2%b3-min\/","title":{"rendered":"S\u00e9cheur d&rsquo;air 1 jusqu&rsquo;\u00e0 7 m\u00b3\/min"},"content":{"rendered":"<section class=\"l-section wpb_row height_auto\"><div class=\"l-section-h i-cf\"><div class=\"g-cols vc_row via_flex valign_top type_default stacking_default\"><div class=\"vc_col-sm-12 wpb_column vc_column_container\"><div class=\"vc_column-inner\"><div class=\"wpb_wrapper\"><div class=\"wpb_text_column\"><div class=\"wpb_wrapper\"><p><strong>Ingersoll Rand S\u00e9cheur d&rsquo;air comprim\u00e9 1 \u00e0 7 m\u00b3\/min<\/strong><\/p>\n<p>S\u00e9chage fiable pour une qualit\u00e9 constante de l&rsquo;air comprim\u00e9<\/p>\n<p>Pour ceux pour qui un air comprim\u00e9 sec et propre est essentiel, Euromat propose un puissant s\u00e9cheur d&rsquo;air comprim\u00e9 d&rsquo;une capacit\u00e9 de 1 \u00e0 7 m\u00b3\/min d&rsquo;Ingersoll Rand. Ce s\u00e9cheur compact et efficace garantit une qualit\u00e9 constante de l&rsquo;air comprim\u00e9, prot\u00e8ge vos outils et prolonge la dur\u00e9e de vie de vos installations. Il est donc id\u00e9al pour les applications industrielles, les processus de production ou les travaux de sablage o\u00f9 l&rsquo;humidit\u00e9 doit absolument \u00eatre \u00e9vit\u00e9e.<\/p>\n<p>Le s\u00e9cheur d&rsquo;Ingersoll Rand peut \u00eatre utilis\u00e9 comme unit\u00e9 autonome ou en combinaison avec une installation de compresseur. Son raccordement simple et sa construction robuste le rendent id\u00e9al pour les installations d&rsquo;air comprim\u00e9 temporaires ou mobiles. Ce type de s\u00e9cheur est souvent utilis\u00e9 comme s\u00e9chage suppl\u00e9mentaire pour les compresseurs mobiles ou pour les travaux d&rsquo;entretien des installations existantes.<\/p>\n<p><strong>Caract\u00e9ristiques principales :<\/strong><br \/>\n&#8211; Capacit\u00e9 de s\u00e9chage : 1 \u00e0 7 m\u00b3\/min, adapt\u00e9e \u00e0 diverses applications<br \/>\n&#8211; Qualit\u00e9 d&rsquo;air constante : prot\u00e8ge les outils, les machines et les produits finis de l&rsquo;humidit\u00e9<br \/>\n&#8211; Plug &amp; play : facile \u00e0 connecter et rapidement op\u00e9rationnel<br \/>\n&#8211; Application industrielle : Conception robuste, fiable en cas d&rsquo;utilisation intensive<br \/>\n&#8211; Compact et mobile : facile \u00e0 transporter, peut \u00eatre utilis\u00e9 sur site ou dans les halls de production<\/p>\n<p><strong>Applications :<\/strong><br \/>\nId\u00e9al pour les processus industriels, le sablage, les outils pneumatiques et le s\u00e9chage temporaire pendant les travaux d&rsquo;installation ou de maintenance.<\/p>\n<p><strong>Pourquoi choisir Euromat ?<\/strong><br \/>\nEuromat garantit des solutions qui fonctionnent &#8211; y compris le service, la flexibilit\u00e9 et les conseils techniques. Qu&rsquo;il s&rsquo;agisse d&rsquo;une courte p\u00e9riode de transition ou d&rsquo;une longue p\u00e9riode de location, nous assurons une qualit\u00e9 constante de l&rsquo;air comprim\u00e9.<\/p>\n<p>\u2714\ufe0f Des conditions de location flexibles<br \/>\n\u2714\ufe0f Rapidement disponible et pr\u00eat \u00e0 l&#8217;emploi<br \/>\n\u2714\ufe0f Support technique par des professionnels<\/p>\n<\/div><\/div><\/div><\/div><\/div><\/div><\/div><\/section>\n","protected":false},"excerpt":{"rendered":"<p>Location d&rsquo;un s\u00e9cheur d&rsquo;air comprim\u00e9 Ingersoll Rand 1-7 m\u00b3\/min ? Compact, robuste et pr\u00eat \u00e0 l&#8217;emploi pour un air comprim\u00e9 sec et constant. Id\u00e9al pour l&rsquo;industrie, le sablage et les installations temporaires d&rsquo;air comprim\u00e9.<\/p>\n","protected":false},"featured_media":3137,"template":"","meta":{"_acf_changed":false},"product_brand":[1415],"product_cat":[1359,1355,2911],"product_tag":[],"class_list":{"0":"post-6255","1":"product","2":"type-product","3":"status-publish","4":"has-post-thumbnail","6":"product_brand-ingersoll-rand","7":"product_cat-accessoires-compresseurs","8":"product_cat-compresseurs","9":"product_cat-secheurs-dair","10":"pa_debiet-1-tot-7-m-min-fr","12":"first","13":"instock","14":"purchasable","15":"product-type-simple"},"acf":[],"_links":{"self":[{"href":"https:\/\/www.euromat.be\/fr\/wp-json\/wp\/v2\/product\/6255","targetHints":{"allow":["GET"]}}],"collection":[{"href":"https:\/\/www.euromat.be\/fr\/wp-json\/wp\/v2\/product"}],"about":[{"href":"https:\/\/www.euromat.be\/fr\/wp-json\/wp\/v2\/types\/product"}],"wp:featuredmedia":[{"embeddable":true,"href":"https:\/\/www.euromat.be\/fr\/wp-json\/wp\/v2\/media\/3137"}],"wp:attachment":[{"href":"https:\/\/www.euromat.be\/fr\/wp-json\/wp\/v2\/media?parent=6255"}],"wp:term":[{"taxonomy":"product_brand","embeddable":true,"href":"https:\/\/www.euromat.be\/fr\/wp-json\/wp\/v2\/product_brand?post=6255"},{"taxonomy":"product_cat","embeddable":true,"href":"https:\/\/www.euromat.be\/fr\/wp-json\/wp\/v2\/product_cat?post=6255"},{"taxonomy":"product_tag","embeddable":true,"href":"https:\/\/www.euromat.be\/fr\/wp-json\/wp\/v2\/product_tag?post=6255"}],"curies":[{"name":"wp","href":"https:\/\/api.w.org\/{rel}","templated":true}]}}