{"id":6258,"date":"2025-09-10T14:01:34","date_gmt":"2025-09-10T12:01:34","guid":{"rendered":"https:\/\/www.euromat.be\/product\/persluchtdroger-20-tot-29-m%c2%b3-min\/"},"modified":"2025-09-11T11:36:10","modified_gmt":"2025-09-11T09:36:10","slug":"secheur-dair-20-jusqua-29-m%c2%b3-min","status":"publish","type":"product","link":"https:\/\/www.euromat.be\/fr\/produit\/secheur-dair-20-jusqua-29-m%c2%b3-min\/","title":{"rendered":"S\u00e9cheur d&rsquo;air 20 jusqu&rsquo;\u00e0 29 m\u00b3\/min"},"content":{"rendered":"<section class=\"l-section wpb_row height_auto\"><div class=\"l-section-h i-cf\"><div class=\"g-cols vc_row via_flex valign_top type_default stacking_default\"><div class=\"vc_col-sm-12 wpb_column vc_column_container\"><div class=\"vc_column-inner\"><div class=\"wpb_wrapper\"><div class=\"wpb_text_column\"><div class=\"wpb_wrapper\"><p><strong>Ingersoll Rand S\u00e9cheur d&rsquo;air comprim\u00e9 20 \u00e0 29 m\u00b3\/min<\/strong><\/p>\n<p>S\u00e9chage puissant pour les applications industrielles exigeantes<\/p>\n<p>Lorsque vous travaillez avec des volumes d&rsquo;air comprim\u00e9 tr\u00e8s \u00e9lev\u00e9s, un s\u00e9chage puissant et fiable est essentiel pour prot\u00e9ger vos processus. Le s\u00e9cheur d&rsquo;air comprim\u00e9 Ingersoll Rand 20 \u00e0 29 m\u00b3\/min est con\u00e7u pour les applications industrielles intensives o\u00f9 la qualit\u00e9 de l&rsquo;air, la fiabilit\u00e9 op\u00e9rationnelle et la capacit\u00e9 sont indispensables.<\/p>\n<p>Ce s\u00e9cheur d&rsquo;Ingersoll Rand traite de grands d\u00e9bits d&rsquo;air avec une efficacit\u00e9 constante et garantit un air comprim\u00e9 sec et propre, m\u00eame dans les conditions les plus difficiles. Il est id\u00e9al pour une utilisation en combinaison avec de grands syst\u00e8mes de compresseurs sur les chantiers de construction, dans les environnements de production ou dans les installations de sablage \u00e0 chaudi\u00e8res multiples. Gr\u00e2ce \u00e0 sa conception plug-and-play, il peut \u00eatre rapidement d\u00e9ploy\u00e9 pour des projets temporaires, des travaux de maintenance ou des extensions de capacit\u00e9.<\/p>\n<p><strong>Caract\u00e9ristiques principales :<\/strong><br \/>\n&#8211; Capacit\u00e9 de s\u00e9chage \u00e9lev\u00e9e : 20 \u00e0 29 m\u00b3\/min et donc adapt\u00e9e aux processus industriels lourds<br \/>\n&#8211; Qualit\u00e9 constante de l&rsquo;air : prot\u00e8ge les \u00e9quipements et les produits finis de l&rsquo;humidit\u00e9 et des dommages.<br \/>\n&#8211; Robustesse industrielle : fonctionnement fiable en cas d&rsquo;utilisation continue et de charges lourdes<br \/>\n&#8211; D\u00e9ploiement rapide : Connexion plug-and-play pour les applications temporaires ou permanentes<br \/>\n&#8211; Id\u00e9al comme s\u00e9chage principal ou de secours dans les grandes installations<\/p>\n<p><strong>Applications :<\/strong><br \/>\nConvient pour le sablage \u00e0 grande \u00e9chelle, les environnements de production lourde, l&rsquo;industrie alimentaire, les applications offshore et les projets avec de multiples consommateurs d&rsquo;air comprim\u00e9.<\/p>\n<p><strong>Pourquoi choisir Euromat ?<\/strong><br \/>\nAvec Euromat, vous choisissez des solutions performantes. Nous fournissons non seulement la bonne machine, mais aussi des conseils, de la flexibilit\u00e9 et des services. Cela permet \u00e0 votre projet de continuer \u00e0 fonctionner, quelle que soit son ampleur ou sa complexit\u00e9.<\/p>\n<p>\u2714\ufe0f S\u00e9chage rapide \u00e0 grande \u00e9chelle<br \/>\n\u2714\ufe0f Formules de location flexibles et assistance technique<br \/>\n\u2714\ufe0f Entretenu de mani\u00e8re professionnelle et pr\u00eat \u00e0 \u00eatre utilis\u00e9 imm\u00e9diatement<\/p>\n<\/div><\/div><\/div><\/div><\/div><\/div><\/div><\/section>\n","protected":false},"excerpt":{"rendered":"<p>Location d&rsquo;un s\u00e9cheur d&rsquo;air comprim\u00e9 Ingersoll Rand 20-29 m\u00b3\/min ? Solution tr\u00e8s puissante, robuste et pr\u00eate \u00e0 l&#8217;emploi pour s\u00e9cher l&rsquo;air comprim\u00e9 \u00e0 des volumes \u00e9lev\u00e9s. Id\u00e9al pour l&rsquo;industrie lourde, le sablage \u00e0 grande \u00e9chelle et les environnements de production.<\/p>\n","protected":false},"featured_media":3143,"template":"","meta":{"_acf_changed":false},"product_brand":[1415],"product_cat":[1359,1355,2911],"product_tag":[],"class_list":{"0":"post-6258","1":"product","2":"type-product","3":"status-publish","4":"has-post-thumbnail","6":"product_brand-ingersoll-rand","7":"product_cat-accessoires-compresseurs","8":"product_cat-compresseurs","9":"product_cat-secheurs-dair","10":"pa_debiet-20-tot-29-m-min-fr","12":"first","13":"instock","14":"purchasable","15":"product-type-simple"},"acf":[],"_links":{"self":[{"href":"https:\/\/www.euromat.be\/fr\/wp-json\/wp\/v2\/product\/6258","targetHints":{"allow":["GET"]}}],"collection":[{"href":"https:\/\/www.euromat.be\/fr\/wp-json\/wp\/v2\/product"}],"about":[{"href":"https:\/\/www.euromat.be\/fr\/wp-json\/wp\/v2\/types\/product"}],"wp:featuredmedia":[{"embeddable":true,"href":"https:\/\/www.euromat.be\/fr\/wp-json\/wp\/v2\/media\/3143"}],"wp:attachment":[{"href":"https:\/\/www.euromat.be\/fr\/wp-json\/wp\/v2\/media?parent=6258"}],"wp:term":[{"taxonomy":"product_brand","embeddable":true,"href":"https:\/\/www.euromat.be\/fr\/wp-json\/wp\/v2\/product_brand?post=6258"},{"taxonomy":"product_cat","embeddable":true,"href":"https:\/\/www.euromat.be\/fr\/wp-json\/wp\/v2\/product_cat?post=6258"},{"taxonomy":"product_tag","embeddable":true,"href":"https:\/\/www.euromat.be\/fr\/wp-json\/wp\/v2\/product_tag?post=6258"}],"curies":[{"name":"wp","href":"https:\/\/api.w.org\/{rel}","templated":true}]}}