{"id":6259,"date":"2025-09-10T14:01:34","date_gmt":"2025-09-10T12:01:34","guid":{"rendered":"https:\/\/www.euromat.be\/product\/persluchtdroger-30-m%c2%b3-min\/"},"modified":"2025-09-11T11:36:10","modified_gmt":"2025-09-11T09:36:10","slug":"secheur-dair-30-m%c2%b3-min","status":"publish","type":"product","link":"https:\/\/www.euromat.be\/fr\/produit\/secheur-dair-30-m%c2%b3-min\/","title":{"rendered":"S\u00e9cheur d&rsquo;air > 30 m\u00b3\/min"},"content":{"rendered":"<section class=\"l-section wpb_row height_auto\"><div class=\"l-section-h i-cf\"><div class=\"g-cols vc_row via_flex valign_top type_default stacking_default\"><div class=\"vc_col-sm-12 wpb_column vc_column_container\"><div class=\"vc_column-inner\"><div class=\"wpb_wrapper\"><div class=\"wpb_text_column\"><div class=\"wpb_wrapper\"><p><strong>Ingersoll Rand S\u00e9cheur d&rsquo;air comprim\u00e9 &gt; 30 m\u00b3\/min<\/strong><\/p>\n<p>S\u00e9chage professionnel pour des volumes d&rsquo;air comprim\u00e9 exceptionnellement \u00e9lev\u00e9s<\/p>\n<p>Pour les applications n\u00e9cessitant des volumes d&rsquo;air comprim\u00e9 exceptionnellement \u00e9lev\u00e9s, Euromat propose des s\u00e9cheurs d&rsquo;air comprim\u00e9 haute performance d&rsquo;une capacit\u00e9 de plus de 30 m\u00b3\/min. Ces unit\u00e9s sont con\u00e7ues pour les situations o\u00f9 la qualit\u00e9 de l&rsquo;air est cruciale et o\u00f9 il n&rsquo;y a pas de place pour l&rsquo;humidit\u00e9, les temps d&rsquo;arr\u00eat ou la perte de qualit\u00e9.<\/p>\n<p>Les s\u00e9cheurs d&rsquo;Ingersoll Rand peuvent \u00eatre utilis\u00e9s avec les plus grandes installations de compresseurs mobiles ou fixes. Ils garantissent un s\u00e9chage stable et efficace en fonctionnement continu &#8211; id\u00e9al pour les projets complexes tels que le sablage \u00e0 grande \u00e9chelle, les installations industrielles ou la fourniture temporaire d&rsquo;air comprim\u00e9 dans l&rsquo;industrie de transformation. Gr\u00e2ce \u00e0 leur structure modulaire et \u00e0 leur conception \u00ab\u00a0\u00a0\u00bbplug-and-play\u00a0\u00bb\u00a0\u00bb, ils peuvent \u00eatre rapidement d\u00e9ploy\u00e9s et facilement adapt\u00e9s \u00e0 vos besoins sp\u00e9cifiques.<\/p>\n<p><strong>Caract\u00e9ristiques principales :<\/strong><br \/>\n&#8211; Tr\u00e8s grande capacit\u00e9 : plus de 30 m\u00b3\/min pour des performances optimales \u00e0 haut d\u00e9bit d&rsquo;air<br \/>\n&#8211; S\u00e9chage constant et fiable : prot\u00e8ge les installations et les processus contre l&rsquo;humidit\u00e9<br \/>\n&#8211; Utilisation flexible : Convient aux applications temporaires et \u00e0 long terme<br \/>\n&#8211; Rapidement op\u00e9rationnel : Installation Plug &amp; Play, pr\u00eat \u00e0 l&#8217;emploi sur site<br \/>\n&#8211; Parfaitement combinable avec les compresseurs Euromat haute performance<br \/>\n&#8211; La qualit\u00e9 Ingersoll Rand<\/p>\n<p><strong>Applications :<\/strong><br \/>\nId\u00e9alement con\u00e7u pour les grandes installations de sablage, les processus industriels, le secteur alimentaire, la p\u00e9trochimie, les projets offshore et les situations de consommation de pointe ou de besoins en air accrus.<\/p>\n<p><strong>Pourquoi choisir Euromat ?<\/strong><br \/>\nEuromat garantit des solutions fiables en termes de capacit\u00e9 et de qualit\u00e9. Nos appareils font l&rsquo;objet d&rsquo;une maintenance approfondie et d&rsquo;une assistance professionnelle, de sorte que votre projet puisse toujours continuer \u00e0 fonctionner.<\/p>\n<p>\u2714\ufe0f Pr\u00eat \u00e0 l&#8217;emploi, m\u00eame \u00e0 grande \u00e9chelle<br \/>\n\u2714\ufe0f Conditions de location flexibles<br \/>\n\u2714\ufe0f Assistance technique compl\u00e8te du d\u00e9but \u00e0 la fin<\/p>\n<\/div><\/div><\/div><\/div><\/div><\/div><\/div><\/section>\n","protected":false},"excerpt":{"rendered":"<p>Location d&rsquo;un s\u00e9cheur d&rsquo;air comprim\u00e9 Ingersoll Rand >30 m\u00b3\/min ? Solution puissante et pr\u00eate \u00e0 l&#8217;emploi pour des volumes d&rsquo;air comprim\u00e9 extr\u00eamement \u00e9lev\u00e9s. Id\u00e9al pour le sablage \u00e0 grande \u00e9chelle, l&rsquo;industrie lourde et les usines de traitement o\u00f9 la qualit\u00e9 de l&rsquo;air est cruciale.<\/p>\n","protected":false},"featured_media":3145,"template":"","meta":{"_acf_changed":false},"product_brand":[1415],"product_cat":[1359,1355,2911],"product_tag":[],"class_list":{"0":"post-6259","1":"product","2":"type-product","3":"status-publish","4":"has-post-thumbnail","6":"product_brand-ingersoll-rand","7":"product_cat-accessoires-compresseurs","8":"product_cat-compresseurs","9":"product_cat-secheurs-dair","10":"pa_debiet-30-m-min-fr","12":"first","13":"instock","14":"purchasable","15":"product-type-simple"},"acf":[],"_links":{"self":[{"href":"https:\/\/www.euromat.be\/fr\/wp-json\/wp\/v2\/product\/6259","targetHints":{"allow":["GET"]}}],"collection":[{"href":"https:\/\/www.euromat.be\/fr\/wp-json\/wp\/v2\/product"}],"about":[{"href":"https:\/\/www.euromat.be\/fr\/wp-json\/wp\/v2\/types\/product"}],"wp:featuredmedia":[{"embeddable":true,"href":"https:\/\/www.euromat.be\/fr\/wp-json\/wp\/v2\/media\/3145"}],"wp:attachment":[{"href":"https:\/\/www.euromat.be\/fr\/wp-json\/wp\/v2\/media?parent=6259"}],"wp:term":[{"taxonomy":"product_brand","embeddable":true,"href":"https:\/\/www.euromat.be\/fr\/wp-json\/wp\/v2\/product_brand?post=6259"},{"taxonomy":"product_cat","embeddable":true,"href":"https:\/\/www.euromat.be\/fr\/wp-json\/wp\/v2\/product_cat?post=6259"},{"taxonomy":"product_tag","embeddable":true,"href":"https:\/\/www.euromat.be\/fr\/wp-json\/wp\/v2\/product_tag?post=6259"}],"curies":[{"name":"wp","href":"https:\/\/api.w.org\/{rel}","templated":true}]}}