{"id":6262,"date":"2025-09-10T14:01:34","date_gmt":"2025-09-10T12:01:34","guid":{"rendered":"https:\/\/www.euromat.be\/product\/perslucht-nakoeler-elektrisch-tot-12-m%c2%b3-min\/"},"modified":"2025-09-11T11:36:09","modified_gmt":"2025-09-11T09:36:09","slug":"refrigerant-dair-electrique-avec-seperateur-deau-jusqua-12-m%c2%b3-min","status":"publish","type":"product","link":"https:\/\/www.euromat.be\/fr\/produit\/refrigerant-dair-electrique-avec-seperateur-deau-jusqua-12-m%c2%b3-min\/","title":{"rendered":"R\u00e9frig\u00e9rant d&rsquo;air \u00e9lectrique avec s\u00e9perateur d&rsquo;eau jusqu&rsquo;\u00e0 12 m\u00b3\/min"},"content":{"rendered":"<section class=\"l-section wpb_row height_auto\"><div class=\"l-section-h i-cf\"><div class=\"g-cols vc_row via_flex valign_top type_default stacking_default\"><div class=\"vc_col-sm-12 wpb_column vc_column_container\"><div class=\"vc_column-inner\"><div class=\"wpb_wrapper\"><div class=\"wpb_text_column\"><div class=\"wpb_wrapper\"><p><strong>Post-refroidisseur d&rsquo;air comprim\u00e9 Ingersoll Rand \u00e9lectrique jusqu&rsquo;\u00e0 12 m\u00b3\/min<\/strong><\/p>\n<p>Post-refroidissement fiable pour les applications industrielles d&rsquo;air comprim\u00e9<\/p>\n<p>Pour les applications professionnelles o\u00f9 de grands volumes d&rsquo;air comprim\u00e9 doivent \u00eatre refroidis rapidement et efficacement, Euromat propose le refroidisseur d&rsquo;air comprim\u00e9 \u00e9lectrique jusqu&rsquo;\u00e0 12 m\u00b3\/min de la marque Ingersoll Rand. Ce refroidisseur final puissant et \u00e9conome en \u00e9nergie abaisse la temp\u00e9rature de l&rsquo;air comprim\u00e9 chaud, ce qui permet \u00e0 la vapeur d&rsquo;eau de se condenser et d&rsquo;\u00eatre facilement s\u00e9par\u00e9e. Cela permet d&rsquo;\u00e9viter les probl\u00e8mes d&rsquo;humidit\u00e9 dans les tuyaux, les outils et les applications finales.<\/p>\n<p>Le refroidisseur final Ingersoll Rand est entra\u00een\u00e9 \u00e9lectriquement, ce qui le rend id\u00e9al pour une utilisation dans des endroits o\u00f9 un fonctionnement sans \u00e9mission est n\u00e9cessaire, comme les espaces int\u00e9rieurs ou les environnements alimentaires. Gr\u00e2ce \u00e0 sa conception \u00e0 la fois robuste et compacte, il peut \u00eatre facilement int\u00e9gr\u00e9 dans les syst\u00e8mes d&rsquo;air comprim\u00e9 existants et rapidement d\u00e9ploy\u00e9 pour des projets temporaires ou \u00e0 long terme.<\/p>\n<p><strong>Caract\u00e9ristiques principales :<\/strong><br \/>\n&#8211; Capacit\u00e9 de refroidissement : jusqu&rsquo;\u00e0 12 m\u00b3\/min, adapt\u00e9e aux grandes applications industrielles<br \/>\n&#8211; Entra\u00eenement \u00e9lectrique : silencieux, sans \u00e9missions et adapt\u00e9 \u00e0 une utilisation en int\u00e9rieur<br \/>\n&#8211; R\u00e9duction efficace de la temp\u00e9rature : optimise le fonctionnement du s\u00e9cheur d&rsquo;air comprim\u00e9 et \u00e9vite les probl\u00e8mes d&rsquo;humidit\u00e9<br \/>\n&#8211; Qualit\u00e9 de la marque : propos\u00e9e dans la gamme fiable d&rsquo;Ingersoll Rand<br \/>\n&#8211; Int\u00e9gration facile : Solution pr\u00eate \u00e0 l&#8217;emploi pour les compresseurs fixes ou mobiles<\/p>\n<p><strong>Applications :<\/strong><br \/>\nId\u00e9al pour les installations de sablage, la production industrielle, l&rsquo;industrie alimentaire, les installations temporaires d&rsquo;air comprim\u00e9 et toutes les situations o\u00f9 un post-refroidissement fiable de grands volumes d&rsquo;air est n\u00e9cessaire.<\/p>\n<p><strong>Pourquoi choisir Euromat ?<\/strong><br \/>\nEuromat associe des marques de grande qualit\u00e9 telles que Ingersoll Rand \u00e0 une expertise approfondie en mati\u00e8re de solutions temporaires d&rsquo;air comprim\u00e9. Qu&rsquo;il s&rsquo;agisse d&rsquo;une location \u00e0 court ou \u00e0 long terme, nous garantissons une exp\u00e9rience de location sans heurts avec une assistance technique de A \u00e0 Z.<\/p>\n<p>\u2714\ufe0f D\u00e9ploiement et livraison rapides<br \/>\n\u2714\ufe0f Conditions de location flexibles<br \/>\n\u2714\ufe0f Mat\u00e9riel entretenu par des professionnels, pr\u00eat \u00e0 l&#8217;emploi<\/p>\n<\/div><\/div><\/div><\/div><\/div><\/div><\/div><\/section>\n","protected":false},"excerpt":{"rendered":"<p>Louer un refroidisseur d&rsquo;air comprim\u00e9 \u00e9lectrique Ingersoll Rand jusqu&rsquo;\u00e0 12 m\u00b3\/min ? Puissant, sans \u00e9missions et pr\u00eat \u00e0 l&#8217;emploi pour un refroidissement efficace et l&rsquo;\u00e9limination de l&rsquo;humidit\u00e9. Id\u00e9al pour les grandes applications industrielles, le sablage et les environnements alimentaires.<\/p>\n","protected":false},"featured_media":2867,"template":"","meta":{"_acf_changed":false},"product_brand":[1415],"product_cat":[1359,1355,2912],"product_tag":[],"class_list":{"0":"post-6262","1":"product","2":"type-product","3":"status-publish","4":"has-post-thumbnail","6":"product_brand-ingersoll-rand","7":"product_cat-accessoires-compresseurs","8":"product_cat-compresseurs","9":"product_cat-refrigerants-dair","10":"pa_debiet-tot-12-m-min-fr","12":"first","13":"instock","14":"purchasable","15":"product-type-simple"},"acf":[],"_links":{"self":[{"href":"https:\/\/www.euromat.be\/fr\/wp-json\/wp\/v2\/product\/6262","targetHints":{"allow":["GET"]}}],"collection":[{"href":"https:\/\/www.euromat.be\/fr\/wp-json\/wp\/v2\/product"}],"about":[{"href":"https:\/\/www.euromat.be\/fr\/wp-json\/wp\/v2\/types\/product"}],"wp:featuredmedia":[{"embeddable":true,"href":"https:\/\/www.euromat.be\/fr\/wp-json\/wp\/v2\/media\/2867"}],"wp:attachment":[{"href":"https:\/\/www.euromat.be\/fr\/wp-json\/wp\/v2\/media?parent=6262"}],"wp:term":[{"taxonomy":"product_brand","embeddable":true,"href":"https:\/\/www.euromat.be\/fr\/wp-json\/wp\/v2\/product_brand?post=6262"},{"taxonomy":"product_cat","embeddable":true,"href":"https:\/\/www.euromat.be\/fr\/wp-json\/wp\/v2\/product_cat?post=6262"},{"taxonomy":"product_tag","embeddable":true,"href":"https:\/\/www.euromat.be\/fr\/wp-json\/wp\/v2\/product_tag?post=6262"}],"curies":[{"name":"wp","href":"https:\/\/api.w.org\/{rel}","templated":true}]}}