{"id":6264,"date":"2025-09-10T14:01:34","date_gmt":"2025-09-10T12:01:34","guid":{"rendered":"https:\/\/www.euromat.be\/product\/perslucht-nakoelers-pneumatisch-tot-4-m%c2%b3-min\/"},"modified":"2025-09-11T11:36:06","modified_gmt":"2025-09-11T09:36:06","slug":"refrigerant-dair-pneumatique-avec-separateur-deau-jusqua-4-m%c2%b3-min","status":"publish","type":"product","link":"https:\/\/www.euromat.be\/fr\/produit\/refrigerant-dair-pneumatique-avec-separateur-deau-jusqua-4-m%c2%b3-min\/","title":{"rendered":"R\u00e9frig\u00e9rant d&rsquo;air pneumatique avec s\u00e9parateur d&rsquo;eau jusqu&rsquo;\u00e0 4 m\u00b3\/min"},"content":{"rendered":"<section class=\"l-section wpb_row height_auto\"><div class=\"l-section-h i-cf\"><div class=\"g-cols vc_row via_flex valign_top type_default stacking_default\"><div class=\"vc_col-sm-12 wpb_column vc_column_container\"><div class=\"vc_column-inner\"><div class=\"wpb_wrapper\"><div class=\"wpb_text_column\"><div class=\"wpb_wrapper\"><p><strong>Ingersoll Rand Post-refroidisseur d&rsquo;air comprim\u00e9 pneumatique jusqu&rsquo;\u00e0 4 m\u00b3\/min<\/strong><\/p>\n<p>Post-refroidisseur \u00e0 air compact et puissant, id\u00e9al pour les applications mobiles<\/p>\n<p>Le post-refroidisseur pneumatique d&rsquo;air comprim\u00e9 Ingersoll Rand jusqu&rsquo;\u00e0 4 m\u00b3\/min est la solution id\u00e9ale pour refroidir efficacement l&rsquo;air comprim\u00e9 dans les endroits o\u00f9 il n&rsquo;y a pas d&rsquo;\u00e9lectricit\u00e9. Fonctionnant enti\u00e8rement \u00e0 l&rsquo;air comprim\u00e9, ce refroidisseur est particuli\u00e8rement adapt\u00e9 \u00e0 une utilisation sur les chantiers de construction, dans les unit\u00e9s mobiles de sablage ou dans les environnements sensibles ATEX o\u00f9 l&rsquo;\u00e9quipement \u00e9lectrique n&rsquo;est pas autoris\u00e9.<\/p>\n<p>En refroidissant rapidement l&rsquo;air comprim\u00e9 chaud, cette unit\u00e9 assure une s\u00e9paration optimale des condensats, ce qui est crucial pour prot\u00e9ger les outils, les tuyaux et les applications finales. Gr\u00e2ce \u00e0 sa construction robuste et compacte, le refroidisseur secondaire pneumatique est facile \u00e0 int\u00e9grer dans les installations mobiles d&rsquo;air comprim\u00e9 ou dans les installations temporaires.<\/p>\n<p><strong>Caract\u00e9ristiques principales :<\/strong><br \/>\n&#8211; Capacit\u00e9 jusqu&rsquo;\u00e0 4 m\u00b3\/min : convient aux d\u00e9bits d&rsquo;air comprim\u00e9 faibles \u00e0 moyens<br \/>\n&#8211; Entra\u00eenement pneumatique : pas besoin d&rsquo;\u00e9lectricit\u00e9, id\u00e9al pour les zones \u00e9loign\u00e9es ou dangereuses<br \/>\n&#8211; Qualit\u00e9 Ingersoll Rand : marque fiable, connue pour sa durabilit\u00e9 et ses performances<br \/>\n&#8211; Conception compacte et robuste : facilement portable et rapidement d\u00e9ployable<br \/>\n-Favorise une qualit\u00e9 d&rsquo;air optimale : r\u00e9duit l&rsquo;humidit\u00e9 et prot\u00e8ge les \u00e9quipements en aval.<\/p>\n<p><strong>Applications :<\/strong><br \/>\nId\u00e9ale pour le grenaillage mobile, les travaux de maintenance industrielle, les projets offshore et les installations temporaires o\u00f9 il n&rsquo;y a pas d&rsquo;alimentation \u00e9lectrique.<\/p>\n<p><strong>Pourquoi choisir Euromat ?<\/strong><br \/>\nEuromat propose des refroidisseurs d&rsquo;air comprim\u00e9 pneumatiques de grandes marques telles que Ingersoll Rand, combin\u00e9s \u00e0 une assistance experte, une disponibilit\u00e9 rapide et des options de location flexibles. Nous veillons \u00e0 ce que votre projet ne soit jamais interrompu en raison de probl\u00e8mes d&rsquo;humidit\u00e9 ou d&rsquo;installation.<\/p>\n<p>\u2714\ufe0f Disponible en stock<br \/>\n\u2714\ufe0f Conditions de location flexibles<br \/>\n\u2714\ufe0f Assistance technique adapt\u00e9e \u00e0 votre application<\/p>\n<\/div><\/div><\/div><\/div><\/div><\/div><\/div><\/section>\n","protected":false},"excerpt":{"rendered":"<p>Louer un refroidisseur d&rsquo;air comprim\u00e9 pneumatique Ingersoll Rand jusqu&rsquo;\u00e0 4 m\u00b3\/min ? Compact, robuste et enti\u00e8rement aliment\u00e9 par l&rsquo;air &#8211; id\u00e9al pour le sablage mobile, les projets offshore et les sites sans alimentation \u00e9lectrique.<\/p>\n","protected":false},"featured_media":2875,"template":"","meta":{"_acf_changed":false},"product_brand":[1415],"product_cat":[1359,1355,2912],"product_tag":[],"class_list":{"0":"post-6264","1":"product","2":"type-product","3":"status-publish","4":"has-post-thumbnail","6":"product_brand-ingersoll-rand","7":"product_cat-accessoires-compresseurs","8":"product_cat-compresseurs","9":"product_cat-refrigerants-dair","10":"pa_debiet-tot-4-m-min-fr","12":"first","13":"instock","14":"purchasable","15":"product-type-simple"},"acf":[],"_links":{"self":[{"href":"https:\/\/www.euromat.be\/fr\/wp-json\/wp\/v2\/product\/6264","targetHints":{"allow":["GET"]}}],"collection":[{"href":"https:\/\/www.euromat.be\/fr\/wp-json\/wp\/v2\/product"}],"about":[{"href":"https:\/\/www.euromat.be\/fr\/wp-json\/wp\/v2\/types\/product"}],"wp:featuredmedia":[{"embeddable":true,"href":"https:\/\/www.euromat.be\/fr\/wp-json\/wp\/v2\/media\/2875"}],"wp:attachment":[{"href":"https:\/\/www.euromat.be\/fr\/wp-json\/wp\/v2\/media?parent=6264"}],"wp:term":[{"taxonomy":"product_brand","embeddable":true,"href":"https:\/\/www.euromat.be\/fr\/wp-json\/wp\/v2\/product_brand?post=6264"},{"taxonomy":"product_cat","embeddable":true,"href":"https:\/\/www.euromat.be\/fr\/wp-json\/wp\/v2\/product_cat?post=6264"},{"taxonomy":"product_tag","embeddable":true,"href":"https:\/\/www.euromat.be\/fr\/wp-json\/wp\/v2\/product_tag?post=6264"}],"curies":[{"name":"wp","href":"https:\/\/api.w.org\/{rel}","templated":true}]}}