{"id":6265,"date":"2025-09-10T14:01:34","date_gmt":"2025-09-10T12:01:34","guid":{"rendered":"https:\/\/www.euromat.be\/product\/perslucht-nakoelers-pneumatisch-tot-8-m%c2%b3-min\/"},"modified":"2025-09-11T11:36:07","modified_gmt":"2025-09-11T09:36:07","slug":"refrigerant-dair-pneumatique-avec-separateur-deau-jusqua-8-m%c2%b3-min","status":"publish","type":"product","link":"https:\/\/www.euromat.be\/fr\/produit\/refrigerant-dair-pneumatique-avec-separateur-deau-jusqua-8-m%c2%b3-min\/","title":{"rendered":"R\u00e9frig\u00e9rant d&rsquo;air pneumatique avec s\u00e9parateur d&rsquo;eau jusqu&rsquo;\u00e0 8 m\u00b3\/min"},"content":{"rendered":"<section class=\"l-section wpb_row height_auto\"><div class=\"l-section-h i-cf\"><div class=\"g-cols vc_row via_flex valign_top type_default stacking_default\"><div class=\"vc_col-sm-12 wpb_column vc_column_container\"><div class=\"vc_column-inner\"><div class=\"wpb_wrapper\"><div class=\"wpb_text_column\"><div class=\"wpb_wrapper\"><p><strong>Ingersoll Rand Post-refroidisseurs d&rsquo;air comprim\u00e9 Pneumatique jusqu&rsquo;\u00e0 8 m\u00b3\/min<\/strong><\/p>\n<p>Post-refroidissement pneumatique efficace pour une qualit\u00e9 d&rsquo;air comprim\u00e9 fiable<\/p>\n<p>Pour les applications industrielles n\u00e9cessitant un post-refroidissement fiable et sans entretien de l&rsquo;air comprim\u00e9, Euromat propose des refroidisseurs d&rsquo;air comprim\u00e9 pneumatiques de la marque renomm\u00e9e Ingersoll Rand, avec des d\u00e9bits allant jusqu&rsquo;\u00e0 8 m\u00b3\/min. Ces refroidisseurs robustes et compacts refroidissent efficacement l&rsquo;air comprim\u00e9 chaud sans alimentation \u00e9lectrique, en cr\u00e9ant une condensation qui peut \u00eatre facilement \u00e9vacu\u00e9e. Cela permet d&rsquo;\u00e9viter les probl\u00e8mes d&rsquo;humidit\u00e9 dans les tuyaux, les outils \u00e0 air comprim\u00e9 et les installations sensibles.<\/p>\n<p>Les refroidisseurs pneumatiques Ingersoll Rand, fournis par Euromat, sont id\u00e9aux pour les endroits o\u00f9 l&rsquo;alimentation \u00e9lectrique n&rsquo;est pas possible ou pas souhaitable. Gr\u00e2ce \u00e0 leur conception durable et \u00e0 leur facilit\u00e9 d&rsquo;installation, ils conviennent aux solutions d&rsquo;air comprim\u00e9 temporaires et permanentes dans divers environnements industriels.<\/p>\n<p><strong>Caract\u00e9ristiques principales :<\/strong><br \/>\n&#8211; Capacit\u00e9 de refroidissement : jusqu&rsquo;\u00e0 8 m\u00b3\/min, id\u00e9al pour les syst\u00e8mes d&rsquo;air comprim\u00e9 de petite et moyenne taille<br \/>\n&#8211; Fonctionnement pneumatique : pas besoin d&rsquo;\u00e9lectricit\u00e9, id\u00e9al pour les sites dangereux et \u00e9loign\u00e9s.<br \/>\n&#8211; S\u00e9paration fiable de l&rsquo;humidit\u00e9 : r\u00e9duit la condensation et prot\u00e8ge l&rsquo;\u00e9quipement contre la corrosion et les dommages<br \/>\n&#8211; Compact et robuste : int\u00e9gration facile dans les syst\u00e8mes d&rsquo;air comprim\u00e9 existants<br \/>\n&#8211; Facilit\u00e9 d&rsquo;entretien : longue dur\u00e9e de vie avec des besoins d&rsquo;entretien minimes<\/p>\n<p><strong>Applications :<\/strong><br \/>\nLes refroidisseurs pneumatiques Euromat d&rsquo;Ingersoll Rand sont fr\u00e9quemment utilis\u00e9s pour le dynamitage, la production industrielle, les projets de construction et dans les environnements o\u00f9 le refroidissement \u00e9lectrique n&rsquo;est pas applicable mais o\u00f9 une qualit\u00e9 optimale de l&rsquo;air comprim\u00e9 reste essentielle.<\/p>\n<p><strong>Pourquoi choisir Euromat ?<\/strong><br \/>\nEuromat associe la confiance dans la grande marque Ingersoll Rand \u00e0 des ann\u00e9es d&rsquo;expertise dans les solutions d&rsquo;air comprim\u00e9 temporaires et \u00e0 long terme. Notre service offre des conditions de location flexibles, une livraison rapide et une assistance technique assur\u00e9e par des sp\u00e9cialistes exp\u00e9riment\u00e9s.<\/p>\n<p>\u2714\ufe0f Post-refroidisseurs Ingersoll Rand de haute qualit\u00e9 imm\u00e9diatement disponibles<br \/>\n\u2714\ufe0f Location flexible et assistance professionnelle<br \/>\n\u2714\ufe0f Solutions d&rsquo;air comprim\u00e9 fiables et durables<\/p>\n<\/div><\/div><\/div><\/div><\/div><\/div><\/div><\/section>\n","protected":false},"excerpt":{"rendered":"<p>Louer un refroidisseur secondaire pneumatique \u00e0 air comprim\u00e9 Ingersoll Rand jusqu&rsquo;\u00e0 8 m\u00b3\/min ? Robuste, compact et enti\u00e8rement aliment\u00e9 par l&rsquo;air pour un refroidissement efficace sans alimentation \u00e9lectrique. Id\u00e9al pour le sablage, l&rsquo;industrie et les zones dangereuses.<\/p>\n","protected":false},"featured_media":2877,"template":"","meta":{"_acf_changed":false},"product_brand":[1415],"product_cat":[1359,1355,2912],"product_tag":[],"class_list":{"0":"post-6265","1":"product","2":"type-product","3":"status-publish","4":"has-post-thumbnail","6":"product_brand-ingersoll-rand","7":"product_cat-accessoires-compresseurs","8":"product_cat-compresseurs","9":"product_cat-refrigerants-dair","10":"pa_debiet-tot-8-m-min-fr","12":"first","13":"instock","14":"purchasable","15":"product-type-simple"},"acf":[],"_links":{"self":[{"href":"https:\/\/www.euromat.be\/fr\/wp-json\/wp\/v2\/product\/6265","targetHints":{"allow":["GET"]}}],"collection":[{"href":"https:\/\/www.euromat.be\/fr\/wp-json\/wp\/v2\/product"}],"about":[{"href":"https:\/\/www.euromat.be\/fr\/wp-json\/wp\/v2\/types\/product"}],"wp:featuredmedia":[{"embeddable":true,"href":"https:\/\/www.euromat.be\/fr\/wp-json\/wp\/v2\/media\/2877"}],"wp:attachment":[{"href":"https:\/\/www.euromat.be\/fr\/wp-json\/wp\/v2\/media?parent=6265"}],"wp:term":[{"taxonomy":"product_brand","embeddable":true,"href":"https:\/\/www.euromat.be\/fr\/wp-json\/wp\/v2\/product_brand?post=6265"},{"taxonomy":"product_cat","embeddable":true,"href":"https:\/\/www.euromat.be\/fr\/wp-json\/wp\/v2\/product_cat?post=6265"},{"taxonomy":"product_tag","embeddable":true,"href":"https:\/\/www.euromat.be\/fr\/wp-json\/wp\/v2\/product_tag?post=6265"}],"curies":[{"name":"wp","href":"https:\/\/api.w.org\/{rel}","templated":true}]}}