{"id":6267,"date":"2025-09-10T14:01:34","date_gmt":"2025-09-10T12:01:34","guid":{"rendered":"https:\/\/www.euromat.be\/product\/perslucht-nakoeler-pneumatisch-tot-20-m%c2%b3-min\/"},"modified":"2025-09-11T11:36:07","modified_gmt":"2025-09-11T09:36:07","slug":"refrigerant-dair-pneumatique-avec-separateur-deau-jusqua-20-m%c2%b3-min","status":"publish","type":"product","link":"https:\/\/www.euromat.be\/fr\/produit\/refrigerant-dair-pneumatique-avec-separateur-deau-jusqua-20-m%c2%b3-min\/","title":{"rendered":"R\u00e9frig\u00e9rant d&rsquo;air pneumatique avec s\u00e9parateur d&rsquo;eau jusqu&rsquo;\u00e0 20 m\u00b3\/min"},"content":{"rendered":"<section class=\"l-section wpb_row height_auto\"><div class=\"l-section-h i-cf\"><div class=\"g-cols vc_row via_flex valign_top type_default stacking_default\"><div class=\"vc_col-sm-12 wpb_column vc_column_container\"><div class=\"vc_column-inner\"><div class=\"wpb_wrapper\"><div class=\"wpb_text_column\"><div class=\"wpb_wrapper\"><p><strong>Ingersoll Rand Post-refroidisseur d&rsquo;air comprim\u00e9 Pneumatique jusqu&rsquo;\u00e0 20 m\u00b3\/min<\/strong><\/p>\n<p>Post-refroidissement pneumatique puissant pour les grands syst\u00e8mes d&rsquo;air comprim\u00e9<\/p>\n<p>Euromat fournit le refroidisseur d&rsquo;air comprim\u00e9 pneumatique jusqu&rsquo;\u00e0 20 m\u00b3\/min de la marque Ingersoll Rand, id\u00e9al pour les applications industrielles exigeantes avec de grands volumes d&rsquo;air comprim\u00e9. Ce refroidisseur secondaire sans entretien abaisse efficacement la temp\u00e9rature de l&rsquo;air comprim\u00e9 sans courant \u00e9lectrique, en s\u00e9parant efficacement l&rsquo;eau de condensation. Cela permet d&rsquo;\u00e9viter les probl\u00e8mes d&rsquo;humidit\u00e9, de prot\u00e9ger la tuyauterie et l&rsquo;\u00e9quipement et de garantir une qualit\u00e9 stable de l&rsquo;air comprim\u00e9.<\/p>\n<p>Gr\u00e2ce \u00e0 son fonctionnement pneumatique, ce refroidisseur est parfait pour une utilisation dans des endroits d\u00e9pourvus d&rsquo;\u00e9lectricit\u00e9, tels que les zones dangereuses, les chantiers de construction et les lieux de travail \u00e9loign\u00e9s. Gr\u00e2ce \u00e0 sa conception robuste et \u00e0 sa facilit\u00e9 d&rsquo;installation, ce refroidisseur secondaire convient aux installations d&rsquo;air comprim\u00e9 temporaires et permanentes.<\/p>\n<p><strong>Caract\u00e9ristiques principales :<\/strong><br \/>\n&#8211; Capacit\u00e9 de refroidissement : jusqu&rsquo;\u00e0 20 m\u00b3\/min, adapt\u00e9e aux grands syst\u00e8mes d&rsquo;air comprim\u00e9 industriels<br \/>\n&#8211; Fonctionnement pneumatique : sans \u00e9lectricit\u00e9, s\u00fbr dans les zones dangereuses et difficiles d&rsquo;acc\u00e8s<br \/>\n&#8211; S\u00e9paration efficace de l&rsquo;humidit\u00e9 : emp\u00eache la corrosion et les dysfonctionnements caus\u00e9s par l&rsquo;humidit\u00e9 dans les syst\u00e8mes d&rsquo;air comprim\u00e9<br \/>\n&#8211; Conception robuste et compacte : facile \u00e0 int\u00e9grer et n\u00e9cessitant peu d&rsquo;entretien<br \/>\n&#8211; Qualit\u00e9 Ingersoll Rand : marque de renom \u00e0 la fiabilit\u00e9 \u00e9prouv\u00e9e<\/p>\n<p><strong>Applications :<\/strong><br \/>\nCe refroidisseur d&rsquo;air comprim\u00e9 Euromat est largement utilis\u00e9 dans l&rsquo;industrie lourde, la construction, le dynamitage, l&rsquo;exploitation mini\u00e8re et toutes les situations o\u00f9 de grands volumes d&rsquo;air comprim\u00e9 sec sont essentiels.<\/p>\n<p><strong>Pourquoi choisir Euromat ?<\/strong><br \/>\nEuromat combine la qualit\u00e9 Ingersoll Rand avec un excellent service et une expertise technique. Nous proposons des conditions de location flexibles, une livraison rapide et une assistance sp\u00e9cialis\u00e9e pour garantir que votre syst\u00e8me d&rsquo;air comprim\u00e9 fonctionne toujours de mani\u00e8re optimale.<\/p>\n<p>\u2714\ufe0f Post-refroidisseurs Ingersoll Rand imm\u00e9diatement disponibles<br \/>\n\u2714\ufe0f Des conditions de location flexibles adapt\u00e9es \u00e0 votre projet<br \/>\n\u2714\ufe0f Assistance professionnelle et conseils techniques<\/p>\n<\/div><\/div><\/div><\/div><\/div><\/div><\/div><\/section>\n","protected":false},"excerpt":{"rendered":"<p>Louer un refroidisseur secondaire pneumatique \u00e0 air comprim\u00e9 Ingersoll Rand jusqu&rsquo;\u00e0 20 m\u00b3\/min ? Puissant, n\u00e9cessitant peu d&rsquo;entretien et enti\u00e8rement aliment\u00e9 par l&rsquo;air pour un refroidissement efficace sans alimentation \u00e9lectrique. Id\u00e9al pour l&rsquo;industrie lourde, la construction, le dynamitage et les environnements explosifs.<\/p>\n","protected":false},"featured_media":2873,"template":"","meta":{"_acf_changed":false},"product_brand":[1415],"product_cat":[1359,1355,2912],"product_tag":[],"class_list":{"0":"post-6267","1":"product","2":"type-product","3":"status-publish","4":"has-post-thumbnail","6":"product_brand-ingersoll-rand","7":"product_cat-accessoires-compresseurs","8":"product_cat-compresseurs","9":"product_cat-refrigerants-dair","10":"pa_debiet-tot-20-m-min-fr","12":"first","13":"instock","14":"purchasable","15":"product-type-simple"},"acf":[],"_links":{"self":[{"href":"https:\/\/www.euromat.be\/fr\/wp-json\/wp\/v2\/product\/6267","targetHints":{"allow":["GET"]}}],"collection":[{"href":"https:\/\/www.euromat.be\/fr\/wp-json\/wp\/v2\/product"}],"about":[{"href":"https:\/\/www.euromat.be\/fr\/wp-json\/wp\/v2\/types\/product"}],"wp:featuredmedia":[{"embeddable":true,"href":"https:\/\/www.euromat.be\/fr\/wp-json\/wp\/v2\/media\/2873"}],"wp:attachment":[{"href":"https:\/\/www.euromat.be\/fr\/wp-json\/wp\/v2\/media?parent=6267"}],"wp:term":[{"taxonomy":"product_brand","embeddable":true,"href":"https:\/\/www.euromat.be\/fr\/wp-json\/wp\/v2\/product_brand?post=6267"},{"taxonomy":"product_cat","embeddable":true,"href":"https:\/\/www.euromat.be\/fr\/wp-json\/wp\/v2\/product_cat?post=6267"},{"taxonomy":"product_tag","embeddable":true,"href":"https:\/\/www.euromat.be\/fr\/wp-json\/wp\/v2\/product_tag?post=6267"}],"curies":[{"name":"wp","href":"https:\/\/api.w.org\/{rel}","templated":true}]}}