{"id":6268,"date":"2025-09-10T14:01:34","date_gmt":"2025-09-10T12:01:34","guid":{"rendered":"https:\/\/www.euromat.be\/product\/absorptiedroger-koud-geregenereerd-tot-1167-m3-min\/"},"modified":"2025-10-27T17:15:18","modified_gmt":"2025-10-27T16:15:18","slug":"secheur-a-absorption-d700-ila-40-ems-jusqua-1167-m3-min","status":"publish","type":"product","link":"https:\/\/www.euromat.be\/fr\/produit\/secheur-a-absorption-d700-ila-40-ems-jusqua-1167-m3-min\/","title":{"rendered":"S\u00e9cheur \u00e0 absorption D700 ILA-40 EMS jusqu&rsquo;\u00e0 11,67 m\u00b3\/min"},"content":{"rendered":"<section class=\"l-section wpb_row height_auto\"><div class=\"l-section-h i-cf\"><div class=\"g-cols vc_row via_flex valign_top type_default stacking_default\"><div class=\"vc_col-sm-12 wpb_column vc_column_container\"><div class=\"vc_column-inner\"><div class=\"wpb_wrapper\"><div class=\"wpb_text_column\"><div class=\"wpb_wrapper\"><p><strong>S\u00e9cheur \u00e0 absorption Ingersoll Rand R\u00e9g\u00e9n\u00e9r\u00e9 \u00e0 froid jusqu&rsquo;\u00e0 11,67 l\/min<\/strong><\/p>\n<p>S\u00e9chage fiable pour les applications critiques d&rsquo;air comprim\u00e9<\/p>\n<p>Pour les applications o\u00f9 un air comprim\u00e9 sec de haute qualit\u00e9 est essentiel, Euromat propose des s\u00e9cheurs \u00e0 absorption r\u00e9g\u00e9n\u00e9r\u00e9e \u00e0 froid d&rsquo;Ingersoll Rand, d&rsquo;une capacit\u00e9 maximale de 11,67 l\/min. Ces puissants s\u00e9cheurs industriels \u00e9liminent l&rsquo;humidit\u00e9 de l&rsquo;air comprim\u00e9 par adsorption, en utilisant un processus de r\u00e9g\u00e9n\u00e9ration \u00e0 froid qui est \u00e9conome en \u00e9nergie et assure un fonctionnement stable et constant. La solution pour ceux qui exigent une qualit\u00e9 optimale de l&rsquo;air comprim\u00e9 sans concession.<\/p>\n<p>Ce s\u00e9cheur par absorption \u00e0 r\u00e9g\u00e9n\u00e9ration \u00e0 froid est con\u00e7u pour les applications industrielles de taille moyenne, o\u00f9 un air comprim\u00e9 exempt d&rsquo;humidit\u00e9 peut \u00e9viter d&rsquo;endommager les \u00e9quipements ou les produits finis. Sa conception robuste et son fonctionnement fiable le rendent id\u00e9al pour les environnements de production \u00e0 long terme, les usines de traitement ou les applications d&rsquo;ing\u00e9nierie exigeantes.<\/p>\n<p><strong>Caract\u00e9ristiques principales :<\/strong><br \/>\n&#8211; Capacit\u00e9 : jusqu&rsquo;\u00e0 11,67 l\/min, adapt\u00e9e aux syst\u00e8mes d&rsquo;air comprim\u00e9 de taille moyenne<br \/>\n&#8211; Processus de r\u00e9g\u00e9n\u00e9ration \u00e0 froid : efficace sur le plan \u00e9nerg\u00e9tique, fiable et adapt\u00e9 \u00e0 un fonctionnement continu.<br \/>\n&#8211; S\u00e9chage en profondeur : point de ros\u00e9e tr\u00e8s bas pour un air comprim\u00e9 sec sans humidit\u00e9 r\u00e9siduelle<br \/>\n&#8211; Qualit\u00e9 industrielle : con\u00e7u pour une utilisation 24 heures sur 24 et 7 jours sur 7 dans des processus critiques<br \/>\n&#8211; Conception compacte : int\u00e9gration facile dans les syst\u00e8mes d&rsquo;air comprim\u00e9 existants<br \/>\n&#8211; La qualit\u00e9 Ingersoll Rand<\/p>\n<p><strong>Applications :<\/strong><br \/>\nCe s\u00e9cheur \u00e0 absorption r\u00e9g\u00e9n\u00e9r\u00e9e \u00e0 froid est parfait pour la production pharmaceutique, l&rsquo;industrie alimentaire, les processus chimiques, les laboratoires et d&rsquo;autres industries o\u00f9 l&rsquo;air comprim\u00e9 doit \u00eatre absolument sec.<\/p>\n<p><strong>Pourquoi choisir Euromat ?<\/strong><br \/>\nAvec Euromat, vous louez bien plus qu&rsquo;un s\u00e9cheur \u00e0 absorption. Vous avez acc\u00e8s \u00e0 une technologie fiable, \u00e0 des conseils professionnels et \u00e0 des solutions de location flexibles. Nos appareils sont parfaitement entretenus et pr\u00eats \u00e0 \u00eatre utilis\u00e9s imm\u00e9diatement.<\/p>\n<p>\u2714\ufe0f Location de s\u00e9cheurs \u00e0 absorption r\u00e9g\u00e9n\u00e9r\u00e9s \u00e0 froid jusqu&rsquo;\u00e0 11,67 l\/min<br \/>\n\u2714\ufe0f Temps de fonctionnement flexibles, livraison rapide<br \/>\n\u2714\ufe0f Assistance technique et installation par des sp\u00e9cialistes<\/p>\n<\/div><\/div><\/div><\/div><\/div><\/div><\/div><\/section>\n","protected":false},"excerpt":{"rendered":"<p>Louer un s\u00e9cheur \u00e0 absorption r\u00e9g\u00e9n\u00e9r\u00e9e \u00e0 froid Ingersoll Rand jusqu&rsquo;\u00e0 11,67 l\/min ? Efficace sur le plan \u00e9nerg\u00e9tique, compact et fiable pour l&rsquo;air comprim\u00e9 sec dans les applications critiques telles que l&rsquo;alimentation, la pharmacie et les produits chimiques.<\/p>\n","protected":false},"featured_media":3147,"template":"","meta":{"_acf_changed":false},"product_brand":[1415],"product_cat":[1359,1355,2913],"product_tag":[],"class_list":{"0":"post-6268","1":"product","2":"type-product","3":"status-publish","4":"has-post-thumbnail","6":"product_brand-ingersoll-rand","7":"product_cat-accessoires-compresseurs","8":"product_cat-compresseurs","9":"product_cat-secheurs-a-absorption","10":"pa_debiet-tot-11-670-l-min-fr","12":"first","13":"instock","14":"purchasable","15":"product-type-simple"},"acf":[],"_links":{"self":[{"href":"https:\/\/www.euromat.be\/fr\/wp-json\/wp\/v2\/product\/6268","targetHints":{"allow":["GET"]}}],"collection":[{"href":"https:\/\/www.euromat.be\/fr\/wp-json\/wp\/v2\/product"}],"about":[{"href":"https:\/\/www.euromat.be\/fr\/wp-json\/wp\/v2\/types\/product"}],"wp:featuredmedia":[{"embeddable":true,"href":"https:\/\/www.euromat.be\/fr\/wp-json\/wp\/v2\/media\/3147"}],"wp:attachment":[{"href":"https:\/\/www.euromat.be\/fr\/wp-json\/wp\/v2\/media?parent=6268"}],"wp:term":[{"taxonomy":"product_brand","embeddable":true,"href":"https:\/\/www.euromat.be\/fr\/wp-json\/wp\/v2\/product_brand?post=6268"},{"taxonomy":"product_cat","embeddable":true,"href":"https:\/\/www.euromat.be\/fr\/wp-json\/wp\/v2\/product_cat?post=6268"},{"taxonomy":"product_tag","embeddable":true,"href":"https:\/\/www.euromat.be\/fr\/wp-json\/wp\/v2\/product_tag?post=6268"}],"curies":[{"name":"wp","href":"https:\/\/api.w.org\/{rel}","templated":true}]}}