{"id":6269,"date":"2025-09-10T14:01:34","date_gmt":"2025-09-10T12:01:34","guid":{"rendered":"https:\/\/www.euromat.be\/product\/thermische-massa-droger\/"},"modified":"2025-09-11T11:36:08","modified_gmt":"2025-09-11T09:36:08","slug":"secheur-a-masse-thermique","status":"publish","type":"product","link":"https:\/\/www.euromat.be\/fr\/produit\/secheur-a-masse-thermique\/","title":{"rendered":"S\u00e9cheur \u00e0 masse thermique"},"content":{"rendered":"<section class=\"l-section wpb_row height_auto\"><div class=\"l-section-h i-cf\"><div class=\"g-cols vc_row via_flex valign_top type_default stacking_default\"><div class=\"vc_col-sm-12 wpb_column vc_column_container\"><div class=\"vc_column-inner\"><div class=\"wpb_wrapper\"><div class=\"wpb_text_column\"><div class=\"wpb_wrapper\"><p><strong>S\u00e9cheur \u00e0 masse thermique Ingersoll Edge<\/strong><\/p>\n<p>S\u00e9chage efficace avec des co\u00fbts \u00e9nerg\u00e9tiques minimaux<\/p>\n<p>Vous recherchez une solution durable et fiable pour le s\u00e9chage de l&rsquo;air comprim\u00e9 ? Le s\u00e9cheur \u00e0 masse thermique d&rsquo;Ingersoll Rand est sp\u00e9cialement con\u00e7u pour les applications industrielles o\u00f9 la stabilit\u00e9 des performances et l&rsquo;efficacit\u00e9 \u00e9nerg\u00e9tique sont essentielles. Gr\u00e2ce \u00e0 la technologie de la masse thermique, ce s\u00e9cheur assure un contr\u00f4le constant du point de ros\u00e9e et une faible consommation d&rsquo;\u00e9nergie, quelles que soient les fluctuations de la demande d&rsquo;air ou des conditions environnementales.<\/p>\n<p>Le fonctionnement innovant d&rsquo;un s\u00e9cheur \u00e0 masse thermique utilise le stockage de la chaleur pour s\u00e9cher l&rsquo;air comprim\u00e9 de mani\u00e8re contr\u00f4l\u00e9e. Il en r\u00e9sulte une consommation d&rsquo;\u00e9nergie inf\u00e9rieure \u00e0 celle des s\u00e9cheurs \u00e0 r\u00e9frig\u00e9ration ou \u00e0 adsorption traditionnels, sans sacrifier la qualit\u00e9 ou la fiabilit\u00e9.<\/p>\n<p><strong>Caract\u00e9ristiques principales :<\/strong><br \/>\n&#8211; Qualit\u00e9 constante de l&rsquo;air comprim\u00e9 : point de ros\u00e9e stable, m\u00eame avec des d\u00e9bits variables<br \/>\n&#8211; Efficacit\u00e9 \u00e9nerg\u00e9tique : consommation d&rsquo;\u00e9nergie r\u00e9duite gr\u00e2ce au contr\u00f4le de la masse thermique<br \/>\n&#8211; Conception n\u00e9cessitant peu d&rsquo;entretien : temps d&rsquo;arr\u00eat minimum, temps de fonctionnement maximum<br \/>\n&#8211; Application industrielle : id\u00e9ale pour les environnements de production et les usines de traitement<br \/>\n&#8211; D\u00e9ploiement imm\u00e9diat : Pr\u00eat \u00e0 \u00eatre utilis\u00e9 dans des installations temporaires ou permanentes<br \/>\n&#8211; La qualit\u00e9 Ingersoll Rand<\/p>\n<p><strong>Applications :<\/strong><br \/>\nLe s\u00e9cheur de masse thermique d&rsquo;Ingersoll Rand est refroidi \u00e0 l&rsquo;air, avec un \u00e9changeur de chaleur unique \u00e0 trois circuits, une d\u00e9charge temporis\u00e9e et un panneau de commande avanc\u00e9 avec indicateur de point de ros\u00e9e. Ce s\u00e9cheur \u00e0 masse thermique est parfait pour une utilisation dans l&rsquo;industrie g\u00e9n\u00e9rale, la production alimentaire, les produits pharmaceutiques, la transformation des plastiques et partout o\u00f9 un air comprim\u00e9 sec de haute qualit\u00e9 est essentiel et o\u00f9 les co\u00fbts \u00e9nerg\u00e9tiques doivent \u00eatre ma\u00eetris\u00e9s.<\/p>\n<p><strong>Pourquoi choisir Euromat ?<\/strong><br \/>\nEuromat fournit non seulement des \u00e9quipements de haute qualit\u00e9, mais aussi une tranquillit\u00e9 d&rsquo;esprit. Vous pouvez compter sur une livraison rapide, des conseils d&rsquo;experts et un \u00e9quipement bien entretenu, pr\u00eat \u00e0 \u00eatre utilis\u00e9 imm\u00e9diatement. Avec nos s\u00e9cheurs \u00e0 masse thermique, vous optez pour une technologie durable et un service fiable.<\/p>\n<p>\u2714\ufe0f Location de s\u00e9cheurs de masse thermique \u00e0 haut rendement \u00e9nerg\u00e9tique<br \/>\n\u2714\ufe0f D\u00e9lais flexibles et disponibilit\u00e9 rapide<br \/>\n\u2714\ufe0f Assistance technique et expertise d&rsquo;Euromat<\/p>\n<\/div><\/div><\/div><\/div><\/div><\/div><\/div><\/section>\n","protected":false},"excerpt":{"rendered":"<p>Location d&rsquo;un s\u00e9cheur \u00e0 masse thermique Ingersoll Rand ? Efficacit\u00e9 \u00e9nerg\u00e9tique, faible entretien et point de ros\u00e9e constant pour un s\u00e9chage fiable de l&rsquo;air comprim\u00e9. Id\u00e9al pour l&rsquo;industrie, l&rsquo;alimentation et les produits pharmaceutiques.<\/p>\n","protected":false},"featured_media":3153,"template":"","meta":{"_acf_changed":false},"product_brand":[1415],"product_cat":[1359,1355,2914],"product_tag":[],"class_list":{"0":"post-6269","1":"product","2":"type-product","3":"status-publish","4":"has-post-thumbnail","6":"product_brand-ingersoll-rand","7":"product_cat-accessoires-compresseurs","8":"product_cat-compresseurs","9":"product_cat-secheurs-a-masse-thermique","10":"pa_min-omgeving-temperatuur-2c-fr","11":"pa_temperatuur-luchtinlaat-60c-fr","13":"first","14":"instock","15":"purchasable","16":"product-type-simple"},"acf":[],"_links":{"self":[{"href":"https:\/\/www.euromat.be\/fr\/wp-json\/wp\/v2\/product\/6269","targetHints":{"allow":["GET"]}}],"collection":[{"href":"https:\/\/www.euromat.be\/fr\/wp-json\/wp\/v2\/product"}],"about":[{"href":"https:\/\/www.euromat.be\/fr\/wp-json\/wp\/v2\/types\/product"}],"wp:featuredmedia":[{"embeddable":true,"href":"https:\/\/www.euromat.be\/fr\/wp-json\/wp\/v2\/media\/3153"}],"wp:attachment":[{"href":"https:\/\/www.euromat.be\/fr\/wp-json\/wp\/v2\/media?parent=6269"}],"wp:term":[{"taxonomy":"product_brand","embeddable":true,"href":"https:\/\/www.euromat.be\/fr\/wp-json\/wp\/v2\/product_brand?post=6269"},{"taxonomy":"product_cat","embeddable":true,"href":"https:\/\/www.euromat.be\/fr\/wp-json\/wp\/v2\/product_cat?post=6269"},{"taxonomy":"product_tag","embeddable":true,"href":"https:\/\/www.euromat.be\/fr\/wp-json\/wp\/v2\/product_tag?post=6269"}],"curies":[{"name":"wp","href":"https:\/\/api.w.org\/{rel}","templated":true}]}}