{"id":6270,"date":"2025-09-10T14:01:34","date_gmt":"2025-09-10T12:01:34","guid":{"rendered":"https:\/\/www.euromat.be\/product\/waterafscheider-05-tot-125-m%c2%b3-min\/"},"modified":"2025-09-11T11:36:08","modified_gmt":"2025-09-11T09:36:08","slug":"separateur-deau-a-partir-de-05-jusqua-125-m%c2%b3-min","status":"publish","type":"product","link":"https:\/\/www.euromat.be\/fr\/produit\/separateur-deau-a-partir-de-05-jusqua-125-m%c2%b3-min\/","title":{"rendered":"S\u00e9parateur d&rsquo;eau \u00e0 partir de 0,5 jusqu&rsquo;\u00e0 125 m\u00b3\/min"},"content":{"rendered":"<section class=\"l-section wpb_row height_auto\"><div class=\"l-section-h i-cf\"><div class=\"g-cols vc_row via_flex valign_top type_default stacking_default\"><div class=\"vc_col-sm-12 wpb_column vc_column_container\"><div class=\"vc_column-inner\"><div class=\"wpb_wrapper\"><div class=\"wpb_text_column\"><div class=\"wpb_wrapper\"><p>Ce s\u00e9parateur d&rsquo;eau est la solution id\u00e9ale pour \u00e9liminer l&rsquo;humidit\u00e9 et la condensation de l&rsquo;air comprim\u00e9 \u00e0 des d\u00e9bits allant jusqu&rsquo;\u00e0 4 m\u00b3\/min. L&rsquo;ass\u00e8chement de l&rsquo;air comprim\u00e9 prolonge la dur\u00e9e de vie de vos outils et machines et \u00e9vite les dysfonctionnements pendant le travail. Compact et facile \u00e0 utiliser, il est id\u00e9al pour les applications l\u00e9g\u00e8res \u00e0 moyennes.<\/p>\n<p><strong>Caract\u00e9ristiques principales :<\/strong><\/p>\n<p>&#8211; Capacit\u00e9 : \u00e0 partir de 0,5 jusqu&rsquo;\u00e0 125 m\u00b3\/min, adapt\u00e9 \u00e0 la puissance en kW du compresseur<br \/>\n&#8211; \u00c9limination fiable de l&rsquo;humidit\u00e9 de l&rsquo;air comprim\u00e9<br \/>\n&#8211; Compact et convivial<br \/>\n&#8211; Convient aux applications de l&rsquo;industrie l\u00e9g\u00e8re et du b\u00e2timent<\/p>\n<p><strong>Applications :<\/strong><br \/>\nParfait pour le sablage, les petits projets de construction et les installations industrielles o\u00f9 l&rsquo;air comprim\u00e9 sec est important.<\/p>\n<\/div><\/div><\/div><\/div><\/div><\/div><\/div><\/section>\n","protected":false},"excerpt":{"rendered":"<p>Louer un s\u00e9parateur d&rsquo;eau \u00e0 partir de 0,5 jusqu&rsquo;\u00e0 125 m\u00b3\/min ? Compact et efficace &#8211; emp\u00eache l&rsquo;humidit\u00e9 dans l&rsquo;air comprim\u00e9 et prot\u00e8ge les outils et les machines.<\/p>\n","protected":false},"featured_media":3283,"template":"","meta":{"_acf_changed":false},"product_brand":[1415],"product_cat":[1359,1355,2915],"product_tag":[],"class_list":{"0":"post-6270","1":"product","2":"type-product","3":"status-publish","4":"has-post-thumbnail","6":"product_brand-ingersoll-rand","7":"product_cat-accessoires-compresseurs","8":"product_cat-compresseurs","9":"product_cat-separateurs-deau","10":"pa_debiet-vanaf-05-tot-125-m-min-fr","12":"first","13":"instock","14":"purchasable","15":"product-type-simple"},"acf":[],"_links":{"self":[{"href":"https:\/\/www.euromat.be\/fr\/wp-json\/wp\/v2\/product\/6270","targetHints":{"allow":["GET"]}}],"collection":[{"href":"https:\/\/www.euromat.be\/fr\/wp-json\/wp\/v2\/product"}],"about":[{"href":"https:\/\/www.euromat.be\/fr\/wp-json\/wp\/v2\/types\/product"}],"wp:featuredmedia":[{"embeddable":true,"href":"https:\/\/www.euromat.be\/fr\/wp-json\/wp\/v2\/media\/3283"}],"wp:attachment":[{"href":"https:\/\/www.euromat.be\/fr\/wp-json\/wp\/v2\/media?parent=6270"}],"wp:term":[{"taxonomy":"product_brand","embeddable":true,"href":"https:\/\/www.euromat.be\/fr\/wp-json\/wp\/v2\/product_brand?post=6270"},{"taxonomy":"product_cat","embeddable":true,"href":"https:\/\/www.euromat.be\/fr\/wp-json\/wp\/v2\/product_cat?post=6270"},{"taxonomy":"product_tag","embeddable":true,"href":"https:\/\/www.euromat.be\/fr\/wp-json\/wp\/v2\/product_tag?post=6270"}],"curies":[{"name":"wp","href":"https:\/\/api.w.org\/{rel}","templated":true}]}}