{"id":6271,"date":"2025-09-10T14:01:34","date_gmt":"2025-09-10T12:01:34","guid":{"rendered":"https:\/\/www.euromat.be\/product\/dh-filter-tot-5-m%c2%b3-min\/"},"modified":"2025-09-11T11:36:08","modified_gmt":"2025-09-11T09:36:08","slug":"filtre-dh-jusqua5-m%c2%b3-min","status":"publish","type":"product","link":"https:\/\/www.euromat.be\/fr\/produit\/filtre-dh-jusqua5-m%c2%b3-min\/","title":{"rendered":"Filtre DH jusqu&rsquo;\u00e05 m\u00b3\/min"},"content":{"rendered":"<section class=\"l-section wpb_row height_auto\"><div class=\"l-section-h i-cf\"><div class=\"g-cols vc_row via_flex valign_top type_default stacking_default\"><div class=\"vc_col-sm-12 wpb_column vc_column_container\"><div class=\"vc_column-inner\"><div class=\"wpb_wrapper\"><div class=\"wpb_text_column\"><div class=\"wpb_wrapper\"><p>Id\u00e9al pour les compresseurs ayant un d\u00e9bit allant jusqu&rsquo;\u00e0 5 m\u00b3\/min, ce filtre DH \u00e9limine de mani\u00e8re fiable l&rsquo;humidit\u00e9 et les impuret\u00e9s de l&rsquo;air comprim\u00e9. Il prolonge ainsi la dur\u00e9e de vie de vos outils et pr\u00e9vient les pannes. Il convient aux applications de l&rsquo;industrie l\u00e9g\u00e8re et de la construction pour lesquelles un air comprim\u00e9 propre et sec est essentiel.<\/p>\n<\/div><\/div><\/div><\/div><\/div><\/div><\/div><\/section>\n","protected":false},"excerpt":{"rendered":"<p>Location de filtres DH jusqu&rsquo;\u00e0 5 m\u00b3\/min ? Compact et efficace &#8211; pour un air comprim\u00e9 sec et propre dans les applications l\u00e9g\u00e8res.<\/p>\n","protected":false},"featured_media":2346,"template":"","meta":{"_acf_changed":false},"product_brand":[1415],"product_cat":[1359,1355,2916],"product_tag":[],"class_list":{"0":"post-6271","1":"product","2":"type-product","3":"status-publish","4":"has-post-thumbnail","6":"product_brand-ingersoll-rand","7":"product_cat-accessoires-compresseurs","8":"product_cat-compresseurs","9":"product_cat-filtres-dh","10":"pa_debiet-tot-5-m-min-fr","12":"first","13":"instock","14":"purchasable","15":"product-type-simple"},"acf":[],"_links":{"self":[{"href":"https:\/\/www.euromat.be\/fr\/wp-json\/wp\/v2\/product\/6271","targetHints":{"allow":["GET"]}}],"collection":[{"href":"https:\/\/www.euromat.be\/fr\/wp-json\/wp\/v2\/product"}],"about":[{"href":"https:\/\/www.euromat.be\/fr\/wp-json\/wp\/v2\/types\/product"}],"wp:featuredmedia":[{"embeddable":true,"href":"https:\/\/www.euromat.be\/fr\/wp-json\/wp\/v2\/media\/2346"}],"wp:attachment":[{"href":"https:\/\/www.euromat.be\/fr\/wp-json\/wp\/v2\/media?parent=6271"}],"wp:term":[{"taxonomy":"product_brand","embeddable":true,"href":"https:\/\/www.euromat.be\/fr\/wp-json\/wp\/v2\/product_brand?post=6271"},{"taxonomy":"product_cat","embeddable":true,"href":"https:\/\/www.euromat.be\/fr\/wp-json\/wp\/v2\/product_cat?post=6271"},{"taxonomy":"product_tag","embeddable":true,"href":"https:\/\/www.euromat.be\/fr\/wp-json\/wp\/v2\/product_tag?post=6271"}],"curies":[{"name":"wp","href":"https:\/\/api.w.org\/{rel}","templated":true}]}}