{"id":6272,"date":"2025-09-10T14:01:04","date_gmt":"2025-09-10T12:01:04","guid":{"rendered":"https:\/\/www.euromat.be\/product\/stationaire-compressor-75-kw\/"},"modified":"2025-10-02T11:11:44","modified_gmt":"2025-10-02T09:11:44","slug":"compresseur-stationnaire-75-kw","status":"publish","type":"product","link":"https:\/\/www.euromat.be\/fr\/produit\/compresseur-stationnaire-75-kw\/","title":{"rendered":"Compresseur stationnaire 7,5 kW"},"content":{"rendered":"<section class=\"l-section wpb_row height_auto\"><div class=\"l-section-h i-cf\"><div class=\"g-cols vc_row via_flex valign_top type_default stacking_default\"><div class=\"vc_col-sm-12 wpb_column vc_column_container\"><div class=\"vc_column-inner\"><div class=\"wpb_wrapper\"><div class=\"wpb_text_column\"><div class=\"wpb_wrapper\"><p><strong>Ingersoll Rand RSe7.5i &#8211; Compresseur \u00e0 vis de 7,5 kW<\/strong><\/p>\n<p>Puissance compacte, fiabilit\u00e9 maximale<\/p>\n<p>Le RSe7.5i d&rsquo;Ingersoll Rand fournit un air comprim\u00e9 fiable pour les applications de petite et moyenne taille. Avec une puissance de 7,5 kW et une pression de fonctionnement allant jusqu&rsquo;\u00e0 13 bars, ce compresseur compact offre d&rsquo;excellentes performances avec une faible consommation d&rsquo;\u00e9nergie, ce qui est id\u00e9al pour les ateliers et les processus industriels l\u00e9gers.<\/p>\n<p><strong>Caract\u00e9ristiques principales :<\/strong><br \/>\n&#8211; Puissance : 7,5 kW<br \/>\n&#8211; Pression de travail : 7,5-13 bar<br \/>\n&#8211; Vitesse fixe<br \/>\n&#8211; Conception compacte, facile \u00e0 installer<br \/>\n&#8211; Silencieux et \u00e9conome en \u00e9nergie<s><\/s><\/p>\n<p><strong>Louez votre compresseur \u00e0 vis chez Euromat<\/strong><br \/>\nAvec Euromat, vous optez pour des solutions de location flexibles, des tarifs transparents et une assistance directe par des professionnels. Louez un RSe7.5i fiable d\u00e8s aujourd&rsquo;hui et augmentez la productivit\u00e9 de votre atelier sans co\u00fbts d&rsquo;investissement importants.<\/p>\n<\/div><\/div><\/div><\/div><\/div><\/div><\/div><\/section>\n","protected":false},"excerpt":{"rendered":"<p>Louer un compresseur \u00e0 vis stationnaire ? Euromat propose des compresseurs Ingersoll Rand RSe7.5i fiables &#8211; compacts, silencieux et parfaits pour les petits ateliers.<\/p>\n","protected":false},"featured_media":3119,"template":"","meta":{"_acf_changed":false},"product_brand":[1415],"product_cat":[1355,2893,1358],"product_tag":[],"class_list":{"0":"post-6272","1":"product","2":"type-product","3":"status-publish","4":"has-post-thumbnail","6":"product_brand-ingersoll-rand","7":"product_cat-compresseurs","8":"product_cat-compresseurs-dair-a-vis","9":"product_cat-compresseurs-stationnaires","10":"pa_afmetingen-lxbxh-667x630x1050-mm-fr","11":"pa_debiet-083-085-m-min-fr","12":"pa_gewicht-225-kg-fr","13":"pa_nominale-capaciteit-75-kw-fr","14":"pa_spanning-volt-400-fr","15":"pa_werkdruk-75-13-bar-fr","17":"first","18":"instock","19":"purchasable","20":"product-type-simple"},"acf":[],"_links":{"self":[{"href":"https:\/\/www.euromat.be\/fr\/wp-json\/wp\/v2\/product\/6272","targetHints":{"allow":["GET"]}}],"collection":[{"href":"https:\/\/www.euromat.be\/fr\/wp-json\/wp\/v2\/product"}],"about":[{"href":"https:\/\/www.euromat.be\/fr\/wp-json\/wp\/v2\/types\/product"}],"wp:featuredmedia":[{"embeddable":true,"href":"https:\/\/www.euromat.be\/fr\/wp-json\/wp\/v2\/media\/3119"}],"wp:attachment":[{"href":"https:\/\/www.euromat.be\/fr\/wp-json\/wp\/v2\/media?parent=6272"}],"wp:term":[{"taxonomy":"product_brand","embeddable":true,"href":"https:\/\/www.euromat.be\/fr\/wp-json\/wp\/v2\/product_brand?post=6272"},{"taxonomy":"product_cat","embeddable":true,"href":"https:\/\/www.euromat.be\/fr\/wp-json\/wp\/v2\/product_cat?post=6272"},{"taxonomy":"product_tag","embeddable":true,"href":"https:\/\/www.euromat.be\/fr\/wp-json\/wp\/v2\/product_tag?post=6272"}],"curies":[{"name":"wp","href":"https:\/\/api.w.org\/{rel}","templated":true}]}}