{"id":6273,"date":"2025-09-10T14:01:04","date_gmt":"2025-09-10T12:01:04","guid":{"rendered":"https:\/\/www.euromat.be\/product\/stationaire-compressor-11-kw\/"},"modified":"2025-10-02T11:12:10","modified_gmt":"2025-10-02T09:12:10","slug":"compresseur-stationnaire-11-kw","status":"publish","type":"product","link":"https:\/\/www.euromat.be\/fr\/produit\/compresseur-stationnaire-11-kw\/","title":{"rendered":"Compresseur stationnaire 11 kW"},"content":{"rendered":"<section class=\"l-section wpb_row height_auto\"><div class=\"l-section-h i-cf\"><div class=\"g-cols vc_row via_flex valign_top type_default stacking_default\"><div class=\"vc_col-sm-12 wpb_column vc_column_container\"><div class=\"vc_column-inner\"><div class=\"wpb_wrapper\"><div class=\"wpb_text_column\"><div class=\"wpb_wrapper\"><p><strong>Ingersoll Rand RSe11i &#8211; Compresseur \u00e0 vis de 11 kW<\/strong><\/p>\n<p>Efficacit\u00e9 et fiabilit\u00e9 dans une solution compacte<\/p>\n<p>Le compresseur \u00e0 vis RSe11i d&rsquo;Ingersoll Rand combine une conception airend avanc\u00e9e avec un moteur de 11 kW, id\u00e9al pour les usines de fabrication et les ateliers qui ont besoin d&rsquo;un air comprim\u00e9 constant avec de faibles co\u00fbts de maintenance.<\/p>\n<p><strong>Caract\u00e9ristiques principales :<\/strong><br \/>\n&#8211; Puissance : 11 kW<br \/>\n&#8211; Pression de service : 7,5-13 bar<br \/>\n&#8211; Efficacit\u00e9 \u00e9nerg\u00e9tique \u00e9lev\u00e9e gr\u00e2ce \u00e0 un syst\u00e8me d&rsquo;entra\u00eenement optimis\u00e9<br \/>\n&#8211; Faible niveau sonore, conception n\u00e9cessitant peu d&rsquo;entretien<\/p>\n<p><strong>Louez votre compresseur \u00e0 vis chez Euromat<\/strong><br \/>\nEuromat offre une disponibilit\u00e9 rapide, des conseils professionnels et des conditions de location flexibles pour garantir que votre production se d\u00e9roule toujours de mani\u00e8re optimale.<\/p>\n<\/div><\/div><\/div><\/div><\/div><\/div><\/div><\/section>\n","protected":false},"excerpt":{"rendered":"<p>Louer un compresseur \u00e0 vis stationnaire ? Euromat propose des compresseurs Ingersoll Rand RSe11i efficaces &#8211; puissants, silencieux et id\u00e9aux pour les installations techniques.<\/p>\n","protected":false},"featured_media":3013,"template":"","meta":{"_acf_changed":false},"product_brand":[1415],"product_cat":[1355,2893,1358],"product_tag":[],"class_list":{"0":"post-6273","1":"product","2":"type-product","3":"status-publish","4":"has-post-thumbnail","6":"product_brand-ingersoll-rand","7":"product_cat-compresseurs","8":"product_cat-compresseurs-dair-a-vis","9":"product_cat-compresseurs-stationnaires","10":"pa_afmetingen-lxbxh-667x630x1050-mm-fr","11":"pa_debiet-126-131-m-min-fr","12":"pa_gewicht-235-kg-fr","13":"pa_nominale-capaciteit-11-kw-fr","14":"pa_spanning-volt-400-fr","15":"pa_werkdruk-75-13-bar-fr","17":"first","18":"instock","19":"purchasable","20":"product-type-simple"},"acf":[],"_links":{"self":[{"href":"https:\/\/www.euromat.be\/fr\/wp-json\/wp\/v2\/product\/6273","targetHints":{"allow":["GET"]}}],"collection":[{"href":"https:\/\/www.euromat.be\/fr\/wp-json\/wp\/v2\/product"}],"about":[{"href":"https:\/\/www.euromat.be\/fr\/wp-json\/wp\/v2\/types\/product"}],"wp:featuredmedia":[{"embeddable":true,"href":"https:\/\/www.euromat.be\/fr\/wp-json\/wp\/v2\/media\/3013"}],"wp:attachment":[{"href":"https:\/\/www.euromat.be\/fr\/wp-json\/wp\/v2\/media?parent=6273"}],"wp:term":[{"taxonomy":"product_brand","embeddable":true,"href":"https:\/\/www.euromat.be\/fr\/wp-json\/wp\/v2\/product_brand?post=6273"},{"taxonomy":"product_cat","embeddable":true,"href":"https:\/\/www.euromat.be\/fr\/wp-json\/wp\/v2\/product_cat?post=6273"},{"taxonomy":"product_tag","embeddable":true,"href":"https:\/\/www.euromat.be\/fr\/wp-json\/wp\/v2\/product_tag?post=6273"}],"curies":[{"name":"wp","href":"https:\/\/api.w.org\/{rel}","templated":true}]}}