{"id":6275,"date":"2025-09-10T14:01:04","date_gmt":"2025-09-10T12:01:04","guid":{"rendered":"https:\/\/www.euromat.be\/product\/stationaire-compressor-15-kw\/"},"modified":"2025-10-02T11:17:55","modified_gmt":"2025-10-02T09:17:55","slug":"compresseur-stationnaire-15-kw","status":"publish","type":"product","link":"https:\/\/www.euromat.be\/fr\/produit\/compresseur-stationnaire-15-kw\/","title":{"rendered":"Compresseur stationnaire 15 kW"},"content":{"rendered":"<section class=\"l-section wpb_row height_auto\"><div class=\"l-section-h i-cf\"><div class=\"g-cols vc_row via_flex valign_top type_default stacking_default\"><div class=\"vc_col-sm-12 wpb_column vc_column_container\"><div class=\"vc_column-inner\"><div class=\"wpb_wrapper\"><div class=\"wpb_text_column\"><div class=\"wpb_wrapper\"><p><strong>Ingersoll Rand RSe15i &#8211; Compresseur \u00e0 vis de 15 kW<\/strong><\/p>\n<p>Puissance et efficacit\u00e9 pour les entreprises en croissance<\/p>\n<p>Avec une puissance de 15 kW, le RSe15i est id\u00e9al pour les lignes de production de taille moyenne et les entreprises de transformation du bois et des m\u00e9taux. Ce compresseur robuste offre des performances constantes et minimise la consommation d&rsquo;\u00e9nergie.<\/p>\n<p><strong>Caract\u00e9ristiques principales :<\/strong><br \/>\n&#8211; Puissance : 15 kW<br \/>\n&#8211; Pression de travail : 7,5-13 bar<br \/>\n&#8211; Compact et facile \u00e0 entretenir<br \/>\n&#8211; Construction robuste pour une utilisation continue<br \/>\n&#8211; Contr\u00f4le intelligent via l&rsquo;\u00e9cran Xe-Pro<\/p>\n<p><strong>Louez votre compresseur \u00e0 vis chez Euromat<\/strong><br \/>\nProfitez de solutions de location flexibles sans soucis : avec Euromat, vous louez des compresseurs modernes et bien entretenus, y compris l&rsquo;assistance technique.<\/p>\n<\/div><\/div><\/div><\/div><\/div><\/div><\/div><\/section>\n","protected":false},"excerpt":{"rendered":"<p>Louer un compresseur \u00e0 vis stationnaire ? Euromat propose des compresseurs Ingersoll Rand RSe15i puissants, id\u00e9aux pour les ateliers de taille moyenne et la production.<\/p>\n","protected":false},"featured_media":3105,"template":"","meta":{"_acf_changed":false},"product_brand":[1415],"product_cat":[1355,2893,1358],"product_tag":[],"class_list":{"0":"post-6275","1":"product","2":"type-product","3":"status-publish","4":"has-post-thumbnail","6":"product_brand-ingersoll-rand","7":"product_cat-compresseurs","8":"product_cat-compresseurs-dair-a-vis","9":"product_cat-compresseurs-stationnaires","10":"pa_afmetingen-lxbxh-787x698x1202-mm-fr","11":"pa_debiet-167-179-m-min-fr","12":"pa_gewicht-365-kg-fr","13":"pa_nominale-capaciteit-15-kw-fr","14":"pa_spanning-volt-400-fr","15":"pa_werkdruk-75-13-bar-fr","17":"first","18":"instock","19":"purchasable","20":"product-type-simple"},"acf":[],"_links":{"self":[{"href":"https:\/\/www.euromat.be\/fr\/wp-json\/wp\/v2\/product\/6275","targetHints":{"allow":["GET"]}}],"collection":[{"href":"https:\/\/www.euromat.be\/fr\/wp-json\/wp\/v2\/product"}],"about":[{"href":"https:\/\/www.euromat.be\/fr\/wp-json\/wp\/v2\/types\/product"}],"wp:featuredmedia":[{"embeddable":true,"href":"https:\/\/www.euromat.be\/fr\/wp-json\/wp\/v2\/media\/3105"}],"wp:attachment":[{"href":"https:\/\/www.euromat.be\/fr\/wp-json\/wp\/v2\/media?parent=6275"}],"wp:term":[{"taxonomy":"product_brand","embeddable":true,"href":"https:\/\/www.euromat.be\/fr\/wp-json\/wp\/v2\/product_brand?post=6275"},{"taxonomy":"product_cat","embeddable":true,"href":"https:\/\/www.euromat.be\/fr\/wp-json\/wp\/v2\/product_cat?post=6275"},{"taxonomy":"product_tag","embeddable":true,"href":"https:\/\/www.euromat.be\/fr\/wp-json\/wp\/v2\/product_tag?post=6275"}],"curies":[{"name":"wp","href":"https:\/\/api.w.org\/{rel}","templated":true}]}}