{"id":6276,"date":"2025-09-10T14:01:04","date_gmt":"2025-09-10T12:01:04","guid":{"rendered":"https:\/\/www.euromat.be\/product\/stationaire-compressor-18-kw\/"},"modified":"2025-10-02T11:17:10","modified_gmt":"2025-10-02T09:17:10","slug":"compresseur-stationnaire-18-kw","status":"publish","type":"product","link":"https:\/\/www.euromat.be\/fr\/produit\/compresseur-stationnaire-18-kw\/","title":{"rendered":"Compresseur stationnaire 18 kW"},"content":{"rendered":"<section class=\"l-section wpb_row height_auto\"><div class=\"l-section-h i-cf\"><div class=\"g-cols vc_row via_flex valign_top type_default stacking_default\"><div class=\"vc_col-sm-12 wpb_column vc_column_container\"><div class=\"vc_column-inner\"><div class=\"wpb_wrapper\"><div class=\"wpb_text_column\"><div class=\"wpb_wrapper\"><p><strong>Ingersoll Rand RSe18i &#8211; Compresseur \u00e0 vis de 18 kW<\/strong><\/p>\n<p>Un air comprim\u00e9 fiable pour les applications exigeantes<\/p>\n<p>Le RSe18i d&rsquo;Ingersoll Rand offre un \u00e9quilibre parfait entre puissance et efficacit\u00e9 \u00e9nerg\u00e9tique. Ce compresseur de 18 kW est id\u00e9al pour les sites de production intensive o\u00f9 la fiabilit\u00e9 et les faibles co\u00fbts d&rsquo;exploitation sont des priorit\u00e9s.<\/p>\n<p><strong>Caract\u00e9ristiques principales :<\/strong><br \/>\n&#8211; Puissance : 18 kW<br \/>\n&#8211; Pression de travail : 7,5-13 bar<br \/>\n&#8211; Compact et silencieux<br \/>\n&#8211; Excellent pour une utilisation 24\/7<br \/>\n&#8211; Surveillance avanc\u00e9e via la plateforme Helix\u2122 (en option)<\/p>\n<p><strong>Louez votre compresseur \u00e0 vis chez Euromat<\/strong><br \/>\nAvec Euromat, vous choisissez un partenaire qui s&rsquo;engage sur la qualit\u00e9, la rapidit\u00e9 du service et le savoir-faire technique &#8211; louez en toute s\u00e9r\u00e9nit\u00e9 !<\/p>\n<\/div><\/div><\/div><\/div><\/div><\/div><\/div><\/section>\n","protected":false},"excerpt":{"rendered":"<p>Louer un compresseur \u00e0 vis stationnaire ? Euromat loue des compresseurs Ingersoll Rand RSe18i fiables &#8211; parfaits pour les applications intensives et l&rsquo;utilisation continue.<\/p>\n","protected":false},"featured_media":3039,"template":"","meta":{"_acf_changed":false},"product_brand":[1415],"product_cat":[1355,2893,1358],"product_tag":[],"class_list":{"0":"post-6276","1":"product","2":"type-product","3":"status-publish","4":"has-post-thumbnail","6":"product_brand-ingersoll-rand","7":"product_cat-compresseurs","8":"product_cat-compresseurs-dair-a-vis","9":"product_cat-compresseurs-stationnaires","10":"pa_afmetingen-lxbxh-767x664x1194-mm-fr","11":"pa_debiet-220-233-m-min-fr","12":"pa_gewicht-381-kg-fr","13":"pa_nominale-capaciteit-18-kw-fr","14":"pa_spanning-volt-380-400-fr","15":"pa_werkdruk-75-13-bar-fr","17":"first","18":"instock","19":"purchasable","20":"product-type-simple"},"acf":[],"_links":{"self":[{"href":"https:\/\/www.euromat.be\/fr\/wp-json\/wp\/v2\/product\/6276","targetHints":{"allow":["GET"]}}],"collection":[{"href":"https:\/\/www.euromat.be\/fr\/wp-json\/wp\/v2\/product"}],"about":[{"href":"https:\/\/www.euromat.be\/fr\/wp-json\/wp\/v2\/types\/product"}],"wp:featuredmedia":[{"embeddable":true,"href":"https:\/\/www.euromat.be\/fr\/wp-json\/wp\/v2\/media\/3039"}],"wp:attachment":[{"href":"https:\/\/www.euromat.be\/fr\/wp-json\/wp\/v2\/media?parent=6276"}],"wp:term":[{"taxonomy":"product_brand","embeddable":true,"href":"https:\/\/www.euromat.be\/fr\/wp-json\/wp\/v2\/product_brand?post=6276"},{"taxonomy":"product_cat","embeddable":true,"href":"https:\/\/www.euromat.be\/fr\/wp-json\/wp\/v2\/product_cat?post=6276"},{"taxonomy":"product_tag","embeddable":true,"href":"https:\/\/www.euromat.be\/fr\/wp-json\/wp\/v2\/product_tag?post=6276"}],"curies":[{"name":"wp","href":"https:\/\/api.w.org\/{rel}","templated":true}]}}