{"id":6277,"date":"2025-09-10T14:01:04","date_gmt":"2025-09-10T12:01:04","guid":{"rendered":"https:\/\/www.euromat.be\/product\/stationaire-compressor-22-kw\/"},"modified":"2025-10-02T11:19:13","modified_gmt":"2025-10-02T09:19:13","slug":"compresseur-stationnaire-22-kw","status":"publish","type":"product","link":"https:\/\/www.euromat.be\/fr\/produit\/compresseur-stationnaire-22-kw\/","title":{"rendered":"Compresseur stationnaire 22 kW"},"content":{"rendered":"<section class=\"l-section wpb_row height_auto\"><div class=\"l-section-h i-cf\"><div class=\"g-cols vc_row via_flex valign_top type_default stacking_default\"><div class=\"vc_col-sm-12 wpb_column vc_column_container\"><div class=\"vc_column-inner\"><div class=\"wpb_wrapper\"><div class=\"wpb_text_column\"><div class=\"wpb_wrapper\"><p><strong>Ingersoll Rand RSe22i &#8211; Compresseur \u00e0 vis de 22 kW<\/strong><\/p>\n<p>Performance professionnelle pour l&rsquo;industrie et la production<\/p>\n<p>Avec 22 kW, le RSe22i fournit des solutions d&rsquo;air comprim\u00e9 puissantes pour les grands ateliers et les environnements de production. La faible consommation d&rsquo;\u00e9nergie et les composants durables permettent non seulement de r\u00e9duire vos co\u00fbts, mais aussi d&rsquo;augmenter votre temps de fonctionnement.<\/p>\n<p><strong>Caract\u00e9ristiques principales :<\/strong><br \/>\n&#8211; Puissance : 22 kW<br \/>\n&#8211; Pression de travail : 7,5-13 bar<br \/>\n&#8211; D\u00e9bit \u00e9lev\u00e9 pour une efficacit\u00e9 maximale<br \/>\n&#8211; Installation Plug &amp; Play<\/p>\n<p><strong>Louez votre compresseur \u00e0 vis chez Euromat<\/strong><br \/>\nB\u00e9n\u00e9ficiez de formules de location flexibles, de tarifs comp\u00e9titifs et d&rsquo;une \u00e9quipe de sp\u00e9cialistes qui r\u00e9fl\u00e9chissent avec vous. Ainsi, votre projet reste toujours sous pression&#8230; dans le bon sens du terme.<\/p>\n<\/div><\/div><\/div><\/div><\/div><\/div><\/div><\/section>\n","protected":false},"excerpt":{"rendered":"<p>Louer un compresseur \u00e0 vis stationnaire ? Euromat propose des compresseurs Ingersoll Rand RSe22i durables &#8211; id\u00e9aux pour les environnements de production plus importants.<\/p>\n","protected":false},"featured_media":3069,"template":"","meta":{"_acf_changed":false},"product_brand":[1415],"product_cat":[1355,2893,1358],"product_tag":[],"class_list":{"0":"post-6277","1":"product","2":"type-product","3":"status-publish","4":"has-post-thumbnail","6":"product_brand-ingersoll-rand","7":"product_cat-compresseurs","8":"product_cat-compresseurs-dair-a-vis","9":"product_cat-compresseurs-stationnaires","10":"pa_afmetingen-lxbxh-787x664x1194-mm-fr","11":"pa_debiet-266-278-m-min-fr","12":"pa_gewicht-386-kg-fr","13":"pa_nominale-capaciteit-22-kw-fr","14":"pa_spanning-volt-400-fr","15":"pa_werkdruk-75-13-bar-fr","17":"first","18":"instock","19":"purchasable","20":"product-type-simple"},"acf":[],"_links":{"self":[{"href":"https:\/\/www.euromat.be\/fr\/wp-json\/wp\/v2\/product\/6277","targetHints":{"allow":["GET"]}}],"collection":[{"href":"https:\/\/www.euromat.be\/fr\/wp-json\/wp\/v2\/product"}],"about":[{"href":"https:\/\/www.euromat.be\/fr\/wp-json\/wp\/v2\/types\/product"}],"wp:featuredmedia":[{"embeddable":true,"href":"https:\/\/www.euromat.be\/fr\/wp-json\/wp\/v2\/media\/3069"}],"wp:attachment":[{"href":"https:\/\/www.euromat.be\/fr\/wp-json\/wp\/v2\/media?parent=6277"}],"wp:term":[{"taxonomy":"product_brand","embeddable":true,"href":"https:\/\/www.euromat.be\/fr\/wp-json\/wp\/v2\/product_brand?post=6277"},{"taxonomy":"product_cat","embeddable":true,"href":"https:\/\/www.euromat.be\/fr\/wp-json\/wp\/v2\/product_cat?post=6277"},{"taxonomy":"product_tag","embeddable":true,"href":"https:\/\/www.euromat.be\/fr\/wp-json\/wp\/v2\/product_tag?post=6277"}],"curies":[{"name":"wp","href":"https:\/\/api.w.org\/{rel}","templated":true}]}}