{"id":6278,"date":"2025-09-10T14:01:04","date_gmt":"2025-09-10T12:01:04","guid":{"rendered":"https:\/\/www.euromat.be\/product\/stationaire-compressor-30-kw\/"},"modified":"2025-10-02T11:20:21","modified_gmt":"2025-10-02T09:20:21","slug":"compresseur-stationnaire-30-kw","status":"publish","type":"product","link":"https:\/\/www.euromat.be\/fr\/produit\/compresseur-stationnaire-30-kw\/","title":{"rendered":"Compresseur stationnaire 30 kW"},"content":{"rendered":"<section class=\"l-section wpb_row height_auto\"><div class=\"l-section-h i-cf\"><div class=\"g-cols vc_row via_flex valign_top type_default stacking_default\"><div class=\"vc_col-sm-12 wpb_column vc_column_container\"><div class=\"vc_column-inner\"><div class=\"wpb_wrapper\"><div class=\"wpb_text_column\"><div class=\"wpb_wrapper\"><p><strong>Ingersoll Rand RSe30i &#8211; Compresseur \u00e0 vis de 30 kW<\/strong><\/p>\n<p>Capacit\u00e9 d&rsquo;air comprim\u00e9 industriel avec une conception compacte<\/p>\n<p>Le RSe30i d&rsquo;Ingersoll Rand est con\u00e7u pour les environnements de production de taille moyenne \u00e0 grande qui exigent continuit\u00e9, efficacit\u00e9 et fiabilit\u00e9. Ce compresseur \u00e0 vis de 30 kW fournit un d\u00e9bit puissant, tandis que sa conception compacte permet d&rsquo;\u00e9conomiser de l&rsquo;espace et du temps d&rsquo;installation. Id\u00e9al pour les entreprises pr\u00eates \u00e0 augmenter leur capacit\u00e9 sans sacrifier l&rsquo;efficacit\u00e9 \u00e9nerg\u00e9tique.<\/p>\n<p><strong>Caract\u00e9ristiques principales :<\/strong><br \/>\n&#8211; Puissance : 30 kW<br \/>\n&#8211; Pression de fonctionnement : 7,5-13 bar<br \/>\n&#8211; Rendement \u00e9lev\u00e9 gr\u00e2ce \u00e0 un ventilateur int\u00e9gr\u00e9 de pointe<br \/>\n&#8211; Silencieux et facile \u00e0 entretenir<\/p>\n<p><strong>Louez votre compresseur \u00e0 vis chez Euromat<\/strong><br \/>\nChoisissez la s\u00e9curit\u00e9 avec Euromat : des conseils professionnels, une livraison rapide et des compresseurs techniquement fiables. Gr\u00e2ce \u00e0 des formules de location flexibles, vous restez toujours ma\u00eetre de votre projet et de votre budget.<\/p>\n<\/div><\/div><\/div><\/div><\/div><\/div><\/div><\/section>\n","protected":false},"excerpt":{"rendered":"<p>Louer un compresseur \u00e0 vis stationnaire ? Euromat loue de puissants compresseurs Ingersoll Rand RSe30i &#8211; parfaits pour l&rsquo;industrie de taille moyenne et l&rsquo;approvisionnement en air efficace.<\/p>\n","protected":false},"featured_media":3063,"template":"","meta":{"_acf_changed":false},"product_brand":[1415],"product_cat":[1355,2893,1358],"product_tag":[],"class_list":{"0":"post-6278","1":"product","2":"type-product","3":"status-publish","4":"has-post-thumbnail","6":"product_brand-ingersoll-rand","7":"product_cat-compresseurs","8":"product_cat-compresseurs-dair-a-vis","9":"product_cat-compresseurs-stationnaires","10":"pa_afmetingen-lxbxh-1722x920x1659-mm-fr","11":"pa_debiet-481-549-m-min-fr","12":"pa_gewicht-925-kg-fr","13":"pa_nominale-capaciteit-30-kw-fr","14":"pa_spanning-volt-380-400-fr","15":"pa_werkdruk-75-13-bar-fr","17":"first","18":"instock","19":"purchasable","20":"product-type-simple"},"acf":[],"_links":{"self":[{"href":"https:\/\/www.euromat.be\/fr\/wp-json\/wp\/v2\/product\/6278","targetHints":{"allow":["GET"]}}],"collection":[{"href":"https:\/\/www.euromat.be\/fr\/wp-json\/wp\/v2\/product"}],"about":[{"href":"https:\/\/www.euromat.be\/fr\/wp-json\/wp\/v2\/types\/product"}],"wp:featuredmedia":[{"embeddable":true,"href":"https:\/\/www.euromat.be\/fr\/wp-json\/wp\/v2\/media\/3063"}],"wp:attachment":[{"href":"https:\/\/www.euromat.be\/fr\/wp-json\/wp\/v2\/media?parent=6278"}],"wp:term":[{"taxonomy":"product_brand","embeddable":true,"href":"https:\/\/www.euromat.be\/fr\/wp-json\/wp\/v2\/product_brand?post=6278"},{"taxonomy":"product_cat","embeddable":true,"href":"https:\/\/www.euromat.be\/fr\/wp-json\/wp\/v2\/product_cat?post=6278"},{"taxonomy":"product_tag","embeddable":true,"href":"https:\/\/www.euromat.be\/fr\/wp-json\/wp\/v2\/product_tag?post=6278"}],"curies":[{"name":"wp","href":"https:\/\/api.w.org\/{rel}","templated":true}]}}