{"id":6279,"date":"2025-09-10T14:01:04","date_gmt":"2025-09-10T12:01:04","guid":{"rendered":"https:\/\/www.euromat.be\/product\/stationaire-compressor-37-kw\/"},"modified":"2025-10-02T11:20:47","modified_gmt":"2025-10-02T09:20:47","slug":"compresseur-stationnaire-37-kw","status":"publish","type":"product","link":"https:\/\/www.euromat.be\/fr\/produit\/compresseur-stationnaire-37-kw\/","title":{"rendered":"Compresseur stationnaire 37 kW"},"content":{"rendered":"<section class=\"l-section wpb_row height_auto\"><div class=\"l-section-h i-cf\"><div class=\"g-cols vc_row via_flex valign_top type_default stacking_default\"><div class=\"vc_col-sm-12 wpb_column vc_column_container\"><div class=\"vc_column-inner\"><div class=\"wpb_wrapper\"><div class=\"wpb_text_column\"><div class=\"wpb_wrapper\"><p><strong>Ingersoll Rand RSe37i &#8211; Compresseur \u00e0 vis de 37 kW<\/strong><\/p>\n<p>Pour une production exigeante et une utilisation continue<\/p>\n<p>Le RSe37i est un v\u00e9ritable multitalent pour les applications industrielles o\u00f9 la continuit\u00e9, la fiabilit\u00e9 et l&rsquo;efficacit\u00e9 \u00e9nerg\u00e9tique sont essentielles. Avec une puissance de 37 kW et un d\u00e9bit d&rsquo;air optimis\u00e9, ce compresseur est parfait pour les installations moyennes \u00e0 grandes dans les industries manufacturi\u00e8res, alimentaires ou m\u00e9tallurgiques.<\/p>\n<p>&#8211; Puissance : 37 kW<br \/>\n&#8211; Pression de service : 7,5-13 bar<br \/>\n&#8211; Conception robuste avec bloc d&rsquo;air et moteur int\u00e9gr\u00e9s<br \/>\n&#8211; Silencieux, fiable et facile \u00e0 entretenir<\/p>\n<p><strong>Louez votre compresseur \u00e0 vis chez Euromat<\/strong><br \/>\nChez Euromat, vous louez des compresseurs puissants avec le service d&rsquo;un v\u00e9ritable partenaire : livraison rapide, location flexible et conseils professionnels inclus.<\/p>\n<\/div><\/div><\/div><\/div><\/div><\/div><\/div><\/section>\n","protected":false},"excerpt":{"rendered":"<p>Louer un compresseur \u00e0 vis stationnaire ? Euromat propose des compresseurs Ingersoll Rand RSe37i silencieux et robustes, id\u00e9aux pour une utilisation industrielle continue.<\/p>\n","protected":false},"featured_media":3073,"template":"","meta":{"_acf_changed":false},"product_brand":[1415],"product_cat":[1355,2893,1358],"product_tag":[],"class_list":{"0":"post-6279","1":"product","2":"type-product","3":"status-publish","4":"has-post-thumbnail","6":"product_brand-ingersoll-rand","7":"product_cat-compresseurs","8":"product_cat-compresseurs-dair-a-vis","9":"product_cat-compresseurs-stationnaires","10":"pa_afmetingen-lxbxh-1722x920x1659-mm-fr","11":"pa_debiet-527-684-m-min-fr","12":"pa_gewicht-952-kg-fr","13":"pa_nominale-capaciteit-37-kw-fr","14":"pa_spanning-volt-400-fr","15":"pa_werkdruk-75-13-bar-fr","17":"first","18":"instock","19":"purchasable","20":"product-type-simple"},"acf":[],"_links":{"self":[{"href":"https:\/\/www.euromat.be\/fr\/wp-json\/wp\/v2\/product\/6279","targetHints":{"allow":["GET"]}}],"collection":[{"href":"https:\/\/www.euromat.be\/fr\/wp-json\/wp\/v2\/product"}],"about":[{"href":"https:\/\/www.euromat.be\/fr\/wp-json\/wp\/v2\/types\/product"}],"wp:featuredmedia":[{"embeddable":true,"href":"https:\/\/www.euromat.be\/fr\/wp-json\/wp\/v2\/media\/3073"}],"wp:attachment":[{"href":"https:\/\/www.euromat.be\/fr\/wp-json\/wp\/v2\/media?parent=6279"}],"wp:term":[{"taxonomy":"product_brand","embeddable":true,"href":"https:\/\/www.euromat.be\/fr\/wp-json\/wp\/v2\/product_brand?post=6279"},{"taxonomy":"product_cat","embeddable":true,"href":"https:\/\/www.euromat.be\/fr\/wp-json\/wp\/v2\/product_cat?post=6279"},{"taxonomy":"product_tag","embeddable":true,"href":"https:\/\/www.euromat.be\/fr\/wp-json\/wp\/v2\/product_tag?post=6279"}],"curies":[{"name":"wp","href":"https:\/\/api.w.org\/{rel}","templated":true}]}}