{"id":6280,"date":"2025-09-10T14:01:04","date_gmt":"2025-09-10T12:01:04","guid":{"rendered":"https:\/\/www.euromat.be\/product\/stationaire-compressor-45-kw\/"},"modified":"2025-10-02T11:21:50","modified_gmt":"2025-10-02T09:21:50","slug":"compresseur-stationnaire-45-kw","status":"publish","type":"product","link":"https:\/\/www.euromat.be\/fr\/produit\/compresseur-stationnaire-45-kw\/","title":{"rendered":"Compresseur stationnaire 45 kW"},"content":{"rendered":"<section class=\"l-section wpb_row height_auto\"><div class=\"l-section-h i-cf\"><div class=\"g-cols vc_row via_flex valign_top type_default stacking_default\"><div class=\"vc_col-sm-12 wpb_column vc_column_container\"><div class=\"vc_column-inner\"><div class=\"wpb_wrapper\"><div class=\"wpb_text_column\"><div class=\"wpb_wrapper\"><p><strong>Ingersoll Rand RSe45i &#8211; Compresseur \u00e0 vis de 45 kW<\/strong><\/p>\n<p>Puissance \u00e9lev\u00e9e, faible consommation &#8211; pr\u00eat pour une utilisation industrielle intensive<\/p>\n<p>Le RSe45i d&rsquo;Ingersoll Rand offre de puissantes performances en mati\u00e8re d&rsquo;air comprim\u00e9 tout en mettant l&rsquo;accent sur l&rsquo;efficacit\u00e9 \u00e9nerg\u00e9tique et la fiabilit\u00e9 op\u00e9rationnelle. Ce compresseur \u00e0 vis de 45 kW est con\u00e7u pour des applications intensives et continues dans des environnements de production o\u00f9 chaque interruption est co\u00fbteuse. Gr\u00e2ce \u00e0 sa conception intelligente et \u00e0 ses composants de haute qualit\u00e9, il allie puissance et faibles co\u00fbts de maintenance.<\/p>\n<p><strong>Caract\u00e9ristiques principales :<\/strong><br \/>\n&#8211; Puissance : 45 kW<br \/>\n&#8211; Pression de travail : 7,5-13 bar<br \/>\n&#8211; Excellent rendement \u00e0 charge constante<br \/>\n&#8211; Compact et silencieux, malgr\u00e9 une puissance \u00e9lev\u00e9e<\/p>\n<p><strong>Louez votre compresseur \u00e0 vis chez Euromat<\/strong><br \/>\nFaites confiance \u00e0 Euromat pour des compresseurs puissants et bien entretenus et pour une assistance professionnelle sur mesure. Nos formules de location flexibles vous permettent de contr\u00f4ler vos co\u00fbts et votre approvisionnement en air.<\/p>\n<\/div><\/div><\/div><\/div><\/div><\/div><\/div><\/section>\n","protected":false},"excerpt":{"rendered":"<p>Louer un compresseur \u00e0 vis stationnaire ? Euromat loue des compresseurs Ingersoll Rand RSe45i fiables &#8211; des solutions puissantes pour des applications difficiles.<\/p>\n","protected":false},"featured_media":3083,"template":"","meta":{"_acf_changed":false},"product_brand":[1415],"product_cat":[1355,2893,1358],"product_tag":[],"class_list":{"0":"post-6280","1":"product","2":"type-product","3":"status-publish","4":"has-post-thumbnail","6":"product_brand-ingersoll-rand","7":"product_cat-compresseurs","8":"product_cat-compresseurs-dair-a-vis","9":"product_cat-compresseurs-stationnaires","10":"pa_afmetingen-lxbxh-1722x920x1659-mm-fr","11":"pa_debiet-616-793-m-min-fr","12":"pa_gewicht-974-kg-fr","13":"pa_nominale-capaciteit-45-kw-fr","14":"pa_spanning-volt-400-fr","15":"pa_werkdruk-75-13-bar-fr","17":"first","18":"instock","19":"purchasable","20":"product-type-simple"},"acf":[],"_links":{"self":[{"href":"https:\/\/www.euromat.be\/fr\/wp-json\/wp\/v2\/product\/6280","targetHints":{"allow":["GET"]}}],"collection":[{"href":"https:\/\/www.euromat.be\/fr\/wp-json\/wp\/v2\/product"}],"about":[{"href":"https:\/\/www.euromat.be\/fr\/wp-json\/wp\/v2\/types\/product"}],"wp:featuredmedia":[{"embeddable":true,"href":"https:\/\/www.euromat.be\/fr\/wp-json\/wp\/v2\/media\/3083"}],"wp:attachment":[{"href":"https:\/\/www.euromat.be\/fr\/wp-json\/wp\/v2\/media?parent=6280"}],"wp:term":[{"taxonomy":"product_brand","embeddable":true,"href":"https:\/\/www.euromat.be\/fr\/wp-json\/wp\/v2\/product_brand?post=6280"},{"taxonomy":"product_cat","embeddable":true,"href":"https:\/\/www.euromat.be\/fr\/wp-json\/wp\/v2\/product_cat?post=6280"},{"taxonomy":"product_tag","embeddable":true,"href":"https:\/\/www.euromat.be\/fr\/wp-json\/wp\/v2\/product_tag?post=6280"}],"curies":[{"name":"wp","href":"https:\/\/api.w.org\/{rel}","templated":true}]}}