{"id":6281,"date":"2025-09-10T14:01:04","date_gmt":"2025-09-10T12:01:04","guid":{"rendered":"https:\/\/www.euromat.be\/product\/stationaire-compressor-55-kw\/"},"modified":"2025-10-02T11:22:11","modified_gmt":"2025-10-02T09:22:11","slug":"compresseur-stationnaire-55-kw","status":"publish","type":"product","link":"https:\/\/www.euromat.be\/fr\/produit\/compresseur-stationnaire-55-kw\/","title":{"rendered":"Compresseur stationnaire 55 kW"},"content":{"rendered":"<section class=\"l-section wpb_row height_auto\"><div class=\"l-section-h i-cf\"><div class=\"g-cols vc_row via_flex valign_top type_default stacking_default\"><div class=\"vc_col-sm-12 wpb_column vc_column_container\"><div class=\"vc_column-inner\"><div class=\"wpb_wrapper\"><div class=\"wpb_text_column\"><div class=\"wpb_wrapper\"><p><strong>Ingersoll Rand RSe55i &#8211; Compresseur \u00e0 vis de 55 kW<\/strong><\/p>\n<p>Une force industrielle avec une efficacit\u00e9 optimis\u00e9e<\/p>\n<p>Le RSe55i est con\u00e7u pour les grandes installations fonctionnant jour et nuit. Ce compresseur de 55 kW fournit un d\u00e9bit d&rsquo;air constant avec des pertes d&rsquo;\u00e9nergie minimales, gr\u00e2ce \u00e0 un bloc d&rsquo;air avanc\u00e9, un moteur robuste et une s\u00e9lection intelligente des composants. Il est id\u00e9al pour les secteurs tels que la m\u00e9tallurgie, la plasturgie ou la production alimentaire.<\/p>\n<p><strong>Caract\u00e9ristiques principales :<\/strong><br \/>\n&#8211; Puissance : 55 kW<br \/>\n&#8211; Pression de travail : 7,5-13 bar<br \/>\n&#8211; Rendement \u00e9lev\u00e9 et faibles co\u00fbts d&rsquo;entretien<br \/>\n&#8211; Conception optimis\u00e9e pour un entretien facile<\/p>\n<p><strong>Louez votre compresseur \u00e0 vis chez Euromat<\/strong><br \/>\nAvec Euromat, vous louez des compresseurs de pointe en toute tranquillit\u00e9 : une livraison rapide, des conseils professionnels et des conditions de location flexibles font la diff\u00e9rence sur votre chantier ou dans votre production.<\/p>\n<\/div><\/div><\/div><\/div><\/div><\/div><\/div><\/section>\n","protected":false},"excerpt":{"rendered":"<p>Louer un compresseur \u00e0 vis stationnaire ? Euromat propose des compresseurs Ingersoll Rand RSe55i efficaces &#8211; id\u00e9aux pour les grandes productions et l&rsquo;industrie lourde.<\/p>\n","protected":false},"featured_media":3093,"template":"","meta":{"_acf_changed":false},"product_brand":[1415],"product_cat":[1355,2893,1358],"product_tag":[],"class_list":{"0":"post-6281","1":"product","2":"type-product","3":"status-publish","4":"has-post-thumbnail","6":"product_brand-ingersoll-rand","7":"product_cat-compresseurs","8":"product_cat-compresseurs-dair-a-vis","9":"product_cat-compresseurs-stationnaires","10":"pa_afmetingen-lxbxh-1958x1138x1857-mm-fr","11":"pa_debiet-941-1078-m-min-fr","12":"pa_gewicht-1430-kg-fr","13":"pa_nominale-capaciteit-55-kw-fr","14":"pa_spanning-volt-400-fr","15":"pa_werkdruk-75-10-bar-fr","17":"first","18":"instock","19":"purchasable","20":"product-type-simple"},"acf":[],"_links":{"self":[{"href":"https:\/\/www.euromat.be\/fr\/wp-json\/wp\/v2\/product\/6281","targetHints":{"allow":["GET"]}}],"collection":[{"href":"https:\/\/www.euromat.be\/fr\/wp-json\/wp\/v2\/product"}],"about":[{"href":"https:\/\/www.euromat.be\/fr\/wp-json\/wp\/v2\/types\/product"}],"wp:featuredmedia":[{"embeddable":true,"href":"https:\/\/www.euromat.be\/fr\/wp-json\/wp\/v2\/media\/3093"}],"wp:attachment":[{"href":"https:\/\/www.euromat.be\/fr\/wp-json\/wp\/v2\/media?parent=6281"}],"wp:term":[{"taxonomy":"product_brand","embeddable":true,"href":"https:\/\/www.euromat.be\/fr\/wp-json\/wp\/v2\/product_brand?post=6281"},{"taxonomy":"product_cat","embeddable":true,"href":"https:\/\/www.euromat.be\/fr\/wp-json\/wp\/v2\/product_cat?post=6281"},{"taxonomy":"product_tag","embeddable":true,"href":"https:\/\/www.euromat.be\/fr\/wp-json\/wp\/v2\/product_tag?post=6281"}],"curies":[{"name":"wp","href":"https:\/\/api.w.org\/{rel}","templated":true}]}}