{"id":6282,"date":"2025-09-10T14:01:04","date_gmt":"2025-09-10T12:01:04","guid":{"rendered":"https:\/\/www.euromat.be\/product\/stationaire-compressor-75-kw-2\/"},"modified":"2025-10-02T11:22:31","modified_gmt":"2025-10-02T09:22:31","slug":"compresseur-stationnaire-75-kw-2","status":"publish","type":"product","link":"https:\/\/www.euromat.be\/fr\/produit\/compresseur-stationnaire-75-kw-2\/","title":{"rendered":"Compresseur stationnaire 75 kW"},"content":{"rendered":"<section class=\"l-section wpb_row height_auto\"><div class=\"l-section-h i-cf\"><div class=\"g-cols vc_row via_flex valign_top type_default stacking_default\"><div class=\"vc_col-sm-12 wpb_column vc_column_container\"><div class=\"vc_column-inner\"><div class=\"wpb_wrapper\"><div class=\"wpb_text_column\"><div class=\"wpb_wrapper\"><p><strong>Ingersoll Rand RSe75i &#8211; Compresseur \u00e0 vis de 75 kW<\/strong><\/p>\n<p>Capacit\u00e9 maximale fiable pour une production non-stop<\/p>\n<p>Le RSe75i est la solution id\u00e9ale pour les entreprises qui ont besoin de grands volumes d&rsquo;air comprim\u00e9 au quotidien. Avec une puissance de 75 kW et un d\u00e9bit d&rsquo;air exceptionnellement \u00e9lev\u00e9, ce compresseur offre des performances exceptionnelles, m\u00eame \u00e0 forte charge. Gr\u00e2ce \u00e0 sa construction robuste et \u00e0 l&rsquo;int\u00e9gration intelligente des composants, il peut r\u00e9sister \u00e0 une utilisation \u00e0 long terme dans des environnements industriels difficiles.<\/p>\n<p><strong>Caract\u00e9ristiques importantes :<\/strong><br \/>\n&#8211; Puissance : 75 kW<br \/>\n&#8211; Pression de travail : 7,5-13 bar<br \/>\n&#8211; Convient pour une utilisation 24\/7<br \/>\n&#8211; Faible niveau sonore<br \/>\n&#8211; Efficacit\u00e9 \u00e9nerg\u00e9tique \u00e9lev\u00e9e gr\u00e2ce \u00e0 un syst\u00e8me d&rsquo;entra\u00eenement optimis\u00e9<\/p>\n<p><strong>Louez votre compresseur \u00e0 vis chez Euromat<\/strong><br \/>\nAvec Euromat, vous \u00eates assur\u00e9 de disposer d&rsquo;un compresseur fiable et performant, livr\u00e9 avec flexibilit\u00e9 et expertise. Louez en toute confiance et faites en sorte que vos processus se d\u00e9roulent sans surprise.<\/p>\n<\/div><\/div><\/div><\/div><\/div><\/div><\/div><\/section>\n","protected":false},"excerpt":{"rendered":"<p>Louer un compresseur \u00e0 vis stationnaire ? Euromat loue de puissants compresseurs Ingersoll Rand RSe75i &#8211; une performance maximale pour une production non-stop.<\/p>\n","protected":false},"featured_media":3099,"template":"","meta":{"_acf_changed":false},"product_brand":[1415],"product_cat":[1355,2893,1358],"product_tag":[],"class_list":{"0":"post-6282","1":"product","2":"type-product","3":"status-publish","4":"has-post-thumbnail","6":"product_brand-ingersoll-rand","7":"product_cat-compresseurs","8":"product_cat-compresseurs-dair-a-vis","9":"product_cat-compresseurs-stationnaires","10":"pa_afmetingen-lxbxh-1958x1138x1857-mm-fr","11":"pa_debiet-1088-1392-m-min-fr","12":"pa_gewicht-1520-kg-fr","13":"pa_nominale-capaciteit-75-kw-fr","14":"pa_spanning-volt-400-fr","15":"pa_werkdruk-75-13-bar-fr","17":"first","18":"instock","19":"purchasable","20":"product-type-simple"},"acf":[],"_links":{"self":[{"href":"https:\/\/www.euromat.be\/fr\/wp-json\/wp\/v2\/product\/6282","targetHints":{"allow":["GET"]}}],"collection":[{"href":"https:\/\/www.euromat.be\/fr\/wp-json\/wp\/v2\/product"}],"about":[{"href":"https:\/\/www.euromat.be\/fr\/wp-json\/wp\/v2\/types\/product"}],"wp:featuredmedia":[{"embeddable":true,"href":"https:\/\/www.euromat.be\/fr\/wp-json\/wp\/v2\/media\/3099"}],"wp:attachment":[{"href":"https:\/\/www.euromat.be\/fr\/wp-json\/wp\/v2\/media?parent=6282"}],"wp:term":[{"taxonomy":"product_brand","embeddable":true,"href":"https:\/\/www.euromat.be\/fr\/wp-json\/wp\/v2\/product_brand?post=6282"},{"taxonomy":"product_cat","embeddable":true,"href":"https:\/\/www.euromat.be\/fr\/wp-json\/wp\/v2\/product_cat?post=6282"},{"taxonomy":"product_tag","embeddable":true,"href":"https:\/\/www.euromat.be\/fr\/wp-json\/wp\/v2\/product_tag?post=6282"}],"curies":[{"name":"wp","href":"https:\/\/api.w.org\/{rel}","templated":true}]}}