{"id":6283,"date":"2025-09-10T14:01:04","date_gmt":"2025-09-10T12:01:04","guid":{"rendered":"https:\/\/www.euromat.be\/product\/stationaire-compressor-110-kw\/"},"modified":"2025-10-02T11:22:59","modified_gmt":"2025-10-02T09:22:59","slug":"compresseur-stationnaire-110-kw","status":"publish","type":"product","link":"https:\/\/www.euromat.be\/fr\/produit\/compresseur-stationnaire-110-kw\/","title":{"rendered":"Compresseur stationnaire 110 kW"},"content":{"rendered":"<section class=\"l-section wpb_row height_auto\"><div class=\"l-section-h i-cf\"><div class=\"g-cols vc_row via_flex valign_top type_default stacking_default\"><div class=\"vc_col-sm-12 wpb_column vc_column_container\"><div class=\"vc_column-inner\"><div class=\"wpb_wrapper\"><div class=\"wpb_text_column\"><div class=\"wpb_wrapper\"><p><strong>Ingersoll Rand RSe110i &#8211; Compresseur rotatif \u00e0 vis de 110 kW<\/strong><\/p>\n<p>Des performances maximales pour les industries exigeantes<\/p>\n<p>Le RSe110i est con\u00e7u pour les applications les plus difficiles dans les secteurs de la fabrication, de la transformation et de l&rsquo;industrie. Avec une puissance de 110 kW et un entra\u00eenement efficace et durable, ce compresseur offre des performances fiables jour et nuit. Le bloc d&rsquo;air en deux \u00e9tapes r\u00e9partit la pression, ce qui permet de r\u00e9duire la consommation d&rsquo;\u00e9nergie et l&rsquo;usure, m\u00eame en fonctionnement continu.<\/p>\n<p><strong>Caract\u00e9ristiques principales :<\/strong><br \/>\n&#8211; Puissance : 110 kW<br \/>\n&#8211; Pression de travail : 7,5-13 bar<br \/>\n&#8211; Compression en deux \u00e9tapes pour une efficacit\u00e9 sup\u00e9rieure<br \/>\n&#8211; Composants robustes, adapt\u00e9s \u00e0 un fonctionnement 24 heures sur 24 et 7 jours sur 7<\/p>\n<p><strong>Louez votre compresseur \u00e0 vis chez Euromat<\/strong><br \/>\nPour les applications industrielles lourdes, Euromat propose des centrales fiables, associ\u00e9es \u00e0 une assistance technique et \u00e0 des formules de location flexibles. Votre production est ainsi assur\u00e9e de rester sous pression.<\/p>\n<\/div><\/div><\/div><\/div><\/div><\/div><\/div><\/section>\n","protected":false},"excerpt":{"rendered":"<p>Louer un compresseur \u00e0 vis stationnaire ? Euromat loue des compresseurs Ingersoll Rand RSe110i &#8211; l&rsquo;efficacit\u00e9 ultime pour les installations industrielles.<\/p>\n","protected":false},"featured_media":3031,"template":"","meta":{"_acf_changed":false},"product_brand":[1415],"product_cat":[1355,2893,1358],"product_tag":[],"class_list":{"0":"post-6283","1":"product","2":"type-product","3":"status-publish","4":"has-post-thumbnail","6":"product_brand-ingersoll-rand","7":"product_cat-compresseurs","8":"product_cat-compresseurs-dair-a-vis","9":"product_cat-compresseurs-stationnaires","10":"pa_afmetingen-lxbxh-2290x1327x2039-mm-fr","11":"pa_debiet-1621-2146-m-min-fr","12":"pa_gewicht-2604-kg-fr","13":"pa_nominale-capaciteit-110-kw-fr","14":"pa_spanning-volt-400-fr","15":"pa_werkdruk-75-13-bar-fr","17":"first","18":"instock","19":"purchasable","20":"product-type-simple"},"acf":[],"_links":{"self":[{"href":"https:\/\/www.euromat.be\/fr\/wp-json\/wp\/v2\/product\/6283","targetHints":{"allow":["GET"]}}],"collection":[{"href":"https:\/\/www.euromat.be\/fr\/wp-json\/wp\/v2\/product"}],"about":[{"href":"https:\/\/www.euromat.be\/fr\/wp-json\/wp\/v2\/types\/product"}],"wp:featuredmedia":[{"embeddable":true,"href":"https:\/\/www.euromat.be\/fr\/wp-json\/wp\/v2\/media\/3031"}],"wp:attachment":[{"href":"https:\/\/www.euromat.be\/fr\/wp-json\/wp\/v2\/media?parent=6283"}],"wp:term":[{"taxonomy":"product_brand","embeddable":true,"href":"https:\/\/www.euromat.be\/fr\/wp-json\/wp\/v2\/product_brand?post=6283"},{"taxonomy":"product_cat","embeddable":true,"href":"https:\/\/www.euromat.be\/fr\/wp-json\/wp\/v2\/product_cat?post=6283"},{"taxonomy":"product_tag","embeddable":true,"href":"https:\/\/www.euromat.be\/fr\/wp-json\/wp\/v2\/product_tag?post=6283"}],"curies":[{"name":"wp","href":"https:\/\/api.w.org\/{rel}","templated":true}]}}