{"id":6284,"date":"2025-09-10T14:01:04","date_gmt":"2025-09-10T12:01:04","guid":{"rendered":"https:\/\/www.euromat.be\/product\/stationaire-compressor-132-kw\/"},"modified":"2025-10-02T11:23:44","modified_gmt":"2025-10-02T09:23:44","slug":"compresseur-stationnaire-132-kw","status":"publish","type":"product","link":"https:\/\/www.euromat.be\/fr\/produit\/compresseur-stationnaire-132-kw\/","title":{"rendered":"Compresseur stationnaire 132 kW"},"content":{"rendered":"<section class=\"l-section wpb_row height_auto\"><div class=\"l-section-h i-cf\"><div class=\"g-cols vc_row via_flex valign_top type_default stacking_default\"><div class=\"vc_col-sm-12 wpb_column vc_column_container\"><div class=\"vc_column-inner\"><div class=\"wpb_wrapper\"><div class=\"wpb_text_column\"><div class=\"wpb_wrapper\"><p><strong>Ingersoll Rand RSe132i &#8211; Compresseur \u00e0 vis de 132 kW<\/strong><\/p>\n<p>Air comprim\u00e9 haute performance pour la production \u00e0 grande \u00e9chelle<\/p>\n<p>Le RSe132i est une unit\u00e9 de puissance industrielle de 132 kW con\u00e7ue pour offrir des performances maximales dans des environnements de production exigeants. Gr\u00e2ce \u00e0 sa compression avanc\u00e9e en deux \u00e9tapes, \u00e0 son moteur \u00e9conome en \u00e9nergie et \u00e0 sa commande intelligente, ce compresseur offre un co\u00fbt jusqu&rsquo;\u00e0al de possession exceptionnellement bas, m\u00eame en fonctionnement continu.<\/p>\n<p><strong>Caract\u00e9ristiques principales :<\/strong><br \/>\n&#8211; Puissance : 132 kW<br \/>\n&#8211; Pression de travail : 7,5-13 bar<br \/>\n&#8211; Ventilateur efficace \u00e0 deux \u00e9tages avec moteur IE4 Premium<br \/>\n&#8211; Extr\u00eamement fiable pour les applications industrielles lourdes<\/p>\n<p><strong>Louez votre compresseur \u00e0 vis chez Euromat<\/strong><br \/>\nAvec Euromat, vous louez des compresseurs haut de gamme avec un service professionnel. Vous disposez non seulement d&rsquo;une machine puissante, mais aussi d&rsquo;une expertise, d&rsquo;une flexibilit\u00e9 et d&rsquo;un partenaire fiable \u00e0 vos c\u00f4t\u00e9s.<\/p>\n<\/div><\/div><\/div><\/div><\/div><\/div><\/div><\/section>\n","protected":false},"excerpt":{"rendered":"<p>Louer un compresseur \u00e0 vis stationnaire ? Euromat propose les puissants compresseurs Ingersoll Rand RSe132i, parfaits pour les applications industrielles \u00e0 grande \u00e9chelle.<\/p>\n","protected":false},"featured_media":3045,"template":"","meta":{"_acf_changed":false},"product_brand":[1415],"product_cat":[1355,2893,1358],"product_tag":[],"class_list":{"0":"post-6284","1":"product","2":"type-product","3":"status-publish","4":"has-post-thumbnail","6":"product_brand-ingersoll-rand","7":"product_cat-compresseurs","8":"product_cat-compresseurs-dair-a-vis","9":"product_cat-compresseurs-stationnaires","10":"pa_afmetingen-lxbxh-2290x1327x2039-mm-fr","11":"pa_debiet-1840-2470-m-min-fr","12":"pa_gewicht-2579-2655-kg-fr","13":"pa_nominale-capaciteit-132-kw-fr","14":"pa_spanning-volt-380-400-fr","15":"pa_werkdruk-75-13-bar-fr","17":"first","18":"instock","19":"purchasable","20":"product-type-simple"},"acf":[],"_links":{"self":[{"href":"https:\/\/www.euromat.be\/fr\/wp-json\/wp\/v2\/product\/6284","targetHints":{"allow":["GET"]}}],"collection":[{"href":"https:\/\/www.euromat.be\/fr\/wp-json\/wp\/v2\/product"}],"about":[{"href":"https:\/\/www.euromat.be\/fr\/wp-json\/wp\/v2\/types\/product"}],"wp:featuredmedia":[{"embeddable":true,"href":"https:\/\/www.euromat.be\/fr\/wp-json\/wp\/v2\/media\/3045"}],"wp:attachment":[{"href":"https:\/\/www.euromat.be\/fr\/wp-json\/wp\/v2\/media?parent=6284"}],"wp:term":[{"taxonomy":"product_brand","embeddable":true,"href":"https:\/\/www.euromat.be\/fr\/wp-json\/wp\/v2\/product_brand?post=6284"},{"taxonomy":"product_cat","embeddable":true,"href":"https:\/\/www.euromat.be\/fr\/wp-json\/wp\/v2\/product_cat?post=6284"},{"taxonomy":"product_tag","embeddable":true,"href":"https:\/\/www.euromat.be\/fr\/wp-json\/wp\/v2\/product_tag?post=6284"}],"curies":[{"name":"wp","href":"https:\/\/api.w.org\/{rel}","templated":true}]}}