{"id":6286,"date":"2025-09-10T14:01:04","date_gmt":"2025-09-10T12:01:04","guid":{"rendered":"https:\/\/www.euromat.be\/product\/stationaire-compressor-160-kw\/"},"modified":"2025-10-02T11:24:28","modified_gmt":"2025-10-02T09:24:28","slug":"compresseur-stationnaire-160-kw","status":"publish","type":"product","link":"https:\/\/www.euromat.be\/fr\/produit\/compresseur-stationnaire-160-kw\/","title":{"rendered":"Compresseur stationnaire 160 kW"},"content":{"rendered":"<section class=\"l-section wpb_row height_auto\"><div class=\"l-section-h i-cf\"><div class=\"g-cols vc_row via_flex valign_top type_default stacking_default\"><div class=\"vc_col-sm-12 wpb_column vc_column_container\"><div class=\"vc_column-inner\"><div class=\"wpb_wrapper\"><div class=\"wpb_text_column\"><div class=\"wpb_wrapper\"><p><strong>Ingersoll Rand RSe160i &#8211; Compresseur \u00e0 vis de 160 kW<\/strong><\/p>\n<p>Des performances optimales pour les d\u00e9fis industriels les plus difficiles<\/p>\n<p>Le RSe160i d&rsquo;Ingersoll Rand est le fleuron de la s\u00e9rie RSe : un compresseur \u00e0 vis robuste de 160 kW qui offre des performances optimales dans les processus industriels exigeants, 24 heures sur 24 et 7 jours sur 7. \u00c9quip\u00e9 d&rsquo;un puissant bloc d&rsquo;air \u00e0 deux \u00e9tages et d&rsquo;un moteur IE4 de premi\u00e8re qualit\u00e9, il garantit un d\u00e9bit d&rsquo;air maximal, une usure minimale et une consommation d&rsquo;\u00e9nergie exceptionnellement faible.<\/p>\n<p><strong>Caract\u00e9ristiques principales :<\/strong><br \/>\n&#8211; Puissance : 160 kW<br \/>\n&#8211; Pression de travail : 7,5-13 bar<br \/>\n&#8211; Compression en deux \u00e9tapes pour une efficacit\u00e9 et une durabilit\u00e9 maximales<br \/>\n&#8211; Convient aux secteurs lourds tels que l&rsquo;exploitation mini\u00e8re, le ciment et la p\u00e9trochimie<\/p>\n<p><strong>Louez votre compresseur \u00e0 vis chez Euromat<\/strong><br \/>\nPour les applications industrielles les plus difficiles, Euromat propose non seulement des compresseurs puissants, mais aussi une assistance technique, une livraison rapide et des solutions de location flexibles. Votre production continue, quelle que soit l&rsquo;ampleur ou l&rsquo;intensit\u00e9 du travail.<\/p>\n<\/div><\/div><\/div><\/div><\/div><\/div><\/div><\/section>\n","protected":false},"excerpt":{"rendered":"<p>Louer un compresseur \u00e0 vis stationnaire ? Euromat loue des compresseurs Ingersoll Rand RSe160i robustes, con\u00e7us pour relever les d\u00e9fis industriels les plus difficiles.<\/p>\n","protected":false},"featured_media":3053,"template":"","meta":{"_acf_changed":false},"product_brand":[1415],"product_cat":[1355,2893,1358],"product_tag":[],"class_list":{"0":"post-6286","1":"product","2":"type-product","3":"status-publish","4":"has-post-thumbnail","6":"product_brand-ingersoll-rand","7":"product_cat-compresseurs","8":"product_cat-compresseurs-dair-a-vis","9":"product_cat-compresseurs-stationnaires","10":"pa_afmetingen-lxbxh-2907x207x2193-mm-fr","11":"pa_debiet-2393-3185-m-min-fr","12":"pa_gewicht-4378-kg-fr","13":"pa_nominale-capaciteit-160-kw-fr","14":"pa_spanning-volt-380-400-fr","15":"pa_werkdruk-75-13-bar-fr","17":"first","18":"instock","19":"purchasable","20":"product-type-simple"},"acf":[],"_links":{"self":[{"href":"https:\/\/www.euromat.be\/fr\/wp-json\/wp\/v2\/product\/6286","targetHints":{"allow":["GET"]}}],"collection":[{"href":"https:\/\/www.euromat.be\/fr\/wp-json\/wp\/v2\/product"}],"about":[{"href":"https:\/\/www.euromat.be\/fr\/wp-json\/wp\/v2\/types\/product"}],"wp:featuredmedia":[{"embeddable":true,"href":"https:\/\/www.euromat.be\/fr\/wp-json\/wp\/v2\/media\/3053"}],"wp:attachment":[{"href":"https:\/\/www.euromat.be\/fr\/wp-json\/wp\/v2\/media?parent=6286"}],"wp:term":[{"taxonomy":"product_brand","embeddable":true,"href":"https:\/\/www.euromat.be\/fr\/wp-json\/wp\/v2\/product_brand?post=6286"},{"taxonomy":"product_cat","embeddable":true,"href":"https:\/\/www.euromat.be\/fr\/wp-json\/wp\/v2\/product_cat?post=6286"},{"taxonomy":"product_tag","embeddable":true,"href":"https:\/\/www.euromat.be\/fr\/wp-json\/wp\/v2\/product_tag?post=6286"}],"curies":[{"name":"wp","href":"https:\/\/api.w.org\/{rel}","templated":true}]}}