{"id":6287,"date":"2025-09-10T14:01:04","date_gmt":"2025-09-10T12:01:04","guid":{"rendered":"https:\/\/www.euromat.be\/product\/stationaire-compressor-22-15-kw-2\/"},"modified":"2025-10-02T11:18:28","modified_gmt":"2025-10-02T09:18:28","slug":"compresseur-stationnaire-22-15-kw-2","status":"publish","type":"product","link":"https:\/\/www.euromat.be\/fr\/produit\/compresseur-stationnaire-22-15-kw-2\/","title":{"rendered":"Compresseur stationnaire 2,2 &#8211; 15 kW"},"content":{"rendered":"<section class=\"l-section wpb_row height_auto\"><div class=\"l-section-h i-cf\"><div class=\"g-cols vc_row via_flex valign_top type_default stacking_default\"><div class=\"vc_col-sm-12 wpb_column vc_column_container\"><div class=\"vc_column-inner\"><div class=\"wpb_wrapper\"><div class=\"wpb_text_column\"><div class=\"wpb_wrapper\"><p><strong>Compresseur \u00e0 vis ELGi 2,2-15 kW<\/strong><\/p>\n<p>Compresseur \u00e0 vis compact et \u00e9conome en \u00e9nergie pour la petite industrie et les ateliers<\/p>\n<p>Le compresseur \u00e0 vis ELGi 2,2-15 kW est un compresseur industriel fiable et silencieux con\u00e7u pour les ateliers de petite et moyenne taille et les environnements de production. Gr\u00e2ce \u00e0 sa conception compacte et int\u00e9gr\u00e9e, ce compresseur \u00e0 vis lubrifi\u00e9 \u00e0 l&rsquo;huile est facile \u00e0 installer et \u00e0 entretenir. Dot\u00e9 d&rsquo;un moteur \u00e9conome en \u00e9nergie et de blocs de vis ELGi brevet\u00e9s, ce compresseur offre un d\u00e9bit d&rsquo;air optimal avec une faible consommation d&rsquo;\u00e9nergie, ce qui est id\u00e9al pour un fonctionnement continu dans des conditions exigeantes.<\/p>\n<p><strong>Caract\u00e9ristiques principales :<\/strong><br \/>\n&#8211; Puissance : 2,2 &#8211; 15 kW, adapt\u00e9e \u00e0 diverses applications industrielles<br \/>\n&#8211; D\u00e9bit d&rsquo;air : 0,26 &#8211; 2,05 m\u00b3\/min, air comprim\u00e9 fiable pour les ateliers et l&rsquo;industrie l\u00e9g\u00e8re<br \/>\n&#8211; Tension : 400 V &#8211; r\u00e9seau industriel standard<br \/>\n&#8211; Conception compacte int\u00e9gr\u00e9e : tous les composants essentiels dans un seul bo\u00eetier facile \u00e0 entretenir<br \/>\n&#8211; Efficacit\u00e9 \u00e9nerg\u00e9tique : le bloc-vis avanc\u00e9 d&rsquo;ELGi avec des rotors \u00e0 profil \u03b7-V pour des performances optimales et une faible consommation d&rsquo;\u00e9nergie.<br \/>\n&#8211; Fonctionnement silencieux : niveau de bruit r\u00e9duit pour un environnement de travail confortable.<\/p>\n<p><strong>Applications :<\/strong><br \/>\nParfait pour les petites industries, les ateliers techniques et les entreprises de fabrication \u00e0 la recherche d&rsquo;un compresseur \u00e0 vis fiable, efficace et \u00e9conome en \u00e9nergie.<\/p>\n<p><strong>Pourquoi choisir Euromat ?<br \/>\nEuromat offre une livraison rapide, des conseils d&rsquo;experts et un excellent service pour les compresseurs ELGi dans toute la Belgique.<br \/>\n\u2714\ufe0f Assistance technique compl\u00e8te et maintenance<br \/>\n\u2714\ufe0f Conseils sur mesure pour le bon compresseur \u00e0 vis<br \/>\n\u2714\ufe0f Options de livraison et contrats de service flexibles<\/strong><\/p>\n<\/div><\/div><\/div><\/div><\/div><\/div><\/div><\/section>\n","protected":false},"excerpt":{"rendered":"<p>Louer ou acheter un compresseur \u00e0 vis ELGi 2,2-15 kW ? Efficace sur le plan \u00e9nerg\u00e9tique, silencieux et compact avec un d\u00e9bit d&rsquo;air allant jusqu&rsquo;\u00e0 2,05 m\u00b3\/min. Id\u00e9al pour une utilisation continue dans les ateliers, les petites industries et les environnements de production.<\/p>\n","protected":false},"featured_media":6732,"template":"","meta":{"_acf_changed":false},"product_brand":[1405],"product_cat":[1355,2893,1358],"product_tag":[],"class_list":{"0":"post-6287","1":"product","2":"type-product","3":"status-publish","4":"has-post-thumbnail","6":"product_brand-elgi","7":"product_cat-compresseurs","8":"product_cat-compresseurs-dair-a-vis","9":"product_cat-compresseurs-stationnaires","10":"pa_afmetingen-lxbxh-afhankelijk-van-het-model-fr","11":"pa_debiet-026-205-m-min-fr","12":"pa_gewicht-143-305-kg-fr","13":"pa_model-elektrisch-oliegesmeerde-schroefcompressor-fr","14":"pa_nominale-capaciteit-2-2-15-kw-fr","15":"pa_spanning-volt-400-fr","16":"pa_werkdruk-75-125-bar-fr","18":"first","19":"instock","20":"purchasable","21":"product-type-simple"},"acf":[],"_links":{"self":[{"href":"https:\/\/www.euromat.be\/fr\/wp-json\/wp\/v2\/product\/6287","targetHints":{"allow":["GET"]}}],"collection":[{"href":"https:\/\/www.euromat.be\/fr\/wp-json\/wp\/v2\/product"}],"about":[{"href":"https:\/\/www.euromat.be\/fr\/wp-json\/wp\/v2\/types\/product"}],"wp:featuredmedia":[{"embeddable":true,"href":"https:\/\/www.euromat.be\/fr\/wp-json\/wp\/v2\/media\/6732"}],"wp:attachment":[{"href":"https:\/\/www.euromat.be\/fr\/wp-json\/wp\/v2\/media?parent=6287"}],"wp:term":[{"taxonomy":"product_brand","embeddable":true,"href":"https:\/\/www.euromat.be\/fr\/wp-json\/wp\/v2\/product_brand?post=6287"},{"taxonomy":"product_cat","embeddable":true,"href":"https:\/\/www.euromat.be\/fr\/wp-json\/wp\/v2\/product_cat?post=6287"},{"taxonomy":"product_tag","embeddable":true,"href":"https:\/\/www.euromat.be\/fr\/wp-json\/wp\/v2\/product_tag?post=6287"}],"curies":[{"name":"wp","href":"https:\/\/api.w.org\/{rel}","templated":true}]}}