{"id":6288,"date":"2025-09-10T14:01:04","date_gmt":"2025-09-10T12:01:04","guid":{"rendered":"https:\/\/www.euromat.be\/product\/stationaire-compressor-22-15-kw-airstation\/"},"modified":"2025-10-02T11:12:55","modified_gmt":"2025-10-02T09:12:55","slug":"compresseur-stationnaire-22-15-kw-airstation","status":"publish","type":"product","link":"https:\/\/www.euromat.be\/fr\/produit\/compresseur-stationnaire-22-15-kw-airstation\/","title":{"rendered":"Compresseur stationnaire 2,2 &#8211; 15 kW Airstation"},"content":{"rendered":"<section class=\"l-section wpb_row height_auto\"><div class=\"l-section-h i-cf\"><div class=\"g-cols vc_row via_flex valign_top type_default stacking_default\"><div class=\"vc_col-sm-12 wpb_column vc_column_container\"><div class=\"vc_column-inner\"><div class=\"wpb_wrapper\"><div class=\"wpb_text_column\"><div class=\"wpb_wrapper\"><p><strong>Compresseur \u00e0 vis ELGi 2,2 &#8211; 15 kW Aspiration<\/strong><\/p>\n<p>Syst\u00e8me d&rsquo;air comprim\u00e9 compact tout-en-un pour une utilisation imm\u00e9diate<\/p>\n<p>Vous recherchez une solution d&rsquo;air comprim\u00e9 pr\u00eate \u00e0 l&#8217;emploi et peu encombrante ? Le compresseur \u00e0 vis ELGi 2,2 &#8211; 15 kW Airstation int\u00e8gre un compresseur \u00e0 vis, un s\u00e9cheur d&rsquo;air et un r\u00e9servoir tampon dans une unit\u00e9 compacte. Cette solution pr\u00eate \u00e0 l&#8217;emploi est id\u00e9ale pour les entreprises qui souhaitent d\u00e9ployer rapidement un syst\u00e8me d&rsquo;air comprim\u00e9 fiable et sec, sans probl\u00e8me d&rsquo;installation.<\/p>\n<p><strong>Caract\u00e9ristiques principales :<\/strong><br \/>\n&#8211; Syst\u00e8me d&rsquo;air comprim\u00e9 int\u00e9gr\u00e9 : Compresseur \u00e0 vis, s\u00e9cheur d&rsquo;air et r\u00e9servoir tampon en une seule unit\u00e9 compacte<br \/>\n&#8211; Plage de puissance : 2,2 &#8211; 15 kW, adapt\u00e9e aux applications industrielles de petite et moyenne taille<br \/>\n&#8211; D\u00e9bit d&rsquo;air : 0,26 &#8211; 2,05 m\u00b3\/min &#8211; air comprim\u00e9 stable et fiable<br \/>\n&#8211; Tension : 400 V &#8211; convient aux r\u00e9seaux industriels standard<br \/>\n&#8211; Conception peu encombrante : espace d&rsquo;installation minimum requis, id\u00e9al pour les ateliers \u00e0 espace restreint<br \/>\n&#8211; Facilit\u00e9 d&rsquo;utilisation et d&rsquo;entretien : acc\u00e8s rapide \u00e0 tous les composants, peu d&rsquo;entretien n\u00e9cessaire<br \/>\n&#8211; Qualit\u00e9 d&rsquo;air fiable : le s\u00e9cheur d&rsquo;air int\u00e9gr\u00e9 garantit un air comprim\u00e9 sec et propre, essentiel pour les applications sensibles.<\/p>\n<p><strong>Applications :<\/strong><br \/>\nParfait pour les petites entreprises, les ateliers et les environnements industriels \u00e0 la recherche d&rsquo;une solution d&rsquo;air comprim\u00e9 compacte, efficace et fiable sans complexit\u00e9 d&rsquo;installation.<\/p>\n<p><strong>Pourquoi choisir Euromat ?<\/strong><br \/>\nEuromat ne se contente pas de fournir la station d&rsquo;a\u00e9ration \u00e0 compresseur \u00e0 vis ELGi de haute qualit\u00e9, mais assure \u00e9galement l&rsquo;installation et le service complets afin de garantir un fonctionnement optimal et sans souci.<\/p>\n<p>\u2714\ufe0f Livraison compl\u00e8te et installation professionnelle<br \/>\n\u2714\ufe0f Support technique expert dans toute la Belgique<br \/>\n\u2714\ufe0f Entretien et service sur mesure pour une fiabilit\u00e9 maximale<\/p>\n<\/div><\/div><\/div><\/div><\/div><\/div><\/div><\/section>\n","protected":false},"excerpt":{"rendered":"<p>Compresseur \u00e0 vis ELGi 2,2-15 kW Location ou achat d&rsquo;une station d&rsquo;\u00e9puration ? Solution tout-en-un avec compresseur, s\u00e9cheur d&rsquo;air et r\u00e9servoir tampon. Compacte, pr\u00eate \u00e0 l&#8217;emploi et id\u00e9ale pour les ateliers et les petites industries qui ont besoin rapidement d&rsquo;un air comprim\u00e9 fiable et sec.<\/p>\n","protected":false},"featured_media":3529,"template":"","meta":{"_acf_changed":false},"product_brand":[1405],"product_cat":[1355,2893,1358],"product_tag":[],"class_list":{"0":"post-6288","1":"product","2":"type-product","3":"status-publish","4":"has-post-thumbnail","6":"product_brand-elgi","7":"product_cat-compresseurs","8":"product_cat-compresseurs-dair-a-vis","9":"product_cat-compresseurs-stationnaires","10":"pa_afmetingen-lxbxh-afhankelijk-van-het-model-fr","11":"pa_debiet-026-205-m-min-fr","12":"pa_gewicht-143-305-kg-fr","13":"pa_model-elektrisch-oliegesmeerde-schroefcompressor-fr","14":"pa_nominale-capaciteit-2-2-15-kw-fr","15":"pa_spanning-volt-400-fr","16":"pa_werkdruk-75-125-bar-fr","18":"first","19":"instock","20":"purchasable","21":"product-type-simple"},"acf":[],"_links":{"self":[{"href":"https:\/\/www.euromat.be\/fr\/wp-json\/wp\/v2\/product\/6288","targetHints":{"allow":["GET"]}}],"collection":[{"href":"https:\/\/www.euromat.be\/fr\/wp-json\/wp\/v2\/product"}],"about":[{"href":"https:\/\/www.euromat.be\/fr\/wp-json\/wp\/v2\/types\/product"}],"wp:featuredmedia":[{"embeddable":true,"href":"https:\/\/www.euromat.be\/fr\/wp-json\/wp\/v2\/media\/3529"}],"wp:attachment":[{"href":"https:\/\/www.euromat.be\/fr\/wp-json\/wp\/v2\/media?parent=6288"}],"wp:term":[{"taxonomy":"product_brand","embeddable":true,"href":"https:\/\/www.euromat.be\/fr\/wp-json\/wp\/v2\/product_brand?post=6288"},{"taxonomy":"product_cat","embeddable":true,"href":"https:\/\/www.euromat.be\/fr\/wp-json\/wp\/v2\/product_cat?post=6288"},{"taxonomy":"product_tag","embeddable":true,"href":"https:\/\/www.euromat.be\/fr\/wp-json\/wp\/v2\/product_tag?post=6288"}],"curies":[{"name":"wp","href":"https:\/\/api.w.org\/{rel}","templated":true}]}}