{"id":6289,"date":"2025-09-10T14:01:04","date_gmt":"2025-09-10T12:01:04","guid":{"rendered":"https:\/\/www.euromat.be\/product\/stationaire-compressor-11-45-kw\/"},"modified":"2025-10-02T11:21:19","modified_gmt":"2025-10-02T09:21:19","slug":"compresseur-stationnaire-11-45-kw","status":"publish","type":"product","link":"https:\/\/www.euromat.be\/fr\/produit\/compresseur-stationnaire-11-45-kw\/","title":{"rendered":"Compresseur stationnaire 11 &#8211; 45 kW"},"content":{"rendered":"<section class=\"l-section wpb_row height_auto\"><div class=\"l-section-h i-cf\"><div class=\"g-cols vc_row via_flex valign_top type_default stacking_default\"><div class=\"vc_col-sm-12 wpb_column vc_column_container\"><div class=\"vc_column-inner\"><div class=\"wpb_wrapper\"><div class=\"wpb_text_column\"><div class=\"wpb_wrapper\"><p><strong>ELGi &#8211; Compresseur rotatif \u00e0 vis 11 &#8211; 45 kW<\/strong><\/p>\n<p>Source d&rsquo;air comprim\u00e9 puissante et efficace pour une utilisation industrielle continue<\/p>\n<p>Vous recherchez un compresseur \u00e0 vis fiable pour des applications industrielles exigeantes ? Le compresseur ELGi 11 &#8211; 45 kW offre un \u00e9quilibre parfait entre performance, efficacit\u00e9 \u00e9nerg\u00e9tique et durabilit\u00e9. Avec un d\u00e9bit d&rsquo;air allant jusqu&rsquo;\u00e0 8,78 m\u00b3\/min et une r\u00e9gulation de fr\u00e9quence avec des moteurs \u00e0 aimants permanents (meilleurs que IE5), ce compresseur s&rsquo;adapte automatiquement \u00e0 la demande d&rsquo;air. Il est id\u00e9al pour les entreprises de production soucieuses de continuit\u00e9 et d&rsquo;optimisation des co\u00fbts.<\/p>\n<p><strong>Caract\u00e9ristiques principales :<\/strong><br \/>\n&#8211; D\u00e9bit d&rsquo;air : 0,48 &#8211; 8,78 m\u00b3\/min &#8211; convient \u00e0 de nombreuses applications industrielles<br \/>\n&#8211; Puissance : 11 &#8211; 45 kW avec entra\u00eenement \u00e0 fr\u00e9quence contr\u00f4l\u00e9e \u00e9conome en \u00e9nergie<br \/>\n&#8211; Commande intelligente : contr\u00f4leur Neuron III pour une commande et une surveillance automatiques<br \/>\n&#8211; Bloc-vis efficace : rotors profil\u00e9s ELGi \u03b7-V pour un d\u00e9bit d&rsquo;air maximal avec une consommation minimale<br \/>\n&#8211; S\u00e9curit\u00e9 de fonctionnement \u00e9lev\u00e9e : fonctionnement stable \u00e0 des temp\u00e9ratures ambiantes allant jusqu&rsquo;\u00e0 45\u00b0C<\/p>\n<p><strong>Applications :<\/strong><br \/>\nConvient aux lignes de production, aux parcs de machines, aux centres d&rsquo;usinage et \u00e0 d&rsquo;autres environnements industriels o\u00f9 l&rsquo;air comprim\u00e9 est crucial.<\/p>\n<p><strong>Pourquoi choisir Euromat ?<\/strong><br \/>\n\u2714\ufe0f Livraison et installation rapides<br \/>\n\u2714\ufe0f Conseils techniques sur mesure<br \/>\n\u2714\ufe0f Entretien et maintenance par des professionnels<\/p>\n<\/div><\/div><\/div><\/div><\/div><\/div><\/div><\/section>\n","protected":false},"excerpt":{"rendered":"<p>Compresseur \u00e0 vis ELGi 11-45 kW &#8211; location ou achat ? Puissant, \u00e9conome en \u00e9nergie et avec un d\u00e9bit d&rsquo;air allant jusqu&rsquo;\u00e0 8,78 m\u00b3\/min gr\u00e2ce au moteur PM \u00e0 r\u00e9gulation de fr\u00e9quence. Id\u00e9al pour une utilisation industrielle continue dans les parcs de production et de machines.<\/p>\n","protected":false},"featured_media":3539,"template":"","meta":{"_acf_changed":false},"product_brand":[1405],"product_cat":[1355,2893,1358],"product_tag":[],"class_list":{"0":"post-6289","1":"product","2":"type-product","3":"status-publish","4":"has-post-thumbnail","6":"product_brand-elgi","7":"product_cat-compresseurs","8":"product_cat-compresseurs-dair-a-vis","9":"product_cat-compresseurs-stationnaires","10":"pa_afmetingen-lxbxh-afhankelijk-van-het-model-fr","11":"pa_debiet-048-878-m-min-fr","12":"pa_gewicht-582-5780-kg-fr","13":"pa_model-elektrisch-oliegesmeerde-schroefcompressor-fr","14":"pa_nominale-capaciteit-11-45-kw-fr","15":"pa_spanning-volt-400-fr","16":"pa_werkdruk-7-155-bar-fr","18":"first","19":"instock","20":"purchasable","21":"product-type-simple"},"acf":[],"_links":{"self":[{"href":"https:\/\/www.euromat.be\/fr\/wp-json\/wp\/v2\/product\/6289","targetHints":{"allow":["GET"]}}],"collection":[{"href":"https:\/\/www.euromat.be\/fr\/wp-json\/wp\/v2\/product"}],"about":[{"href":"https:\/\/www.euromat.be\/fr\/wp-json\/wp\/v2\/types\/product"}],"wp:featuredmedia":[{"embeddable":true,"href":"https:\/\/www.euromat.be\/fr\/wp-json\/wp\/v2\/media\/3539"}],"wp:attachment":[{"href":"https:\/\/www.euromat.be\/fr\/wp-json\/wp\/v2\/media?parent=6289"}],"wp:term":[{"taxonomy":"product_brand","embeddable":true,"href":"https:\/\/www.euromat.be\/fr\/wp-json\/wp\/v2\/product_brand?post=6289"},{"taxonomy":"product_cat","embeddable":true,"href":"https:\/\/www.euromat.be\/fr\/wp-json\/wp\/v2\/product_cat?post=6289"},{"taxonomy":"product_tag","embeddable":true,"href":"https:\/\/www.euromat.be\/fr\/wp-json\/wp\/v2\/product_tag?post=6289"}],"curies":[{"name":"wp","href":"https:\/\/api.w.org\/{rel}","templated":true}]}}