{"id":6290,"date":"2025-09-10T14:01:04","date_gmt":"2025-09-10T12:01:04","guid":{"rendered":"https:\/\/www.euromat.be\/product\/stationaire-compressor-11-110-kw\/"},"modified":"2025-10-02T11:23:22","modified_gmt":"2025-10-02T09:23:22","slug":"compresseur-stationnaire-11-110-kw","status":"publish","type":"product","link":"https:\/\/www.euromat.be\/fr\/produit\/compresseur-stationnaire-11-110-kw\/","title":{"rendered":"Compresseur stationnaire 11 &#8211; 110 kW"},"content":{"rendered":"<section class=\"l-section wpb_row height_auto\"><div class=\"l-section-h i-cf\"><div class=\"g-cols vc_row via_flex valign_top type_default stacking_default\"><div class=\"vc_col-sm-12 wpb_column vc_column_container\"><div class=\"vc_column-inner\"><div class=\"wpb_wrapper\"><div class=\"wpb_text_column\"><div class=\"wpb_wrapper\"><p><strong>Compresseur \u00e0 vis sans huile ELGi 11 &#8211; 110 kW &#8211; S\u00e9rie AB<\/strong><\/p>\n<p>Performance industrielle sans huile : fiable, propre et efficace<\/p>\n<p>Vous recherchez une solution puissante d&rsquo;air comprim\u00e9 sans huile pour des applications exigeantes ? La s\u00e9rie ELGi AB de compresseurs \u00e0 vis \u00e0 injection d&rsquo;eau de 11 \u00e0 110 kW associe un air comprim\u00e9 propre \u00e0 une efficacit\u00e9 \u00e9nerg\u00e9tique maximale. Gr\u00e2ce \u00e0 son syst\u00e8me de refroidissement avanc\u00e9, \u00e0 la conception brevet\u00e9e de sa vis et \u00e0 son fonctionnement silencieux, ce compresseur est id\u00e9al pour les entreprises o\u00f9 la fiabilit\u00e9, la continuit\u00e9 et les faibles co\u00fbts de consommation sont essentiels.<\/p>\n<p><strong>Caract\u00e9ristiques principales :<\/strong><br \/>\n&#8211; Sans huile et \u00e0 injection d&rsquo;eau : air comprim\u00e9 100 % sans huile, adapt\u00e9 aux applications critiques<br \/>\n&#8211; D\u00e9bit : 0,85 &#8211; 15,9 m\u00b3\/min \u00e0 400 V, disponible en plusieurs puissances.<br \/>\n&#8211; Efficacit\u00e9 \u00e9nerg\u00e9tique : la technologie de rotor \u03b7-V et les moteurs efficaces garantissent une faible consommation.<br \/>\n&#8211; Silencieux et robuste : bo\u00eetier isol\u00e9 acoustiquement, r\u00e9sistant \u00e0 un fonctionnement continu intensif<br \/>\n&#8211; Contr\u00f4le intelligent : contr\u00f4leur Neuron III avec messages d&rsquo;erreur, surveillance et affichage de l&rsquo;\u00e9tat.<br \/>\n&#8211; Maintenance ais\u00e9e : acc\u00e8s facile aux filtres et aux modules d&rsquo;entretien<\/p>\n<p><strong>Applications :<\/strong><br \/>\nParfait pour les secteurs o\u00f9 l&rsquo;air comprim\u00e9 sans huile est crucial, tels que l&rsquo;industrie alimentaire et les lignes d&#8217;emballage, la production pharmaceutique et m\u00e9dicale, le traitement des m\u00e9taux et du bois, les centres logistiques et les lignes de production automatis\u00e9es.<\/p>\n<p><strong>Pourquoi choisir Euromat ?<\/strong><br \/>\n\u2714\ufe0f Livraison et installation par nos techniciens<br \/>\n\u2714\ufe0f Des conseils adapt\u00e9s \u00e0 votre application<br \/>\n\u2714\ufe0f Service rapide et entretien professionnel<\/p>\n<\/div><\/div><\/div><\/div><\/div><\/div><\/div><\/section>\n","protected":false},"excerpt":{"rendered":"<p>Compresseur \u00e0 vis sans huile ELGi 11-110 kW s\u00e9rie AB louer ou acheter ? Air comprim\u00e9 100% sans huile, \u00e9conome en \u00e9nergie (0,85-15,9 m\u00b3\/min) avec un fonctionnement silencieux et une grande fiabilit\u00e9. Id\u00e9al pour les applications critiques dans l&rsquo;industrie, l&rsquo;agroalimentaire et la pharmacie.<\/p>\n","protected":false},"featured_media":3519,"template":"","meta":{"_acf_changed":false},"product_brand":[1405],"product_cat":[1355,2893,1358],"product_tag":[],"class_list":{"0":"post-6290","1":"product","2":"type-product","3":"status-publish","4":"has-post-thumbnail","6":"product_brand-elgi","7":"product_cat-compresseurs","8":"product_cat-compresseurs-dair-a-vis","9":"product_cat-compresseurs-stationnaires","10":"pa_afmetingen-lxbxh-afhankelijk-van-het-model-fr","11":"pa_debiet-048-878-m-min-fr","12":"pa_gewicht-1040-3625-kg-fr","13":"pa_model-elektrische-olievrije-schroefcompressoren-wateringejcteerde-fr","14":"pa_nominale-capaciteit-11-110-kw-fr","15":"pa_spanning-volt-400-fr","16":"pa_werkdruk-7-12-bar-fr","18":"first","19":"instock","20":"purchasable","21":"product-type-simple"},"acf":[],"_links":{"self":[{"href":"https:\/\/www.euromat.be\/fr\/wp-json\/wp\/v2\/product\/6290","targetHints":{"allow":["GET"]}}],"collection":[{"href":"https:\/\/www.euromat.be\/fr\/wp-json\/wp\/v2\/product"}],"about":[{"href":"https:\/\/www.euromat.be\/fr\/wp-json\/wp\/v2\/types\/product"}],"wp:featuredmedia":[{"embeddable":true,"href":"https:\/\/www.euromat.be\/fr\/wp-json\/wp\/v2\/media\/3519"}],"wp:attachment":[{"href":"https:\/\/www.euromat.be\/fr\/wp-json\/wp\/v2\/media?parent=6290"}],"wp:term":[{"taxonomy":"product_brand","embeddable":true,"href":"https:\/\/www.euromat.be\/fr\/wp-json\/wp\/v2\/product_brand?post=6290"},{"taxonomy":"product_cat","embeddable":true,"href":"https:\/\/www.euromat.be\/fr\/wp-json\/wp\/v2\/product_cat?post=6290"},{"taxonomy":"product_tag","embeddable":true,"href":"https:\/\/www.euromat.be\/fr\/wp-json\/wp\/v2\/product_tag?post=6290"}],"curies":[{"name":"wp","href":"https:\/\/api.w.org\/{rel}","templated":true}]}}