{"id":6291,"date":"2025-09-10T14:01:04","date_gmt":"2025-09-10T12:01:04","guid":{"rendered":"https:\/\/www.euromat.be\/product\/stationaire-compressor-45-160-kw\/"},"modified":"2025-10-02T11:24:47","modified_gmt":"2025-10-02T09:24:47","slug":"compresseur-stationnaire-45-160-kw","status":"publish","type":"product","link":"https:\/\/www.euromat.be\/fr\/produit\/compresseur-stationnaire-45-160-kw\/","title":{"rendered":"Compresseur stationnaire 45 &#8211; 160 kW"},"content":{"rendered":"<section class=\"l-section wpb_row height_auto\"><div class=\"l-section-h i-cf\"><div class=\"g-cols vc_row via_flex valign_top type_default stacking_default\"><div class=\"vc_col-sm-12 wpb_column vc_column_container\"><div class=\"vc_column-inner\"><div class=\"wpb_wrapper\"><div class=\"wpb_text_column\"><div class=\"wpb_wrapper\"><p><strong>Compresseur rotatif \u00e0 vis ELGi 45 &#8211; 160 kW &#8211; S\u00e9rie EG<\/strong><\/p>\n<p>R\u00e9sistance industrielle pour une performance continue<\/p>\n<p>Vous recherchez un compresseur \u00e0 vis fiable et puissant pour des applications industrielles difficiles ? La s\u00e9rie ELGi EG de 45 \u00e0 160 kW est con\u00e7ue pour fonctionner dans les conditions les plus exigeantes. Gr\u00e2ce \u00e0 une r\u00e9gulation intelligente du d\u00e9bit volum\u00e9trique, le compresseur s&rsquo;adapte automatiquement \u00e0 vos besoins de production, ce qui se traduit par une efficacit\u00e9 maximale et des co\u00fbts \u00e9nerg\u00e9tiques minimaux.<\/p>\n<p><strong>Caract\u00e9ristiques principales :<\/strong><br \/>\n&#8211; D\u00e9bit : 2,01 &#8211; 43,18 m\u00b3\/min \u00e0 400 V &#8211; adapt\u00e9 \u00e0 une demande d&rsquo;air \u00e9lev\u00e9e et constante<br \/>\n&#8211; Conception robuste : con\u00e7ue pour fonctionner 24 heures sur 24 et 7 jours sur 7 dans des environnements industriels.<br \/>\n&#8211; Bloc-vis brevet\u00e9 : technologie exclusive d&rsquo;ELGi pour des performances optimales et de faibles pertes d&rsquo;\u00e9nergie<br \/>\n&#8211; Syst\u00e8me de refroidissement intelligent : fonctionnement fiable \u00e0 des temp\u00e9ratures ambiantes \u00e9lev\u00e9es<br \/>\n&#8211; Longs intervalles de maintenance : Moins de temps d&rsquo;arr\u00eat, moins de co\u00fbts<br \/>\n&#8211; Fonctionnement silencieux : bo\u00eetier isol\u00e9 acoustiquement pour un fonctionnement silencieux.<\/p>\n<p><strong>Applications :<\/strong><br \/>\nCe compresseur \u00e0 vis ELGi est id\u00e9al pour les usines de fabrication ayant une demande d&rsquo;air permanente.<br \/>\nIl est particuli\u00e8rement adapt\u00e9 \u00e0 l&rsquo;industrie chimique, o\u00f9 la fiabilit\u00e9 des processus est cruciale.<br \/>\nDans les centrales \u00e9lectriques, il assure \u00e9galement un approvisionnement constant en air comprim\u00e9, essentiel au fonctionnement de l&rsquo;usine.<br \/>\nDans les industries lourdes avec des cycles de production continus, il assure un temps de fonctionnement \u00e9lev\u00e9 et un fonctionnement efficace.<\/p>\n<p><strong>Pourquoi choisir Euromat ?<\/strong><br \/>\n\u2714\ufe0f Conseils techniques sur mesure<br \/>\n\u2714\ufe0f Installation et maintenance par des sp\u00e9cialistes<br \/>\n\u2714\ufe0f Des solutions adapt\u00e9es \u00e0 votre application<\/p>\n<\/div><\/div><\/div><\/div><\/div><\/div><\/div><\/section>\n","protected":false},"excerpt":{"rendered":"<p>Compresseur \u00e0 vis ELGi 45-160 kW s\u00e9rie EG louer ou acheter ? Puissant, fiable et \u00e9conome en \u00e9nergie avec des d\u00e9bits allant jusqu&rsquo;\u00e0 43,18 m\u00b3\/min. Id\u00e9al pour les applications industrielles 24\/7 dans les secteurs de la fabrication, de la chimie et de l&rsquo;\u00e9nergie.<\/p>\n","protected":false},"featured_media":3545,"template":"","meta":{"_acf_changed":false},"product_brand":[1405],"product_cat":[1355,2893,1358],"product_tag":[],"class_list":{"0":"post-6291","1":"product","2":"type-product","3":"status-publish","4":"has-post-thumbnail","6":"product_brand-elgi","7":"product_cat-compresseurs","8":"product_cat-compresseurs-dair-a-vis","9":"product_cat-compresseurs-stationnaires","10":"pa_afmetingen-lxbxh-afhankelijk-van-het-model-fr","11":"pa_debiet-201-4318-m-min-fr","12":"pa_gewicht-582-5780-kg-fr","13":"pa_model-elektrisch-oliegesmeerde-schroefcompressor-fr","14":"pa_nominale-capaciteit-45-160-kw-fr","15":"pa_spanning-volt-400-fr","16":"pa_werkdruk-45-125-bar-fr","18":"first","19":"instock","20":"purchasable","21":"product-type-simple"},"acf":[],"_links":{"self":[{"href":"https:\/\/www.euromat.be\/fr\/wp-json\/wp\/v2\/product\/6291","targetHints":{"allow":["GET"]}}],"collection":[{"href":"https:\/\/www.euromat.be\/fr\/wp-json\/wp\/v2\/product"}],"about":[{"href":"https:\/\/www.euromat.be\/fr\/wp-json\/wp\/v2\/types\/product"}],"wp:featuredmedia":[{"embeddable":true,"href":"https:\/\/www.euromat.be\/fr\/wp-json\/wp\/v2\/media\/3545"}],"wp:attachment":[{"href":"https:\/\/www.euromat.be\/fr\/wp-json\/wp\/v2\/media?parent=6291"}],"wp:term":[{"taxonomy":"product_brand","embeddable":true,"href":"https:\/\/www.euromat.be\/fr\/wp-json\/wp\/v2\/product_brand?post=6291"},{"taxonomy":"product_cat","embeddable":true,"href":"https:\/\/www.euromat.be\/fr\/wp-json\/wp\/v2\/product_cat?post=6291"},{"taxonomy":"product_tag","embeddable":true,"href":"https:\/\/www.euromat.be\/fr\/wp-json\/wp\/v2\/product_tag?post=6291"}],"curies":[{"name":"wp","href":"https:\/\/api.w.org\/{rel}","templated":true}]}}