{"id":6292,"date":"2025-09-10T14:00:26","date_gmt":"2025-09-10T12:00:26","guid":{"rendered":"https:\/\/www.euromat.be\/product\/mobiele-compressor-25-m%c2%b3-7-bar\/"},"modified":"2025-10-06T13:57:34","modified_gmt":"2025-10-06T11:57:34","slug":"compresseur-mobile-25-m%c2%b3-7-bar","status":"publish","type":"product","link":"https:\/\/www.euromat.be\/fr\/produit\/compresseur-mobile-25-m%c2%b3-7-bar\/","title":{"rendered":"Compresseur mobile 2,5 m\u00b3 7 bar"},"content":{"rendered":"<section class=\"l-section wpb_row height_auto\"><div class=\"l-section-h i-cf\"><div class=\"g-cols vc_row via_flex valign_top type_default stacking_default\"><div class=\"vc_col-sm-12 wpb_column vc_column_container\"><div class=\"vc_column-inner\"><div class=\"wpb_wrapper\"><div class=\"wpb_text_column\"><div class=\"wpb_wrapper\"><p><strong>Compresseur mobile 2,5 m\u00b3\/min &#8211; Bobcat PA7.3 \/ Doosan 7\/25<\/strong><\/p>\n<p>Source d&rsquo;alimentation compacte pour une utilisation professionnelle quotidienne<\/p>\n<p>Vous recherchez un compresseur agile et fiable pour les applications de petite et moyenne taille ? Avec un d\u00e9bit d&rsquo;air de 2,5 m\u00b3\/min \u00e0 7 bar, ce compresseur mobile est id\u00e9al pour alimenter les marteaux et autres outils \u00e0 air comprim\u00e9 sur les chantiers de construction ou dans les environnements industriels. Sous r\u00e9serve de disponibilit\u00e9, Euromat fournit le Bobcat PA7.3 ou le Doosan 7\/25, tous deux r\u00e9put\u00e9s pour leur robustesse et leurs performances.<\/p>\n<p><strong>Caract\u00e9ristiques principales :<\/strong><br \/>\n&#8211; D\u00e9bit d&rsquo;air : 2,5 m\u00b3\/min \u00e0 7 bar &#8211; id\u00e9al pour les applications pneumatiques l\u00e9g\u00e8res \u00e0 moyennes<br \/>\n&#8211; Compact et mobile : facilement transportable et rapidement op\u00e9rationnel<br \/>\n&#8211; Construction durable : R\u00e9siste \u00e0 une utilisation professionnelle intensive<br \/>\n&#8211; \u00c9conomique en carburant : Faibles co\u00fbts de consommation, rendement \u00e9lev\u00e9<br \/>\n&#8211; Grandes marques : Choix entre Bobcat et Doosan, en fonction de la disponibilit\u00e9<\/p>\n<p><strong>Applications :<\/strong><br \/>\nParfait pour le broyage, le forage l\u00e9ger, les travaux d&rsquo;entretien et les petites applications industrielles.<\/p>\n<p><strong>Pourquoi choisir Euromat ?<\/strong><br \/>\nAvec Euromat, vous louez non seulement une machine fiable, mais vous b\u00e9n\u00e9ficiez \u00e9galement de connaissances sp\u00e9cialis\u00e9es, de flexibilit\u00e9 et de services.<\/p>\n<p>\u2714\ufe0f Disponibilit\u00e9 rapide<br \/>\n\u2714\ufe0f Conditions de location flexibles<br \/>\n\u2714\ufe0f Assistance des professionnels d&rsquo;Euromat<\/p>\n<\/div><\/div><\/div><\/div><\/div><\/div><\/div><\/section>\n","protected":false},"excerpt":{"rendered":"<p>Location d&rsquo;un compresseur mobile de 2,5 m\u00b3\/min ? Euromat fournit le Bobcat PA7.3 ou le Doosan 7\/25 &#8211; compact, puissant et parfait pour les applications professionnelles d&rsquo;air comprim\u00e9 et l&rsquo;alimentation des fus\u00e9es d&rsquo;air comprim\u00e9, pour le gommage de l&rsquo;air, le travail avec des marteaux pneumatiques, des cl\u00e9s \u00e0 chocs et des outils et sur les sites, les chantiers de construction ou de r\u00e9novation.<\/p>\n","protected":false},"featured_media":1335,"template":"","meta":{"_acf_changed":false},"product_brand":[1393,1402],"product_cat":[1355,1356],"product_tag":[],"class_list":{"0":"post-6292","1":"product","2":"type-product","3":"status-publish","4":"has-post-thumbnail","6":"product_brand-bobcat","7":"product_brand-doosan","8":"product_cat-compresseurs","9":"product_cat-compresseurs-mobiles","10":"pa_afmetingen-lxbxh-2923x1390x1235-mm-fr","11":"pa_debiet-25-m-min-fr","12":"pa_inhoud-brandstoftank-50-l-fr","13":"pa_luchtaansluiting-2x--fr","14":"pa_nakoeler-ja-fr","15":"pa_transport-750-kg-fr","16":"pa_verbruik-l-h-54-bij-vollast-21-bij-nullast-fr","17":"pa_werkdruk-7-bar-fr","19":"first","20":"instock","21":"purchasable","22":"product-type-simple"},"acf":[],"_links":{"self":[{"href":"https:\/\/www.euromat.be\/fr\/wp-json\/wp\/v2\/product\/6292","targetHints":{"allow":["GET"]}}],"collection":[{"href":"https:\/\/www.euromat.be\/fr\/wp-json\/wp\/v2\/product"}],"about":[{"href":"https:\/\/www.euromat.be\/fr\/wp-json\/wp\/v2\/types\/product"}],"wp:featuredmedia":[{"embeddable":true,"href":"https:\/\/www.euromat.be\/fr\/wp-json\/wp\/v2\/media\/1335"}],"wp:attachment":[{"href":"https:\/\/www.euromat.be\/fr\/wp-json\/wp\/v2\/media?parent=6292"}],"wp:term":[{"taxonomy":"product_brand","embeddable":true,"href":"https:\/\/www.euromat.be\/fr\/wp-json\/wp\/v2\/product_brand?post=6292"},{"taxonomy":"product_cat","embeddable":true,"href":"https:\/\/www.euromat.be\/fr\/wp-json\/wp\/v2\/product_cat?post=6292"},{"taxonomy":"product_tag","embeddable":true,"href":"https:\/\/www.euromat.be\/fr\/wp-json\/wp\/v2\/product_tag?post=6292"}],"curies":[{"name":"wp","href":"https:\/\/api.w.org\/{rel}","templated":true}]}}