{"id":6293,"date":"2025-09-10T14:00:26","date_gmt":"2025-09-10T12:00:26","guid":{"rendered":"https:\/\/www.euromat.be\/product\/mobiele-compressor-3-m%c2%b3-7-bar\/"},"modified":"2025-09-11T11:36:18","modified_gmt":"2025-09-11T09:36:18","slug":"compresseur-mobile-3-m%c2%b3-7-bar","status":"publish","type":"product","link":"https:\/\/www.euromat.be\/fr\/produit\/compresseur-mobile-3-m%c2%b3-7-bar\/","title":{"rendered":"Compresseur mobile 3 m\u00b3 7 bar"},"content":{"rendered":"<section class=\"l-section wpb_row height_auto\"><div class=\"l-section-h i-cf\"><div class=\"g-cols vc_row via_flex valign_top type_default stacking_default\"><div class=\"vc_col-sm-12 wpb_column vc_column_container\"><div class=\"vc_column-inner\"><div class=\"wpb_wrapper\"><div class=\"wpb_text_column\"><div class=\"wpb_wrapper\"><p><strong>Compresseur mobile 3 m\u00b3\/min &#8211; Doosan 7\/31<\/strong><\/p>\n<p>Puissance suppl\u00e9mentaire pour les applications plus lourdes sur site<\/p>\n<p>Pour les professionnels qui ont besoin d&rsquo;un peu plus de puissance, le compresseur portable Doosan 7\/31 offre l&rsquo;\u00e9quilibre parfait entre mobilit\u00e9 et puissance. Avec un d\u00e9bit d&rsquo;air de 3 m\u00b3\/min \u00e0 7 bars, ce mod\u00e8le est id\u00e9al pour les applications plus lourdes telles que le concassage, le forage et les applications industrielles d&rsquo;air comprim\u00e9.<\/p>\n<p><strong>Caract\u00e9ristiques principales :<\/strong><br \/>\n&#8211; D\u00e9bit d&rsquo;air : 3 m\u00b3\/min \u00e0 7 bar &#8211; convient aux outils moyennement lourds<br \/>\n&#8211; Conception compacte : facile \u00e0 d\u00e9placer et \u00e0 d\u00e9ployer sur n&rsquo;importe quel chantier<br \/>\n&#8211; Robuste et fiable : Con\u00e7u pour une utilisation professionnelle intensive<br \/>\n&#8211; Consommation de carburant efficace : fonctionne pendant des heures sans interruption<br \/>\n&#8211; Qualit\u00e9 sup\u00e9rieure Doosan : mondialement reconnue pour sa durabilit\u00e9<\/p>\n<p><strong>Applications :<\/strong><br \/>\nId\u00e9al pour les brise-roche, le sablage et autres applications n\u00e9cessitant un flux d&rsquo;air constant et puissant.<\/p>\n<p>Louez sans souci avec EuromatEn choisissant Euromat, vous optez pour la qualit\u00e9, la rapidit\u00e9 et le service. Nous livrons quand et o\u00f9 vous en avez besoin, pour que vous puissiez commencer tout de suite.<\/p>\n<p>\u2714\ufe0f Disponibilit\u00e9 rapide<br \/>\n\u2714\ufe0f Conditions de location flexibles<br \/>\n\u2714\ufe0f Assistance des professionnels d&rsquo;Euromat<\/p>\n<\/div><\/div><\/div><\/div><\/div><\/div><\/div><\/section>\n","protected":false},"excerpt":{"rendered":"<p>Location d&rsquo;un compresseur mobile de 3 m\u00b3\/min ? Le Doosan 7\/31 offre puissance et fiabilit\u00e9 pour les applications les plus difficiles &#8211; maintenant disponible chez Euromat.<\/p>\n","protected":false},"featured_media":2823,"template":"","meta":{"_acf_changed":false},"product_brand":[1402],"product_cat":[1355,1356],"product_tag":[],"class_list":{"0":"post-6293","1":"product","2":"type-product","3":"status-publish","4":"has-post-thumbnail","6":"product_brand-doosan","7":"product_cat-compresseurs","8":"product_cat-compresseurs-mobiles","9":"pa_afmetingen-lxbxh-2923x1390x1235-mm-fr","10":"pa_debiet-3-m-min-fr","11":"pa_inhoud-brandstoftank-50-l-fr","12":"pa_luchtaansluiting-2x--fr","13":"pa_nakoeler-ja-fr","14":"pa_transport-750-kg-fr","15":"pa_verbruik-l-h-61-bij-vollast-28-bij-nullast-fr","16":"pa_werkdruk-7-bar-fr","18":"first","19":"instock","20":"purchasable","21":"product-type-simple"},"acf":[],"_links":{"self":[{"href":"https:\/\/www.euromat.be\/fr\/wp-json\/wp\/v2\/product\/6293","targetHints":{"allow":["GET"]}}],"collection":[{"href":"https:\/\/www.euromat.be\/fr\/wp-json\/wp\/v2\/product"}],"about":[{"href":"https:\/\/www.euromat.be\/fr\/wp-json\/wp\/v2\/types\/product"}],"wp:featuredmedia":[{"embeddable":true,"href":"https:\/\/www.euromat.be\/fr\/wp-json\/wp\/v2\/media\/2823"}],"wp:attachment":[{"href":"https:\/\/www.euromat.be\/fr\/wp-json\/wp\/v2\/media?parent=6293"}],"wp:term":[{"taxonomy":"product_brand","embeddable":true,"href":"https:\/\/www.euromat.be\/fr\/wp-json\/wp\/v2\/product_brand?post=6293"},{"taxonomy":"product_cat","embeddable":true,"href":"https:\/\/www.euromat.be\/fr\/wp-json\/wp\/v2\/product_cat?post=6293"},{"taxonomy":"product_tag","embeddable":true,"href":"https:\/\/www.euromat.be\/fr\/wp-json\/wp\/v2\/product_tag?post=6293"}],"curies":[{"name":"wp","href":"https:\/\/api.w.org\/{rel}","templated":true}]}}