{"id":6294,"date":"2025-09-10T14:00:26","date_gmt":"2025-09-10T12:00:26","guid":{"rendered":"https:\/\/www.euromat.be\/product\/mobiele-compressor-4-m%c2%b3-7-bar\/"},"modified":"2025-09-11T11:36:18","modified_gmt":"2025-09-11T09:36:18","slug":"compresseur-mobile-4-m%c2%b3-7-bar","status":"publish","type":"product","link":"https:\/\/www.euromat.be\/fr\/produit\/compresseur-mobile-4-m%c2%b3-7-bar\/","title":{"rendered":"Compresseur mobile 4 m\u00b3 7 bar"},"content":{"rendered":"<section class=\"l-section wpb_row height_auto\"><div class=\"l-section-h i-cf\"><div class=\"g-cols vc_row via_flex valign_top type_default stacking_default\"><div class=\"vc_col-sm-12 wpb_column vc_column_container\"><div class=\"vc_column-inner\"><div class=\"wpb_wrapper\"><div class=\"wpb_text_column\"><div class=\"wpb_wrapper\"><p><strong>Compresseur mobile 4 m\u00b3\/min &#8211; Bobcat PA7.4 \/ Doosan 7\/41 \/ Doosan 7\/45<\/strong><\/p>\n<p>Une alimentation fiable pour les op\u00e9rations intensives sur site<\/p>\n<p>Lorsque la solution standard ne suffit plus, ce compresseur mobile de 4 m\u00b3\/min offre la capacit\u00e9 suppl\u00e9mentaire dont vous avez besoin. Sous r\u00e9serve de disponibilit\u00e9, Euromat fournit le Bobcat PA7.4, le Doosan 7\/41 ou le Doosan 7\/45 &#8211; trois machines puissantes qui excellent en termes de performances, de durabilit\u00e9 et de facilit\u00e9 d&rsquo;utilisation.<\/p>\n<p><strong>Caract\u00e9ristiques principales :<\/strong><br \/>\n&#8211; D\u00e9bit d&rsquo;air : 4 m\u00b3\/min \u00e0 7 bar &#8211; id\u00e9al pour les applications intensives avec plusieurs outils \u00e0 air comprim\u00e9<br \/>\n&#8211; Compact et maniable : Rapide \u00e0 d\u00e9ployer et facile \u00e0 d\u00e9placer<br \/>\n&#8211; Con\u00e7u pour les professionnels : Construction robuste pour une utilisation quotidienne intensive<br \/>\n&#8211; Efficace et fiable : Temps d&rsquo;arr\u00eat minimum, productivit\u00e9 maximum<br \/>\n&#8211; Grandes marques : Choix de Bobcat et Doosan, r\u00e9put\u00e9s pour leur qualit\u00e9<\/p>\n<p><strong>Applications :<\/strong><br \/>\nParfait pour le concassage plus lourd, le sablage et d&rsquo;autres applications industrielles ou de construction n\u00e9cessitant une alimentation en air constante.<\/p>\n<p><strong>Louer en toute confiance avec Euromat<\/strong><br \/>\nUn service professionnel, une flotte moderne et des formules de location flexibles font d&rsquo;Euromat le partenaire id\u00e9al pour vos besoins en air comprim\u00e9.<\/p>\n<p>\u2714\ufe0f Disponibilit\u00e9 rapide<br \/>\n\u2714\ufe0f Conseils des sp\u00e9cialistes techniques d&rsquo;Euromat<br \/>\n\u2714\ufe0f Des machines fiables et en parfait \u00e9tat<\/p>\n<\/div><\/div><\/div><\/div><\/div><\/div><\/div><\/section>\n","protected":false},"excerpt":{"rendered":"<p>Louer un compresseur mobile de 4 m\u00b3\/min ? Bobcat PA7.4 ou Doosan 7\/41 \/ 7\/45 &#8211; puissants, robustes et parfaits pour les applications intensives d&rsquo;air comprim\u00e9 pour le sablage ou le soufflage de machines sur les chantiers professionnels.<\/p>\n","protected":false},"featured_media":2825,"template":"","meta":{"_acf_changed":false},"product_brand":[1393,1402],"product_cat":[1355,1356],"product_tag":[],"class_list":{"0":"post-6294","1":"product","2":"type-product","3":"status-publish","4":"has-post-thumbnail","6":"product_brand-bobcat","7":"product_brand-doosan","8":"product_cat-compresseurs","9":"product_cat-compresseurs-mobiles","10":"pa_afmetingen-lxbxh-3052x1390x1369-mm-fr","11":"pa_debiet-4-m-min-fr","12":"pa_inhoud-brandstoftank-40-l-fr","13":"pa_luchtaansluiting-2x--fr","14":"pa_nakoeler-ja-fr","15":"pa_transport-7-41-750-kg-7-45-pa7-4-750-kg-fr","16":"pa_verbruik-l-h-80-bij-vollast-31-bij-nullast-fr","17":"pa_werkdruk-7-bar-fr","19":"first","20":"instock","21":"purchasable","22":"product-type-simple"},"acf":[],"_links":{"self":[{"href":"https:\/\/www.euromat.be\/fr\/wp-json\/wp\/v2\/product\/6294","targetHints":{"allow":["GET"]}}],"collection":[{"href":"https:\/\/www.euromat.be\/fr\/wp-json\/wp\/v2\/product"}],"about":[{"href":"https:\/\/www.euromat.be\/fr\/wp-json\/wp\/v2\/types\/product"}],"wp:featuredmedia":[{"embeddable":true,"href":"https:\/\/www.euromat.be\/fr\/wp-json\/wp\/v2\/media\/2825"}],"wp:attachment":[{"href":"https:\/\/www.euromat.be\/fr\/wp-json\/wp\/v2\/media?parent=6294"}],"wp:term":[{"taxonomy":"product_brand","embeddable":true,"href":"https:\/\/www.euromat.be\/fr\/wp-json\/wp\/v2\/product_brand?post=6294"},{"taxonomy":"product_cat","embeddable":true,"href":"https:\/\/www.euromat.be\/fr\/wp-json\/wp\/v2\/product_cat?post=6294"},{"taxonomy":"product_tag","embeddable":true,"href":"https:\/\/www.euromat.be\/fr\/wp-json\/wp\/v2\/product_tag?post=6294"}],"curies":[{"name":"wp","href":"https:\/\/api.w.org\/{rel}","templated":true}]}}