{"id":6295,"date":"2025-09-10T14:00:26","date_gmt":"2025-09-10T12:00:26","guid":{"rendered":"https:\/\/www.euromat.be\/product\/mobiele-compressor-5-m%c2%b3-7-bar\/"},"modified":"2025-09-11T11:36:18","modified_gmt":"2025-09-11T09:36:18","slug":"compresseur-mobile-5-m%c2%b3-7-bar","status":"publish","type":"product","link":"https:\/\/www.euromat.be\/fr\/produit\/compresseur-mobile-5-m%c2%b3-7-bar\/","title":{"rendered":"Compresseur mobile 5 m\u00b3 7 bar"},"content":{"rendered":"<section class=\"l-section wpb_row height_auto\"><div class=\"l-section-h i-cf\"><div class=\"g-cols vc_row via_flex valign_top type_default stacking_default\"><div class=\"vc_col-sm-12 wpb_column vc_column_container\"><div class=\"vc_column-inner\"><div class=\"wpb_wrapper\"><div class=\"wpb_text_column\"><div class=\"wpb_wrapper\"><p><strong>Compresseur mobile 5 m\u00b3\/min &#8211; Bobcat PA7.5 \/ Doosan 7\/53 \/ Doosan 7\/55<\/strong><\/p>\n<p>D\u00e9bit d&rsquo;air \u00e9lev\u00e9 pour les applications d&rsquo;air comprim\u00e9 exigeantes<\/p>\n<p>Pour ceux qui ont besoin d&rsquo;un compresseur puissant et mobile pour des applications plus lourdes, ce compresseur de 5 m\u00b3\/min est la solution id\u00e9ale. Sous r\u00e9serve de disponibilit\u00e9, Euromat fournit le Bobcat PA7.5, le Doosan 7\/53 ou le Doosan 7\/55 &#8211; toutes des machines robustes con\u00e7ues pour une utilisation professionnelle dans des conditions exigeantes.<\/p>\n<p><strong>Caract\u00e9ristiques principales :<\/strong><br \/>\n&#8211; D\u00e9bit d&rsquo;air : 5 m\u00b3\/min \u00e0 7 bar &#8211; amplement suffisant pour plusieurs outils pneumatiques lourds en m\u00eame temps<br \/>\n&#8211; Puissant et mobile : puissant et facile \u00e0 d\u00e9placer sur le chantier<br \/>\n&#8211; Fiabilit\u00e9 professionnelle : con\u00e7u pour une utilisation continue dans des conditions difficiles<br \/>\n&#8211; Fonctionnement efficace : consommation de carburant r\u00e9duite, temps de fonctionnement maximal<br \/>\n&#8211; Marques haut de gamme : choix de Bobcat et Doosan, tous deux synonymes de qualit\u00e9<\/p>\n<p><strong>Applications :<\/strong><br \/>\nConvient aux brise-roches \u00e0 usage intensif, au d\u00e9capage, aux applications d&rsquo;entretien et autres. Id\u00e9al pour les grands chantiers de construction et les sites industriels.<\/p>\n<p><strong>Louer chez Euromat &#8211; rapide, flexible et professionnel<\/strong><br \/>\nGr\u00e2ce \u00e0 une flotte de v\u00e9hicules de location bien entretenue et \u00e0 des conseils techniques personnalis\u00e9s, Euromat vous garantit une exp\u00e9rience de location sans souci.<\/p>\n<p>\u2714\ufe0f Disponibilit\u00e9 rapide<br \/>\n\u2714\ufe0f Conseils des sp\u00e9cialistes techniques d&rsquo;Euromat<br \/>\n\u2714\ufe0f Des machines fiables et en parfait \u00e9tat<\/p>\n<\/div><\/div><\/div><\/div><\/div><\/div><\/div><\/section>\n","protected":false},"excerpt":{"rendered":"<p>Location d&rsquo;un compresseur mobile de 5 m\u00b3\/min ? Avec Euromat, choisissez le Bobcat PA7.5 ou le Doosan 7\/53 \/ 7\/55 &#8211; puissant, fiable et adapt\u00e9 aux conditions de chantier les plus difficiles pour des applications dans le secteur de la r\u00e9novation.<\/p>\n","protected":false},"featured_media":2835,"template":"","meta":{"_acf_changed":false},"product_brand":[1393,1402],"product_cat":[1355,1356],"product_tag":[],"class_list":{"0":"post-6295","1":"product","2":"type-product","3":"status-publish","4":"has-post-thumbnail","6":"product_brand-bobcat","7":"product_brand-doosan","8":"product_cat-compresseurs","9":"product_cat-compresseurs-mobiles","10":"pa_afmetingen-lxbxh-3457x1520x1486-mm-fr","11":"pa_debiet-5-m-min-fr","12":"pa_inhoud-brandstoftank-50-l-fr","13":"pa_luchtaansluiting-3x--fr","14":"pa_nakoeler-ja-fr","15":"pa_transport-750-kg-fr","16":"pa_verbruik-l-h-122-bij-vollast-55-bij-nullast-fr","17":"pa_werkdruk-7-bar-fr","19":"first","20":"instock","21":"purchasable","22":"product-type-simple"},"acf":[],"_links":{"self":[{"href":"https:\/\/www.euromat.be\/fr\/wp-json\/wp\/v2\/product\/6295","targetHints":{"allow":["GET"]}}],"collection":[{"href":"https:\/\/www.euromat.be\/fr\/wp-json\/wp\/v2\/product"}],"about":[{"href":"https:\/\/www.euromat.be\/fr\/wp-json\/wp\/v2\/types\/product"}],"wp:featuredmedia":[{"embeddable":true,"href":"https:\/\/www.euromat.be\/fr\/wp-json\/wp\/v2\/media\/2835"}],"wp:attachment":[{"href":"https:\/\/www.euromat.be\/fr\/wp-json\/wp\/v2\/media?parent=6295"}],"wp:term":[{"taxonomy":"product_brand","embeddable":true,"href":"https:\/\/www.euromat.be\/fr\/wp-json\/wp\/v2\/product_brand?post=6295"},{"taxonomy":"product_cat","embeddable":true,"href":"https:\/\/www.euromat.be\/fr\/wp-json\/wp\/v2\/product_cat?post=6295"},{"taxonomy":"product_tag","embeddable":true,"href":"https:\/\/www.euromat.be\/fr\/wp-json\/wp\/v2\/product_tag?post=6295"}],"curies":[{"name":"wp","href":"https:\/\/api.w.org\/{rel}","templated":true}]}}