{"id":6296,"date":"2025-09-10T14:00:26","date_gmt":"2025-09-10T12:00:26","guid":{"rendered":"https:\/\/www.euromat.be\/product\/mobiele-compressor-5-7-m%c2%b3-7-121-bar\/"},"modified":"2025-09-11T11:36:19","modified_gmt":"2025-09-11T09:36:19","slug":"compresseur-mobile-5-7-m%c2%b3-7-121-bar","status":"publish","type":"product","link":"https:\/\/www.euromat.be\/fr\/produit\/compresseur-mobile-5-7-m%c2%b3-7-121-bar\/","title":{"rendered":"Compresseur mobile 5-7 m\u00b3 7-12,1 bar"},"content":{"rendered":"<section class=\"l-section wpb_row height_auto\"><div class=\"l-section-h i-cf\"><div class=\"g-cols vc_row via_flex valign_top type_default stacking_default\"><div class=\"vc_col-sm-12 wpb_column vc_column_container\"><div class=\"vc_column-inner\"><div class=\"wpb_wrapper\"><div class=\"wpb_text_column\"><div class=\"wpb_wrapper\"><p><strong>Compresseur mobile 5-7 m\u00b3\/min &#8211; Bobcat PA12.7V \/ Doosan 7\/73 \/ Doosan 10\/53<\/strong><\/p>\n<p>Capacit\u00e9 d&rsquo;air comprim\u00e9 \u00e0 haut rendement pour les sites industriels et les grands chantiers de construction<\/p>\n<p>Lorsque les compresseurs standard tombent en panne, Euromat offre une solution fiable avec un compresseur mobile de 5 \u00e0 7 m\u00b3\/min. Sous r\u00e9serve de disponibilit\u00e9, nous fournissons le Bobcat PA12.7V, le Doosan 7\/73 ou le Doosan 10\/53 &#8211; toutes des machines puissantes con\u00e7ues pour des applications intensives o\u00f9 un d\u00e9bit d&rsquo;air stable et puissant est essentiel.<\/p>\n<p><strong>Caract\u00e9ristiques principales :<\/strong><br \/>\n&#8211; D\u00e9bit d&rsquo;air : 5-7 m\u00b3\/min \u00e0 7 \u00e0 12,1 bar &#8211; convient aux applications pneumatiques lourdes<br \/>\n&#8211; Grande capacit\u00e9, mais mobile : facilement d\u00e9ployable sur les grands chantiers de construction ou les sites industriels<br \/>\n&#8211; Construction robuste : con\u00e7u pour une utilisation longue et intensive<br \/>\n&#8211; Faible consommation, haute efficacit\u00e9 : optimis\u00e9 pour de longues journ\u00e9es de travail<br \/>\n&#8211; Des marques de qualit\u00e9 : Bobcat et Doosan &#8211; fiables dans toutes les situations<\/p>\n<p><strong>Applications :<\/strong><br \/>\nId\u00e9al pour le sablage, le concassage \u00e0 grande \u00e9chelle, les installations industrielles et l&rsquo;utilisation simultan\u00e9e de plusieurs outils pneumatiques.<\/p>\n<p><strong>Choisir Euromat, c&rsquo;est choisir la s\u00e9curit\u00e9<\/strong><br \/>\nVous b\u00e9n\u00e9ficiez non seulement d&rsquo;un compresseur puissant, mais aussi d&rsquo;un service professionnel, de conseils sur mesure et d&rsquo;une solution de location flexible.<\/p>\n<p>\u2714\ufe0f Grandes capacit\u00e9s disponibles<br \/>\n\u2714\ufe0f Location flexible et livraison rapide<br \/>\n\u2714\ufe0f Technique par des professionnels Euromat \u00e0 chaque projet<\/p>\n<\/div><\/div><\/div><\/div><\/div><\/div><\/div><\/section>\n","protected":false},"excerpt":{"rendered":"<p>Location d&rsquo;un compresseur mobile de 5 \u00e0 7 m\u00b3\/min ? Bobcat PA12.7V ou Doosan 7\/73 \/ 10\/53 &#8211; puissant, fiable et pr\u00eat pour les applications les plus difficiles sur les grands chantiers.<\/p>\n","protected":false},"featured_media":2845,"template":"","meta":{"_acf_changed":false},"product_brand":[1393,1402],"product_cat":[1355,1356],"product_tag":[],"class_list":{"0":"post-6296","1":"product","2":"type-product","3":"status-publish","4":"has-post-thumbnail","6":"product_brand-bobcat","7":"product_brand-doosan","8":"product_cat-compresseurs","9":"product_cat-compresseurs-mobiles","10":"pa_afmetingen-lxbxh-3565x1700x1545-mm-fr","11":"pa_debiet-5-7-m-min-fr","12":"pa_inhoud-brandstoftank-1125-l-fr","13":"pa_luchtaansluiting-3x--1x--fr","14":"pa_nakoeler-ja-fr","15":"pa_transport-750-kg-fr","16":"pa_verbruik-l-h-147-bij-vollast-69-bij-nullast-fr","17":"pa_werkdruk-7-10-bar-fr","19":"first","20":"instock","21":"purchasable","22":"product-type-simple"},"acf":[],"_links":{"self":[{"href":"https:\/\/www.euromat.be\/fr\/wp-json\/wp\/v2\/product\/6296","targetHints":{"allow":["GET"]}}],"collection":[{"href":"https:\/\/www.euromat.be\/fr\/wp-json\/wp\/v2\/product"}],"about":[{"href":"https:\/\/www.euromat.be\/fr\/wp-json\/wp\/v2\/types\/product"}],"wp:featuredmedia":[{"embeddable":true,"href":"https:\/\/www.euromat.be\/fr\/wp-json\/wp\/v2\/media\/2845"}],"wp:attachment":[{"href":"https:\/\/www.euromat.be\/fr\/wp-json\/wp\/v2\/media?parent=6296"}],"wp:term":[{"taxonomy":"product_brand","embeddable":true,"href":"https:\/\/www.euromat.be\/fr\/wp-json\/wp\/v2\/product_brand?post=6296"},{"taxonomy":"product_cat","embeddable":true,"href":"https:\/\/www.euromat.be\/fr\/wp-json\/wp\/v2\/product_cat?post=6296"},{"taxonomy":"product_tag","embeddable":true,"href":"https:\/\/www.euromat.be\/fr\/wp-json\/wp\/v2\/product_tag?post=6296"}],"curies":[{"name":"wp","href":"https:\/\/api.w.org\/{rel}","templated":true}]}}