{"id":6297,"date":"2025-09-10T14:00:26","date_gmt":"2025-09-10T12:00:26","guid":{"rendered":"https:\/\/www.euromat.be\/product\/mobiele-compressor-106-120-m%c2%b3-7-103-bar\/"},"modified":"2025-09-11T15:47:33","modified_gmt":"2025-09-11T13:47:33","slug":"compresseur-mobile-106-120-m%c2%b3-7-103-bar","status":"publish","type":"product","link":"https:\/\/www.euromat.be\/fr\/produit\/compresseur-mobile-106-120-m%c2%b3-7-103-bar\/","title":{"rendered":"Compresseur mobile 10,6-12,0 m\u00b3 7-10,3 bar"},"content":{"rendered":"<section class=\"l-section wpb_row height_auto\"><div class=\"l-section-h i-cf\"><div class=\"g-cols vc_row via_flex valign_top type_default stacking_default\"><div class=\"vc_col-sm-12 wpb_column vc_column_container\"><div class=\"vc_column-inner\"><div class=\"wpb_wrapper\"><div class=\"wpb_text_column\"><div class=\"wpb_wrapper\"><p><strong>Compresseur mobile 10,6-12,0 m\u00b3\/min &#8211; Bobcat PA10.12V \/ Doosan 7\/125 \/ Doosan 10\/105<\/strong><\/p>\n<p>Performance maximale pour les applications industrielles exigeantes<\/p>\n<p>Pour les grandes installations industrielles, le sablage lourd ou l&rsquo;utilisation simultan\u00e9e de plusieurs outils pneumatiques, un compresseur \u00e0 haut d\u00e9bit d&rsquo;air est indispensable. Euromat fournit, sous r\u00e9serve de disponibilit\u00e9, les compresseurs Bobcat PA10.12V, Doosan 7\/125 ou Doosan 10\/105 &#8211; des compresseurs puissants et professionnels avec des volumes d&rsquo;air allant jusqu&rsquo;\u00e0 12 m\u00b3\/min.<\/p>\n<p><strong>Caract\u00e9ristiques principales :<\/strong><br \/>\n&#8211; D\u00e9bit d&rsquo;air : 10,6-12,0 m\u00b3\/min \u00e0 7,0-10,3 bar &#8211; pour les applications les plus difficiles<br \/>\n&#8211; Grande capacit\u00e9 : indispensable sur les sites industriels et les projets de construction \u00e0 grande \u00e9chelle<br \/>\n&#8211; Conception robuste : con\u00e7u pour un fonctionnement continu dans des conditions extr\u00eames<br \/>\n&#8211; Consommation de carburant efficace : fiable et \u00e9conomique<br \/>\n&#8211; Qualit\u00e9 sup\u00e9rieure : choix entre Bobcat et Doosan, r\u00e9put\u00e9s pour leur robustesse<\/p>\n<p><strong>Applications :<\/strong><br \/>\nSablage, grandes op\u00e9rations de concassage, creusement de tunnels, nettoyage industriel et applications o\u00f9 plusieurs outils sont utilis\u00e9s simultan\u00e9ment.<\/p>\n<p><strong>Louer en toute tranquillit\u00e9 chez Euromat<\/strong><br \/>\nDes machines puissantes, une communication claire et des conseils ax\u00e9s sur le service : voil\u00e0 ce que vous pouvez attendre d&rsquo;Euromat.<\/p>\n<p>\u2714\ufe0f Des conseils toujours professionnels<br \/>\n\u2714\ufe0f Livraison rapide sur site<br \/>\n\u2714\ufe0f Des contrats de location flexibles et transparents<\/p>\n<\/div><\/div><\/div><\/div><\/div><\/div><\/div><\/section>\n","protected":false},"excerpt":{"rendered":"<p>Location d&rsquo;un compresseur mobile 10,6-12,0 m\u00b3\/min ? Bobcat PA10.12V ou Doosan 7\/125 \/ 10\/105 &#8211; des solutions puissantes pour les applications industrielles lourdes pour le sablage et la peinture industriels, maintenant disponibles chez Euromat.<\/p>\n","protected":false},"featured_media":2801,"template":"","meta":{"_acf_changed":false},"product_brand":[1393,1402],"product_cat":[1355,1356],"product_tag":[],"class_list":{"0":"post-6297","1":"product","2":"type-product","3":"status-publish","4":"has-post-thumbnail","6":"product_brand-bobcat","7":"product_brand-doosan","8":"product_cat-compresseurs","9":"product_cat-compresseurs-mobiles","10":"pa_afmetingen-lxbxh-4120x1985x1810-mm-fr","11":"pa_debiet-106-120-m-min-fr","12":"pa_inhoud-brandstoftank-239-l-fr","13":"pa_luchtaansluiting-3x--1x-1--fr","14":"pa_nakoeler-ja-fr","15":"pa_transport-750-kg-fr","16":"pa_verbruik-l-h-238-bij-vollast-115-bij-nullast-en-verbruik-adblue-bij-vollast-23-l-fr","17":"pa_werkdruk-7-103-bar-fr","19":"first","20":"instock","21":"purchasable","22":"product-type-simple"},"acf":[],"_links":{"self":[{"href":"https:\/\/www.euromat.be\/fr\/wp-json\/wp\/v2\/product\/6297","targetHints":{"allow":["GET"]}}],"collection":[{"href":"https:\/\/www.euromat.be\/fr\/wp-json\/wp\/v2\/product"}],"about":[{"href":"https:\/\/www.euromat.be\/fr\/wp-json\/wp\/v2\/types\/product"}],"wp:featuredmedia":[{"embeddable":true,"href":"https:\/\/www.euromat.be\/fr\/wp-json\/wp\/v2\/media\/2801"}],"wp:attachment":[{"href":"https:\/\/www.euromat.be\/fr\/wp-json\/wp\/v2\/media?parent=6297"}],"wp:term":[{"taxonomy":"product_brand","embeddable":true,"href":"https:\/\/www.euromat.be\/fr\/wp-json\/wp\/v2\/product_brand?post=6297"},{"taxonomy":"product_cat","embeddable":true,"href":"https:\/\/www.euromat.be\/fr\/wp-json\/wp\/v2\/product_cat?post=6297"},{"taxonomy":"product_tag","embeddable":true,"href":"https:\/\/www.euromat.be\/fr\/wp-json\/wp\/v2\/product_tag?post=6297"}],"curies":[{"name":"wp","href":"https:\/\/api.w.org\/{rel}","templated":true}]}}