{"id":6298,"date":"2025-09-10T14:00:26","date_gmt":"2025-09-10T12:00:26","guid":{"rendered":"https:\/\/www.euromat.be\/product\/mobiele-compressor-30-m%c2%b3-9-10-bar\/"},"modified":"2025-09-11T11:36:19","modified_gmt":"2025-09-11T09:36:19","slug":"compresseur-mobile-30-m%c2%b3-9-10-bar","status":"publish","type":"product","link":"https:\/\/www.euromat.be\/fr\/produit\/compresseur-mobile-30-m%c2%b3-9-10-bar\/","title":{"rendered":"Compresseur mobile 30 m\u00b3 9-10 bar"},"content":{"rendered":"<section class=\"l-section wpb_row height_auto\"><div class=\"l-section-h i-cf\"><div class=\"g-cols vc_row via_flex valign_top type_default stacking_default\"><div class=\"vc_col-sm-12 wpb_column vc_column_container\"><div class=\"vc_column-inner\"><div class=\"wpb_wrapper\"><div class=\"wpb_text_column\"><div class=\"wpb_wrapper\"><p><strong>Compresseur mobile 30 m\u00b3\/min &#8211; Doosan 9\/300 \/ 9\/305 \/ 10\/300<\/strong><\/p>\n<p>D\u00e9bit d&rsquo;air extr\u00eame pour les conditions de travail les plus difficiles<\/p>\n<p>Pour les besoins en air comprim\u00e9 exceptionnellement importants, Euromat fournit des compresseurs mobiles avec des d\u00e9bits d&rsquo;air allant jusqu&rsquo;\u00e0 30 m\u00b3\/min. Selon la disponibilit\u00e9, vous obtenez le Doosan 9\/300, 9\/305, ou 10\/300 &#8211; des centrales con\u00e7ues pour une utilisation \u00e0 long terme dans les environnements industriels et d&rsquo;infrastructure les plus exigeants.<\/p>\n<p><strong>Caract\u00e9ristiques principales :<\/strong><br \/>\n&#8211; D\u00e9bit d&rsquo;air : 30 m\u00b3\/min \u00e0 9-10 bar &#8211; pour un d\u00e9bit d&rsquo;air maximal<br \/>\n&#8211; Construction robuste : con\u00e7u pour une utilisation continue sur des projets de grande envergure<br \/>\n&#8211; Efficace et fiable : con\u00e7u pour fonctionner sous pression<br \/>\n&#8211; Mobile : \u00e9tonnamment flexible malgr\u00e9 sa taille<br \/>\n&#8211; Qualit\u00e9 Doosan : performances \u00e9prouv\u00e9es dans des conditions de travail extr\u00eames<\/p>\n<p><strong>Applications :<\/strong><br \/>\nId\u00e9al pour le dynamitage \u00e0 grande \u00e9chelle, le creusement de tunnels, les applications offshore, l&rsquo;exploitation mini\u00e8re et les installations industrielles \u00e0 grande \u00e9chelle.<\/p>\n<p><strong>L&rsquo;approche Euromat<\/strong><br \/>\nGr\u00e2ce \u00e0 notre exp\u00e9rience et \u00e0 notre expertise en mati\u00e8re de location de machines lourdes, nous garantissons un service fiable et une assistance compl\u00e8te pour chaque projet.<\/p>\n<p>\u2714\ufe0f Performance maximale<br \/>\n\u2714\ufe0f Livraison sur site<br \/>\n\u2714\ufe0f Location flexible et assistance technique<\/p>\n<\/div><\/div><\/div><\/div><\/div><\/div><\/div><\/section>\n","protected":false},"excerpt":{"rendered":"<p>Location d&rsquo;un compresseur mobile 30 m\u00b3\/min ? Choisissez le Doosan 9\/300, 9\/305 ou 10\/300 &#8211; puissant, robuste et id\u00e9al pour les applications industrielles lourdes.<\/p>\n","protected":false},"featured_media":2821,"template":"","meta":{"_acf_changed":false},"product_brand":[1402],"product_cat":[1355,1356],"product_tag":[],"class_list":{"0":"post-6298","1":"product","2":"type-product","3":"status-publish","4":"has-post-thumbnail","6":"product_brand-doosan","7":"product_cat-compresseurs","8":"product_cat-compresseurs-mobiles","9":"pa_afmetingen-lxbxh-4850x2004x2290-mm-fr","10":"pa_debiet-30-m-min-fr","11":"pa_inhoud-brandstoftank-550-l-fr","12":"pa_luchtaansluiting-3x--1x-2-fr","13":"pa_nakoeler-ja-fr","14":"pa_transport-750-kg-fr","15":"pa_verbruik-l-h-58-bij-vollast-29-bij-nullast-fr","16":"pa_werkdruk-9-of-10-bar-afhankelijk-van-model-fr","18":"first","19":"instock","20":"purchasable","21":"product-type-simple"},"acf":[],"_links":{"self":[{"href":"https:\/\/www.euromat.be\/fr\/wp-json\/wp\/v2\/product\/6298","targetHints":{"allow":["GET"]}}],"collection":[{"href":"https:\/\/www.euromat.be\/fr\/wp-json\/wp\/v2\/product"}],"about":[{"href":"https:\/\/www.euromat.be\/fr\/wp-json\/wp\/v2\/types\/product"}],"wp:featuredmedia":[{"embeddable":true,"href":"https:\/\/www.euromat.be\/fr\/wp-json\/wp\/v2\/media\/2821"}],"wp:attachment":[{"href":"https:\/\/www.euromat.be\/fr\/wp-json\/wp\/v2\/media?parent=6298"}],"wp:term":[{"taxonomy":"product_brand","embeddable":true,"href":"https:\/\/www.euromat.be\/fr\/wp-json\/wp\/v2\/product_brand?post=6298"},{"taxonomy":"product_cat","embeddable":true,"href":"https:\/\/www.euromat.be\/fr\/wp-json\/wp\/v2\/product_cat?post=6298"},{"taxonomy":"product_tag","embeddable":true,"href":"https:\/\/www.euromat.be\/fr\/wp-json\/wp\/v2\/product_tag?post=6298"}],"curies":[{"name":"wp","href":"https:\/\/api.w.org\/{rel}","templated":true}]}}