{"id":6299,"date":"2025-09-10T14:00:26","date_gmt":"2025-09-10T12:00:26","guid":{"rendered":"https:\/\/www.euromat.be\/product\/mobiele-compressor-235-m%c2%b3-12-bar\/"},"modified":"2025-09-11T11:36:19","modified_gmt":"2025-09-11T09:36:19","slug":"compresseur-mobile-235-m%c2%b3-12-bar","status":"publish","type":"product","link":"https:\/\/www.euromat.be\/fr\/produit\/compresseur-mobile-235-m%c2%b3-12-bar\/","title":{"rendered":"Compresseur mobile 23,5 m\u00b3 12 bar"},"content":{"rendered":"<section class=\"l-section wpb_row height_auto\"><div class=\"l-section-h i-cf\"><div class=\"g-cols vc_row via_flex valign_top type_default stacking_default\"><div class=\"vc_col-sm-12 wpb_column vc_column_container\"><div class=\"vc_column-inner\"><div class=\"wpb_wrapper\"><div class=\"wpb_text_column\"><div class=\"wpb_wrapper\"><p><strong>Compresseur mobile 23.5 m\u00b3\/min &#8211; Doosan 12\/235<\/strong><\/p>\n<p>Une centrale professionnelle pour les grands utilisateurs industriels<\/p>\n<p>Le compresseur mobile Doosan 12\/235 est la solution pour les professionnels travaillant avec des besoins en air extr\u00eamement \u00e9lev\u00e9s. Avec un d\u00e9bit d&rsquo;air de 23,5 m\u00b3\/min, il offre des performances constantes dans les conditions les plus difficiles. Il est id\u00e9al pour les applications \u00e0 long terme et \u00e0 grande \u00e9chelle dans l&rsquo;industrie, le g\u00e9nie civil et les travaux d&rsquo;infrastructure.<\/p>\n<p><strong>Caract\u00e9ristiques principales :<\/strong><br \/>\n&#8211; D\u00e9bit d&rsquo;air : 23,5 m\u00b3\/min \u00e0 haute pression &#8211; performances stables en utilisation intensive<br \/>\n&#8211; Version \u00e0 usage intensif : con\u00e7ue pour fonctionner 24 heures sur 24 et 7 jours sur 7 sur les grands chantiers de construction<br \/>\n&#8211; Moteur puissant et fonctionnement efficace : temps de fonctionnement maximal, temps d&rsquo;arr\u00eat minimal<br \/>\n&#8211; Utilisation flexible : toujours mobile malgr\u00e9 sa taille<br \/>\n&#8211; Fiabilit\u00e9 Doosan : performances \u00e9prouv\u00e9es dans le monde entier<\/p>\n<p><strong>Applications :<\/strong><br \/>\nIl convient parfaitement aux applications telles que le sablage, le creusement de tunnels, le nettoyage industriel, les projets d&rsquo;infrastructure \u00e0 grande \u00e9chelle, etc.<\/p>\n<p><strong>Location sans souci avec Euromat<\/strong><br \/>\nAvec Euromat, vous associez des machines puissantes \u00e0 un service fiable, comprenant le transport, les conseils d&rsquo;installation et l&rsquo;assistance technique.<\/p>\n<p>\u2714\ufe0f Des performances puissantes<br \/>\n\u2714\ufe0f Assistance technique assur\u00e9e par les professionnels d&rsquo;Euromat<br \/>\n\u2714\ufe0f Disponibilit\u00e9 rapide<\/p>\n<\/div><\/div><\/div><\/div><\/div><\/div><\/div><\/section>\n","protected":false},"excerpt":{"rendered":"<p>Louer un compresseur mobile 23,5 m\u00b3\/min ? Le Doosan 12\/235 fournit un d\u00e9bit d&rsquo;air extr\u00eame pour les applications industrielles les plus difficiles &#8211; disponible chez Euromat.<\/p>\n","protected":false},"featured_media":2815,"template":"","meta":{"_acf_changed":false},"product_brand":[1402],"product_cat":[1355,1356],"product_tag":[],"class_list":{"0":"post-6299","1":"product","2":"type-product","3":"status-publish","4":"has-post-thumbnail","6":"product_brand-doosan","7":"product_cat-compresseurs","8":"product_cat-compresseurs-mobiles","9":"pa_afmetingen-lxbxh-4850x2004x2290-mm-fr","10":"pa_debiet-235-m-min-fr","11":"pa_inhoud-brandstoftank-550-l-fr","12":"pa_luchtaansluiting-3x--1x-2-fr","13":"pa_nakoeler-ja-fr","14":"pa_transport-750-kg-fr","15":"pa_verbruik-l-h-58-bij-vollast-29-bij-nullast-fr","16":"pa_werkdruk-12-bar-fr","18":"first","19":"instock","20":"purchasable","21":"product-type-simple"},"acf":[],"_links":{"self":[{"href":"https:\/\/www.euromat.be\/fr\/wp-json\/wp\/v2\/product\/6299","targetHints":{"allow":["GET"]}}],"collection":[{"href":"https:\/\/www.euromat.be\/fr\/wp-json\/wp\/v2\/product"}],"about":[{"href":"https:\/\/www.euromat.be\/fr\/wp-json\/wp\/v2\/types\/product"}],"wp:featuredmedia":[{"embeddable":true,"href":"https:\/\/www.euromat.be\/fr\/wp-json\/wp\/v2\/media\/2815"}],"wp:attachment":[{"href":"https:\/\/www.euromat.be\/fr\/wp-json\/wp\/v2\/media?parent=6299"}],"wp:term":[{"taxonomy":"product_brand","embeddable":true,"href":"https:\/\/www.euromat.be\/fr\/wp-json\/wp\/v2\/product_brand?post=6299"},{"taxonomy":"product_cat","embeddable":true,"href":"https:\/\/www.euromat.be\/fr\/wp-json\/wp\/v2\/product_cat?post=6299"},{"taxonomy":"product_tag","embeddable":true,"href":"https:\/\/www.euromat.be\/fr\/wp-json\/wp\/v2\/product_tag?post=6299"}],"curies":[{"name":"wp","href":"https:\/\/api.w.org\/{rel}","templated":true}]}}