{"id":6301,"date":"2025-09-10T14:00:26","date_gmt":"2025-09-10T12:00:26","guid":{"rendered":"https:\/\/www.euromat.be\/product\/mobiele-compressor-22-m%c2%b3-21-bar\/"},"modified":"2025-09-11T11:36:18","modified_gmt":"2025-09-11T09:36:18","slug":"compresseur-mobile-22-m%c2%b3-21-bar","status":"publish","type":"product","link":"https:\/\/www.euromat.be\/fr\/produit\/compresseur-mobile-22-m%c2%b3-21-bar\/","title":{"rendered":"Compresseur mobile 22 m\u00b3 21 bar"},"content":{"rendered":"<section class=\"l-section wpb_row height_auto\"><div class=\"l-section-h i-cf\"><div class=\"g-cols vc_row via_flex valign_top type_default stacking_default\"><div class=\"vc_col-sm-12 wpb_column vc_column_container\"><div class=\"vc_column-inner\"><div class=\"wpb_wrapper\"><div class=\"wpb_text_column\"><div class=\"wpb_wrapper\"><p><strong>Compresseur mobile 22 m\u00b3\/min &#8211; Doosan 21\/220<\/strong><\/p>\n<p>Bloc d&rsquo;alimentation compact et robuste pour les applications industrielles et de construction<\/p>\n<p>Le compresseur mobile Doosan 21\/220 d\u00e9livre un d\u00e9bit d&rsquo;air impressionnant de 22 m\u00b3\/min, ce qui le rend id\u00e9al pour les applications n\u00e9cessitant un d\u00e9bit d&rsquo;air constant et puissant. Cette machine offre une combinaison id\u00e9ale de puissance, de mobilit\u00e9 et de durabilit\u00e9 &#8211; parfaite pour les applications intensives et \u00e0 long terme.<\/p>\n<p><strong>Caract\u00e9ristiques principales :<\/strong><br \/>\n&#8211; D\u00e9bit d&rsquo;air : 22 m\u00b3\/min \u00e0 haute pression &#8211; convient aux applications d&rsquo;air lourdes et simultan\u00e9es<br \/>\n&#8211; Fiabilit\u00e9 industrielle : con\u00e7u pour des conditions de travail difficiles<br \/>\n&#8211; Fonctionnement efficace : faible consommation, hautes performances<br \/>\n&#8211; Mobile : facile \u00e0 transporter malgr\u00e9 sa puissance<br \/>\n&#8211; Qualit\u00e9 sup\u00e9rieure Doosan : mondialement reconnue dans l&rsquo;industrie<\/p>\n<p><strong>Applications :<\/strong><br \/>\nId\u00e9al pour le sablage, le nettoyage industriel, le creusement de tunnels, le g\u00e9nie civil et d&rsquo;autres applications ayant des besoins en air \u00e9lev\u00e9s et constants.<\/p>\n<p><strong>Louer en toute confiance avec Euromat<\/strong><br \/>\nEuromat garantit des machines fiables, une assistance technique et des formules de location flexibles adapt\u00e9es \u00e0 vos besoins.<\/p>\n<p>\u2714\ufe0f Grande capacit\u00e9<br \/>\n\u2714\ufe0f Livraison rapide<br \/>\n\u2714\ufe0f Y compris les conseils techniques des professionnels d&rsquo;Euromat<\/p>\n<\/div><\/div><\/div><\/div><\/div><\/div><\/div><\/section>\n","protected":false},"excerpt":{"rendered":"<p>Location d&rsquo;un compresseur mobile 22 m\u00b3\/min ? Le Doosan 21\/220 offre des performances puissantes pour les charges industrielles les plus \u00e9lev\u00e9es &#8211; disponible rapidement chez Euromat.<\/p>\n","protected":false},"featured_media":2813,"template":"","meta":{"_acf_changed":false},"product_brand":[1402],"product_cat":[1355,1356],"product_tag":[],"class_list":{"0":"post-6301","1":"product","2":"type-product","3":"status-publish","4":"has-post-thumbnail","6":"product_brand-doosan","7":"product_cat-compresseurs","8":"product_cat-compresseurs-mobiles","9":"pa_afmetingen-lxbxh-4850x2004x2290-mm-fr","10":"pa_debiet-22-m-min-fr","11":"pa_inhoud-brandstoftank-550-l-fr","12":"pa_luchtaansluiting-3x--1x-2-fr","13":"pa_nakoeler-ja-fr","14":"pa_transport-750-kg-fr","15":"pa_verbruik-l-h-60-bij-vollast-22-bij-nullast-fr","16":"pa_werkdruk-21-bar-fr","18":"first","19":"instock","20":"purchasable","21":"product-type-simple"},"acf":[],"_links":{"self":[{"href":"https:\/\/www.euromat.be\/fr\/wp-json\/wp\/v2\/product\/6301","targetHints":{"allow":["GET"]}}],"collection":[{"href":"https:\/\/www.euromat.be\/fr\/wp-json\/wp\/v2\/product"}],"about":[{"href":"https:\/\/www.euromat.be\/fr\/wp-json\/wp\/v2\/types\/product"}],"wp:featuredmedia":[{"embeddable":true,"href":"https:\/\/www.euromat.be\/fr\/wp-json\/wp\/v2\/media\/2813"}],"wp:attachment":[{"href":"https:\/\/www.euromat.be\/fr\/wp-json\/wp\/v2\/media?parent=6301"}],"wp:term":[{"taxonomy":"product_brand","embeddable":true,"href":"https:\/\/www.euromat.be\/fr\/wp-json\/wp\/v2\/product_brand?post=6301"},{"taxonomy":"product_cat","embeddable":true,"href":"https:\/\/www.euromat.be\/fr\/wp-json\/wp\/v2\/product_cat?post=6301"},{"taxonomy":"product_tag","embeddable":true,"href":"https:\/\/www.euromat.be\/fr\/wp-json\/wp\/v2\/product_tag?post=6301"}],"curies":[{"name":"wp","href":"https:\/\/api.w.org\/{rel}","templated":true}]}}