{"id":6304,"date":"2025-09-10T14:00:26","date_gmt":"2025-09-10T12:00:26","guid":{"rendered":"https:\/\/www.euromat.be\/product\/mobiele-elektrische-compressor-972-132-m%c2%b3-5-13-bar\/"},"modified":"2025-09-11T11:36:16","modified_gmt":"2025-09-11T09:36:16","slug":"compresseur-electrique-mobile-972-132-m%c2%b3-5-13-bar","status":"publish","type":"product","link":"https:\/\/www.euromat.be\/fr\/produit\/compresseur-electrique-mobile-972-132-m%c2%b3-5-13-bar\/","title":{"rendered":"Compresseur \u00e9lectrique mobile 9,72-13,2 m\u00b3 5-13 bar"},"content":{"rendered":"<section class=\"l-section wpb_row height_auto\"><div class=\"l-section-h i-cf\"><div class=\"g-cols vc_row via_flex valign_top type_default stacking_default\"><div class=\"vc_col-sm-12 wpb_column vc_column_container\"><div class=\"vc_column-inner\"><div class=\"wpb_wrapper\"><div class=\"wpb_text_column\"><div class=\"wpb_wrapper\"><p><strong>Compresseurs \u00e9lectriques mobiles -d\u00e9bit 9.7m\u00b3-13.2m\u00b3- Atlas Copco E-AIR VSD series<\/strong><\/p>\n<p>Silencieux. Intelligent. Sans \u00e9missions. L&rsquo;avenir des compresseurs mobiles.<\/p>\n<p>La s\u00e9rie E-Air VSD d&rsquo;Atlas Copco \u00e9tablit une nouvelle norme en mati\u00e8re d&rsquo;air comprim\u00e9 mobile. Con\u00e7us pour les zones sans \u00e9missions, les projets urbains et l&rsquo;utilisation en int\u00e9rieur, ces compresseurs \u00e9lectriques combinent de hautes performances avec un fonctionnement silencieux et une efficacit\u00e9 \u00e9nerg\u00e9tique sans pr\u00e9c\u00e9dent. Gr\u00e2ce \u00e0 la technologie PACE, vous r\u00e9glez facilement le niveau de pression requis par votre application en quelques clics.<\/p>\n<p><strong>Pourquoi choisir E-AIR ?<\/strong><br \/>\n&#8211; Jusqu&rsquo;\u00e0 50 % de r\u00e9duction des co\u00fbts d&rsquo;exploitation par rapport aux mod\u00e8les diesel<br \/>\n&#8211; Variateur de vitesse (VSD) pour une efficacit\u00e9 optimale<br \/>\n&#8211; Sans \u00e9missions et silencieux (&lt; 61 dB) \u2013 perfect voor stedelijke of binnenlocaties<br \/>\n&#8211; Onderhoudsinterval van 2000 uur \u2013 lage servicekost<br \/>\n&#8211; Smart Socket &amp; PowerLock aansluitingen \u2013 plug-and-play gemak<br \/>\n&#8211; Compact &amp; lichtgewicht \u2013 jusqu&rsquo;\u00e0 50% kleiner en lichter dan conventionele modellen<\/p>\n<p>E-AIR H450 VSD \u2013 Maximale prestaties, zero uitstoot<\/p>\n<p>De E-Air H450 VSD is het vlaggenschip van de reeks. Met een instelbare druk van 5 jusqu&rsquo;\u00e0 10 bar en een luchtdebiet jusqu&rsquo;\u00e0 13,2 m\u00b3\/min, is deze machine gebouwd voor zware industri\u00eble toepassingen. Dankzij PowerLock-aansluiting, robuuste IP66-beschermde motor, en een onderhoudsinterval van 2000 uur, is dit de ultieme zero-emissie oplossing.<\/p>\n<p><strong>Caract\u00e9ristiques techniques :<\/strong><br \/>\n&#8211; Pression de travail : 5-10 bar<br \/>\n&#8211; D\u00e9bit d&rsquo;air : 9,7 &#8211; 13,2 m\u00b3\/min<br \/>\n&#8211; Puissance : 75 kW<br \/>\n&#8211; Poids : 1 200 kg<br \/>\n&#8211; Connexion : PowerLock<br \/>\n&#8211; Variateur VSD refroidi \u00e0 l&rsquo;huile, prot\u00e9g\u00e9 par IP66<\/p>\n<\/div><\/div><\/div><\/div><\/div><\/div><\/div><\/section>\n","protected":false},"excerpt":{"rendered":"<p>Compresseur mobile 10m\u00b3 , silencieux, puissant et sans \u00e9missions. Louez un compresseur Atlas Copco E-AIR chez Euromat d\u00e8s maintenant &#8211; de l&rsquo;air comprim\u00e9 \u00e9lectrique pr\u00eat \u00e0 l&#8217;emploi, parfait pour les environnements urbains et int\u00e9rieurs.<\/p>\n","protected":false},"featured_media":3487,"template":"","meta":{"_acf_changed":false},"product_brand":[1392],"product_cat":[1355,1357],"product_tag":[],"class_list":{"0":"post-6304","1":"product","2":"type-product","3":"status-publish","4":"has-post-thumbnail","6":"product_brand-atlas-copco","7":"product_cat-compresseurs","8":"product_cat-compresseurs-electriques-mobiles","9":"pa_afmetingen-lxbxh-3747x1593x1572-mm-fr","10":"pa_debiet-97-132-m-min-fr","11":"pa_motorvermogen-75-kw-fr","12":"pa_nakoeler-ja-fr","13":"pa_stopcontactaansluiting-powerlock-fr","14":"pa_transport-750-kg-fr","15":"pa_vrije-luchtlevering-l-s-220-170-bij-63a-fr","16":"pa_werkdruk-5-13-bar-fr","18":"first","19":"instock","20":"purchasable","21":"product-type-simple"},"acf":[],"_links":{"self":[{"href":"https:\/\/www.euromat.be\/fr\/wp-json\/wp\/v2\/product\/6304","targetHints":{"allow":["GET"]}}],"collection":[{"href":"https:\/\/www.euromat.be\/fr\/wp-json\/wp\/v2\/product"}],"about":[{"href":"https:\/\/www.euromat.be\/fr\/wp-json\/wp\/v2\/types\/product"}],"wp:featuredmedia":[{"embeddable":true,"href":"https:\/\/www.euromat.be\/fr\/wp-json\/wp\/v2\/media\/3487"}],"wp:attachment":[{"href":"https:\/\/www.euromat.be\/fr\/wp-json\/wp\/v2\/media?parent=6304"}],"wp:term":[{"taxonomy":"product_brand","embeddable":true,"href":"https:\/\/www.euromat.be\/fr\/wp-json\/wp\/v2\/product_brand?post=6304"},{"taxonomy":"product_cat","embeddable":true,"href":"https:\/\/www.euromat.be\/fr\/wp-json\/wp\/v2\/product_cat?post=6304"},{"taxonomy":"product_tag","embeddable":true,"href":"https:\/\/www.euromat.be\/fr\/wp-json\/wp\/v2\/product_tag?post=6304"}],"curies":[{"name":"wp","href":"https:\/\/api.w.org\/{rel}","templated":true}]}}