{"id":6306,"date":"2025-09-10T14:00:26","date_gmt":"2025-09-10T12:00:26","guid":{"rendered":"https:\/\/www.euromat.be\/product\/mobiele-compressor-10-m%c2%b3-10-bar\/"},"modified":"2025-09-11T11:36:16","modified_gmt":"2025-09-11T09:36:16","slug":"compresseur-mobile-10-m%c2%b3-10-bar","status":"publish","type":"product","link":"https:\/\/www.euromat.be\/fr\/produit\/compresseur-mobile-10-m%c2%b3-10-bar\/","title":{"rendered":"Compresseur mobile 10 m\u00b3 10 bar"},"content":{"rendered":"<section class=\"l-section wpb_row height_auto\"><div class=\"l-section-h i-cf\"><div class=\"g-cols vc_row via_flex valign_top type_default stacking_default\"><div class=\"vc_col-sm-12 wpb_column vc_column_container\"><div class=\"vc_column-inner\"><div class=\"wpb_wrapper\"><div class=\"wpb_text_column\"><div class=\"wpb_wrapper\"><p><strong>Compresseur mobile CompAir C100-10<\/strong><\/p>\n<p>Compresseur de chantier puissant et efficace pour les applications exigeantes<\/p>\n<p>Vous cherchez \u00e0 louer un compresseur mobile \u00e0 hautes performances pour des travaux de construction ou industriels lourds ? Le CompAir C100-10 associe un d\u00e9bit impressionnant de 10 m\u00b3\/min \u00e0 10 bars \u00e0 un moteur diesel conforme \u00e0 la norme Stage V, ce qui en fait la solution pour les applications exigeantes telles que le sablage, le concassage ou les travaux de maintenance importants. Gr\u00e2ce \u00e0 des caract\u00e9ristiques telles que la gestion flexible de la puissance (FPM), le d\u00e9marrage progressif et le contr\u00f4le progressif du d\u00e9bit volum\u00e9trique, ce compresseur diesel s&rsquo;adapte automatiquement \u00e0 la demande d&rsquo;air, pour une efficacit\u00e9 et une fiabilit\u00e9 optimales. Le C100-10 est con\u00e7u pour durer, \u00eatre facile \u00e0 utiliser et offrir des performances optimales, m\u00eame dans des conditions difficiles.<\/p>\n<p><strong>Caract\u00e9ristiques principales :<\/strong><br \/>\n&#8211; D\u00e9bit d&rsquo;air : 10 m\u00b3\/min \u00e0 10 bar &#8211; pour les applications pneumatiques plus lourdes<br \/>\n&#8211; Puissance du moteur : 90 kW (122,2 ch) &#8211; performance puissante et \u00e9conomique<br \/>\n&#8211; Conforme \u00e0 la phase V avec filtre \u00e0 particules diesel (DPF) int\u00e9gr\u00e9<br \/>\n&#8211; R\u00e9servoir de carburant : 175 litres &#8211; longue autonomie sans ravitaillement en carburant<br \/>\n&#8211; Dimensions : 4294 x 1820 x 1884 mm<br \/>\n&#8211; Poids : 2500 kg &#8211; robuste et mobile<br \/>\n&#8211; Flex Power Management (FPM) et Soft Start &#8211; pour un fonctionnement s\u00fbr et efficace<\/p>\n<p><strong>Applications :<\/strong><br \/>\nId\u00e9ale pour la construction de routes, l&rsquo;industrie, le sablage, le forage et le concassage, et d&rsquo;autres applications o\u00f9 un flux d&rsquo;air constant et puissant est n\u00e9cessaire.<\/p>\n<p><strong>Pourquoi choisir Euromat ?<\/strong><br \/>\nAvec Euromat, vous ne louez pas n&rsquo;importe quelle machine &#8211; vous comptez sur des marques de pointe fiables comme CompAir, avec la garantie d&rsquo;une assistance et d&rsquo;une maintenance professionnelles.<\/p>\n<p>\u2714\ufe0f Disponibilit\u00e9 rapide<br \/>\n\u2714\ufe0f Conditions de location flexibles<br \/>\n\u2714\ufe0f Assistance experte des techniciens Euromat<\/p>\n<\/div><\/div><\/div><\/div><\/div><\/div><\/div><\/section>\n","protected":false},"excerpt":{"rendered":"<p>Location d&rsquo;un compresseur diesel mobile CompAir C100-10 ? Avec 10 m\u00b3\/min \u00e0 10 bar, un moteur conforme \u00e0 la norme Stage V et un filtre DPF, ce puissant compresseur de chantier offre des performances optimales pour les applications lourdes telles que le sablage, le concassage et la construction de routes. Robuste, efficace et fiable.<\/p>\n","protected":false},"featured_media":3507,"template":"","meta":{"_acf_changed":false},"product_brand":[1397],"product_cat":[1355,1356],"product_tag":[],"class_list":{"0":"post-6306","1":"product","2":"type-product","3":"status-publish","4":"has-post-thumbnail","6":"product_brand-compair","7":"product_cat-compresseurs","8":"product_cat-compresseurs-mobiles","9":"pa_afmetingen-lxbxh-4294x1820x1884-mm-fr","10":"pa_debiet-10-m-min-fr","11":"pa_gewicht-2500-kg-fr","12":"pa_inhoud-brandstoftank-175-l-fr","13":"pa_luchtaansluiting-2-x--1x-2-fr","14":"pa_motorvermogen-90-kw-fr","15":"pa_nakoeler-ja-fr","16":"pa_transport-750-kg-fr","17":"pa_werkdruk-10-bar-fr","19":"first","20":"instock","21":"purchasable","22":"product-type-simple"},"acf":[],"_links":{"self":[{"href":"https:\/\/www.euromat.be\/fr\/wp-json\/wp\/v2\/product\/6306","targetHints":{"allow":["GET"]}}],"collection":[{"href":"https:\/\/www.euromat.be\/fr\/wp-json\/wp\/v2\/product"}],"about":[{"href":"https:\/\/www.euromat.be\/fr\/wp-json\/wp\/v2\/types\/product"}],"wp:featuredmedia":[{"embeddable":true,"href":"https:\/\/www.euromat.be\/fr\/wp-json\/wp\/v2\/media\/3507"}],"wp:attachment":[{"href":"https:\/\/www.euromat.be\/fr\/wp-json\/wp\/v2\/media?parent=6306"}],"wp:term":[{"taxonomy":"product_brand","embeddable":true,"href":"https:\/\/www.euromat.be\/fr\/wp-json\/wp\/v2\/product_brand?post=6306"},{"taxonomy":"product_cat","embeddable":true,"href":"https:\/\/www.euromat.be\/fr\/wp-json\/wp\/v2\/product_cat?post=6306"},{"taxonomy":"product_tag","embeddable":true,"href":"https:\/\/www.euromat.be\/fr\/wp-json\/wp\/v2\/product_tag?post=6306"}],"curies":[{"name":"wp","href":"https:\/\/api.w.org\/{rel}","templated":true}]}}