{"id":6308,"date":"2025-09-10T14:00:26","date_gmt":"2025-09-10T12:00:26","guid":{"rendered":"https:\/\/www.euromat.be\/product\/stationaire-compressor-1-75-kw\/"},"modified":"2025-10-02T11:10:36","modified_gmt":"2025-10-02T09:10:36","slug":"compresseur-stationnaire-1-75-kw","status":"publish","type":"product","link":"https:\/\/www.euromat.be\/fr\/produit\/compresseur-stationnaire-1-75-kw\/","title":{"rendered":"Compresseur stationnaire 1-7,5 kW"},"content":{"rendered":"<section class=\"l-section wpb_row height_auto\"><div class=\"l-section-h i-cf\"><div class=\"g-cols vc_row via_flex valign_top type_default stacking_default\"><div class=\"vc_col-sm-12 wpb_column vc_column_container\"><div class=\"vc_column-inner\"><div class=\"wpb_wrapper\"><div class=\"wpb_text_column\"><div class=\"wpb_wrapper\"><p><strong>Compresseur Ingersoll Rand 1-7.5 kW<\/strong><\/p>\n<p>Compresseur \u00e0 piston fiable et puissant pour un usage professionnel<\/p>\n<p>Le compresseur Ingersoll Rand est une solution polyvalente et portable pour les applications d&rsquo;air comprim\u00e9 sur site, dans l&rsquo;atelier ou pour les travaux d&rsquo;installation. Avec une pression de fonctionnement de 8 \u00e0 10 bars et un d\u00e9bit de 270 \u00e0 500 l\/min, ce compresseur offre une capacit\u00e9 suffisante pour une grande vari\u00e9t\u00e9 d&rsquo;outils et d&rsquo;applications.<\/p>\n<p><strong>Caract\u00e9ristiques principales :<\/strong><br \/>\n&#8211; Compresseur \u00e0 piston d&rsquo;une grande fiabilit\u00e9<br \/>\n&#8211; D\u00e9bit : 260-1074 l\/min<br \/>\n&#8211; Pression de service : 8-11 bar<br \/>\n&#8211; Tension : 230 V ou 400 V (selon le mod\u00e8le)<br \/>\n&#8211; Puissance : 1,5-5,5 kW<br \/>\n&#8211; Poids :&lt; 215 kg<br \/>\n&#8211; Draagbaar en eenvoudig te verplaatsen<\/p>\n<p><strong>Applications :<\/strong><br \/>\nConvient pour les outils pneumatiques, le sablage l\u00e9ger, les travaux d&rsquo;assemblage et de maintenance et diverses applications industrielles.<\/p>\n<p><strong>Pourquoi choisir Euromat ?<\/strong><br \/>\n\u2714\ufe0f Compresseurs de haute qualit\u00e9 des plus grandes marques<br \/>\n\u2714\ufe0f Entretenus par des professionnels et pr\u00eats \u00e0 \u00eatre utilis\u00e9s imm\u00e9diatement<br \/>\n\u2714\ufe0f Des conditions de location flexibles et une assistance experte<\/p>\n<\/div><\/div><\/div><\/div><\/div><\/div><\/div><\/section>\n","protected":false},"excerpt":{"rendered":"<p>Location d&rsquo;un compresseur Ingersoll Rand 1-7,5 kW ?<br \/>\nEuromat fournit ce compresseur \u00e0 piston portable avec un d\u00e9bit de 260-1074 l\/min et une pression de fonctionnement de 8-11 bar. Compact, puissant et id\u00e9al pour alimenter les outils pneumatiques et diverses applications dans la construction, l&rsquo;industrie et la r\u00e9novation.<\/p>\n","protected":false},"featured_media":3037,"template":"","meta":{"_acf_changed":false},"product_brand":[1415],"product_cat":[1355,2892,1358],"product_tag":[],"class_list":{"0":"post-6308","1":"product","2":"type-product","3":"status-publish","4":"has-post-thumbnail","6":"product_brand-ingersoll-rand","7":"product_cat-compresseurs","8":"product_cat-compresseurs-dair","9":"product_cat-compresseurs-stationnaires","10":"pa_afmetingen-lxbxh-draagbaar-fr","11":"pa_debiet-260-1074-l-min-fr","12":"pa_nominale-capaciteit-15-55-kw-fr","13":"pa_spanning-volt-230-of-400-afhankelijk-van-het-model-fr","14":"pa_werkdruk-8-11-bar-fr","16":"first","17":"instock","18":"purchasable","19":"product-type-simple"},"acf":[],"_links":{"self":[{"href":"https:\/\/www.euromat.be\/fr\/wp-json\/wp\/v2\/product\/6308","targetHints":{"allow":["GET"]}}],"collection":[{"href":"https:\/\/www.euromat.be\/fr\/wp-json\/wp\/v2\/product"}],"about":[{"href":"https:\/\/www.euromat.be\/fr\/wp-json\/wp\/v2\/types\/product"}],"wp:featuredmedia":[{"embeddable":true,"href":"https:\/\/www.euromat.be\/fr\/wp-json\/wp\/v2\/media\/3037"}],"wp:attachment":[{"href":"https:\/\/www.euromat.be\/fr\/wp-json\/wp\/v2\/media?parent=6308"}],"wp:term":[{"taxonomy":"product_brand","embeddable":true,"href":"https:\/\/www.euromat.be\/fr\/wp-json\/wp\/v2\/product_brand?post=6308"},{"taxonomy":"product_cat","embeddable":true,"href":"https:\/\/www.euromat.be\/fr\/wp-json\/wp\/v2\/product_cat?post=6308"},{"taxonomy":"product_tag","embeddable":true,"href":"https:\/\/www.euromat.be\/fr\/wp-json\/wp\/v2\/product_tag?post=6308"}],"curies":[{"name":"wp","href":"https:\/\/api.w.org\/{rel}","templated":true}]}}