{"id":6310,"date":"2025-09-10T14:00:26","date_gmt":"2025-09-10T12:00:26","guid":{"rendered":"https:\/\/www.euromat.be\/product\/stationaire-compressor-2-4-kw-op-ketel-met-aangebouwde-droger\/"},"modified":"2025-10-02T11:11:02","modified_gmt":"2025-10-02T09:11:02","slug":"compresseur-stationnaire-2-4-kw-sur-reservoir-avec-secheur-integre","status":"publish","type":"product","link":"https:\/\/www.euromat.be\/fr\/produit\/compresseur-stationnaire-2-4-kw-sur-reservoir-avec-secheur-integre\/","title":{"rendered":"Compresseur stationnaire 2-4 kW sur r\u00e9servoir avec s\u00e9cheur int\u00e9gr\u00e9"},"content":{"rendered":"<section class=\"l-section wpb_row height_auto\"><div class=\"l-section-h i-cf\"><div class=\"g-cols vc_row via_flex valign_top type_default stacking_default\"><div class=\"vc_col-sm-12 wpb_column vc_column_container\"><div class=\"vc_column-inner\"><div class=\"wpb_wrapper\"><div class=\"wpb_text_column\"><div class=\"wpb_wrapper\"><p><strong>Compresseurs \u00e0 vis stationnaires FM02-FM04 &#8211; Champion<\/strong><\/p>\n<p>Compact, fiable et silencieux &#8211; pour un air comprim\u00e9 constant dans les ateliers et les usines<\/p>\n<p>Les compresseurs Champion FM02, FM03 et FM04 sont des compresseurs \u00e0 vis robustes, lubrifi\u00e9s \u00e0 l&rsquo;huile, qui se distinguent par leurs performances, leur fiabilit\u00e9 et leur facilit\u00e9 d&rsquo;utilisation. Leur conception compacte, leur faible niveau sonore et leur installation pr\u00eate \u00e0 l&#8217;emploi font de ces compresseurs la solution id\u00e9ale pour les ateliers, les environnements de production de petite taille ou les installations techniques n\u00e9cessitant une alimentation en air stable.<\/p>\n<p><strong>Caract\u00e9ristiques principales :<\/strong><br \/>\n&#8211; Consommation \u00e9lectrique : 2,2 &#8211; 4 kW<br \/>\n&#8211; D\u00e9bit d&rsquo;air : 0,18 &#8211; 0,45 m\u00b3\/min<br \/>\n&#8211; Pression de fonctionnement : 10 bar<br \/>\n&#8211; Silencieux (\u00e0 partir de 63 dB(A)) &#8211; Convient aux environnements de travail<br \/>\n&#8211; Contr\u00f4leur C-Pro1.0+ convivial<br \/>\n&#8211; Conception compacte (seulement 62 x 60 cm d&rsquo;encombrement au sol)<br \/>\n&#8211; Con\u00e7u pour une maintenance ais\u00e9e et des co\u00fbts d&rsquo;exploitation r\u00e9duits<\/p>\n<p><strong>Applications :<\/strong><br \/>\nId\u00e9al pour les installations de petite et moyenne taille, les ateliers techniques, les garages et les ateliers o\u00f9 la continuit\u00e9 et le silence de fonctionnement sont importants.<\/p>\n<\/div><\/div><\/div><\/div><\/div><\/div><\/div><\/section>\n","protected":false},"excerpt":{"rendered":"<p>Location d&rsquo;un compresseur \u00e0 vis stationnaire ? Euromat propose des compresseurs Champion FM02-FM06 fiables &#8211; silencieux, puissants et parfaits pour les ateliers et les installations industrielles.<\/p>\n","protected":false},"featured_media":3129,"template":"","meta":{"_acf_changed":false},"product_brand":[1395],"product_cat":[1355,2893,1358],"product_tag":[],"class_list":{"0":"post-6310","1":"product","2":"type-product","3":"status-publish","4":"has-post-thumbnail","6":"product_brand-champion","7":"product_cat-compresseurs","8":"product_cat-compresseurs-dair-a-vis","9":"product_cat-compresseurs-stationnaires","10":"pa_afmetingen-lxbxh-1539x720x1604-mm-fr","11":"pa_debiet-018-045-m-min-fr","12":"pa_gewicht-151-164-kg-fr","13":"pa_nominale-capaciteit-22-4-kw-fr","14":"pa_spanning-volt-380-400-fr","15":"pa_werkdruk-10-bar-fr","17":"first","18":"instock","19":"purchasable","20":"product-type-simple"},"acf":[],"_links":{"self":[{"href":"https:\/\/www.euromat.be\/fr\/wp-json\/wp\/v2\/product\/6310","targetHints":{"allow":["GET"]}}],"collection":[{"href":"https:\/\/www.euromat.be\/fr\/wp-json\/wp\/v2\/product"}],"about":[{"href":"https:\/\/www.euromat.be\/fr\/wp-json\/wp\/v2\/types\/product"}],"wp:featuredmedia":[{"embeddable":true,"href":"https:\/\/www.euromat.be\/fr\/wp-json\/wp\/v2\/media\/3129"}],"wp:attachment":[{"href":"https:\/\/www.euromat.be\/fr\/wp-json\/wp\/v2\/media?parent=6310"}],"wp:term":[{"taxonomy":"product_brand","embeddable":true,"href":"https:\/\/www.euromat.be\/fr\/wp-json\/wp\/v2\/product_brand?post=6310"},{"taxonomy":"product_cat","embeddable":true,"href":"https:\/\/www.euromat.be\/fr\/wp-json\/wp\/v2\/product_cat?post=6310"},{"taxonomy":"product_tag","embeddable":true,"href":"https:\/\/www.euromat.be\/fr\/wp-json\/wp\/v2\/product_tag?post=6310"}],"curies":[{"name":"wp","href":"https:\/\/api.w.org\/{rel}","templated":true}]}}