{"id":6311,"date":"2025-09-10T14:00:26","date_gmt":"2025-09-10T12:00:26","guid":{"rendered":"https:\/\/www.euromat.be\/product\/stationaire-compressor-5-6-kw-op-ketel-met-aangebouwde-droger\/"},"modified":"2025-10-02T11:11:24","modified_gmt":"2025-10-02T09:11:24","slug":"compresseur-stationnaire-5-6-kw-sur-reservoir-avec-secheur-integre","status":"publish","type":"product","link":"https:\/\/www.euromat.be\/fr\/produit\/compresseur-stationnaire-5-6-kw-sur-reservoir-avec-secheur-integre\/","title":{"rendered":"Compresseur stationnaire 5-6 kW sur r\u00e9servoir avec s\u00e9cheur int\u00e9gr\u00e9"},"content":{"rendered":"<section class=\"l-section wpb_row height_auto\"><div class=\"l-section-h i-cf\"><div class=\"g-cols vc_row via_flex valign_top type_default stacking_default\"><div class=\"vc_col-sm-12 wpb_column vc_column_container\"><div class=\"vc_column-inner\"><div class=\"wpb_wrapper\"><div class=\"wpb_text_column\"><div class=\"wpb_wrapper\"><p><strong>Compresseurs \u00e0 vis stationnaires FM05-FM06 &#8211; Champion<\/strong><\/p>\n<p>Une alimentation en air industrielle plus puissante dans un bo\u00eetier compact et efficace<\/p>\n<p>Les compresseurs Champion FM05 et FM06 offrent une alternative plus puissante dans la m\u00eame conception modulaire. Avec un d\u00e9bit d&rsquo;air pouvant atteindre 0,92 m\u00b3\/min, ces compresseurs conviennent aux applications industrielles plus lourdes. Associant de hautes performances \u00e0 de faibles co\u00fbts de maintenance et de consommation, ils sont \u00e9galement dot\u00e9s d&rsquo;un moteur IE3 \u00e9conome en \u00e9nergie et d&rsquo;un refroidisseur final en option pour une qualit\u00e9 d&rsquo;air optimale.<\/p>\n<p><strong>Caract\u00e9ristiques principales :<\/strong><br \/>\n&#8211; Consommation \u00e9lectrique : 5,5 &#8211; 7,5 kW<br \/>\n&#8211; D\u00e9bit d&rsquo;air : 0,66 &#8211; 0,92 m\u00b3\/min<br \/>\n&#8211; Pression de fonctionnement : 10 bar<br \/>\n&#8211; Niveau sonore : \u00e0 partir de 68 dB(A)<br \/>\n&#8211; Extensions modulaires disponibles : r\u00e9cepteur d&rsquo;air, s\u00e9cheur, syst\u00e8me de filtrage<br \/>\n&#8211; Conception tr\u00e8s facile d&rsquo;entretien avec de longs intervalles de service<\/p>\n<p><strong>Applications :<\/strong><br \/>\nConvient \u00e0 la production industrielle, \u00e0 la m\u00e9tallurgie, aux installations techniques et \u00e0 tous les endroits o\u00f9 de l&rsquo;air comprim\u00e9 fiable est n\u00e9cessaire.<\/p>\n<\/div><\/div><\/div><\/div><\/div><\/div><\/div><\/section>\n","protected":false},"excerpt":{"rendered":"<p>Location d&rsquo;un compresseur \u00e0 vis stationnaire ? Euromat propose des compresseurs Champion FM02-FM06 fiables &#8211; silencieux, puissants et parfaits pour les ateliers et les installations industrielles.<\/p>\n","protected":false},"featured_media":3133,"template":"","meta":{"_acf_changed":false},"product_brand":[1395],"product_cat":[1355,2893,1358],"product_tag":[],"class_list":{"0":"post-6311","1":"product","2":"type-product","3":"status-publish","4":"has-post-thumbnail","6":"product_brand-champion","7":"product_cat-compresseurs","8":"product_cat-compresseurs-dair-a-vis","9":"product_cat-compresseurs-stationnaires","10":"pa_afmetingen-lxbxh-1539x720x1604-mm-fr","11":"pa_debiet-066-092-m-min-fr","12":"pa_gewicht-168-174-kg-fr","13":"pa_nominale-capaciteit-55-75-kw-fr","14":"pa_spanning-volt-380-400-fr","15":"pa_werkdruk-10-bar-fr","17":"first","18":"instock","19":"purchasable","20":"product-type-simple"},"acf":[],"_links":{"self":[{"href":"https:\/\/www.euromat.be\/fr\/wp-json\/wp\/v2\/product\/6311","targetHints":{"allow":["GET"]}}],"collection":[{"href":"https:\/\/www.euromat.be\/fr\/wp-json\/wp\/v2\/product"}],"about":[{"href":"https:\/\/www.euromat.be\/fr\/wp-json\/wp\/v2\/types\/product"}],"wp:featuredmedia":[{"embeddable":true,"href":"https:\/\/www.euromat.be\/fr\/wp-json\/wp\/v2\/media\/3133"}],"wp:attachment":[{"href":"https:\/\/www.euromat.be\/fr\/wp-json\/wp\/v2\/media?parent=6311"}],"wp:term":[{"taxonomy":"product_brand","embeddable":true,"href":"https:\/\/www.euromat.be\/fr\/wp-json\/wp\/v2\/product_brand?post=6311"},{"taxonomy":"product_cat","embeddable":true,"href":"https:\/\/www.euromat.be\/fr\/wp-json\/wp\/v2\/product_cat?post=6311"},{"taxonomy":"product_tag","embeddable":true,"href":"https:\/\/www.euromat.be\/fr\/wp-json\/wp\/v2\/product_tag?post=6311"}],"curies":[{"name":"wp","href":"https:\/\/api.w.org\/{rel}","templated":true}]}}