{"id":7176,"date":"2025-10-21T13:25:08","date_gmt":"2025-10-21T11:25:08","guid":{"rendered":"https:\/\/www.euromat.be\/?post_type=product&#038;p=7176"},"modified":"2025-10-21T16:54:24","modified_gmt":"2025-10-21T14:54:24","slug":"reservoir-dair-2000l-horizontal","status":"publish","type":"product","link":"https:\/\/www.euromat.be\/fr\/produit\/reservoir-dair-2000l-horizontal\/","title":{"rendered":"R\u00e9servoir d\u2019air 2000l (horizontal)"},"content":{"rendered":"<p>Le r\u00e9servoir d\u2019air comprim\u00e9 horizontal de 2000 litres est la solution id\u00e9ale pour les applications industrielles lourdes n\u00e9cessitant une capacit\u00e9 d\u2019air comprim\u00e9 \u00e9lev\u00e9e et continue. Gr\u00e2ce \u00e0 son grand volume, ce r\u00e9servoir offre une r\u00e9serve fiable qui permet d\u2019absorber efficacement les pics de consommation et d\u2019assurer un fonctionnement optimal de l\u2019installation d\u2019air comprim\u00e9. Parfaitement adapt\u00e9 aux processus de production \u00e0 grande \u00e9chelle et \u00e0 une utilisation intensive. Le r\u00e9servoir est mont\u00e9 sur un ch\u00e2ssis et comporte quatre raccords de 2 \u00ab\u00a0.<\/p>\n","protected":false},"excerpt":{"rendered":"<p>Grand r\u00e9servoir d\u2019air comprim\u00e9 horizontal de 2000 litres, mont\u00e9 sur un ch\u00e2ssis avec quatre raccords de 2 \u00ab\u00a0, offrant une capacit\u00e9 de stockage maximale et une stabilit\u00e9 optimale pour les besoins \u00e9lev\u00e9s en air comprim\u00e9.<\/p>\n","protected":false},"featured_media":7178,"template":"","meta":{"_acf_changed":false},"product_brand":[],"product_cat":[1359,1355,2918],"product_tag":[],"class_list":{"0":"post-7176","1":"product","2":"type-product","3":"status-publish","4":"has-post-thumbnail","6":"product_cat-accessoires-compresseurs","7":"product_cat-compresseurs","8":"product_cat-reservoirs-dair","9":"pa_inhoud-l-2000-l-fr","11":"first","12":"instock","13":"purchasable","14":"product-type-simple"},"acf":[],"_links":{"self":[{"href":"https:\/\/www.euromat.be\/fr\/wp-json\/wp\/v2\/product\/7176","targetHints":{"allow":["GET"]}}],"collection":[{"href":"https:\/\/www.euromat.be\/fr\/wp-json\/wp\/v2\/product"}],"about":[{"href":"https:\/\/www.euromat.be\/fr\/wp-json\/wp\/v2\/types\/product"}],"wp:featuredmedia":[{"embeddable":true,"href":"https:\/\/www.euromat.be\/fr\/wp-json\/wp\/v2\/media\/7178"}],"wp:attachment":[{"href":"https:\/\/www.euromat.be\/fr\/wp-json\/wp\/v2\/media?parent=7176"}],"wp:term":[{"taxonomy":"product_brand","embeddable":true,"href":"https:\/\/www.euromat.be\/fr\/wp-json\/wp\/v2\/product_brand?post=7176"},{"taxonomy":"product_cat","embeddable":true,"href":"https:\/\/www.euromat.be\/fr\/wp-json\/wp\/v2\/product_cat?post=7176"},{"taxonomy":"product_tag","embeddable":true,"href":"https:\/\/www.euromat.be\/fr\/wp-json\/wp\/v2\/product_tag?post=7176"}],"curies":[{"name":"wp","href":"https:\/\/api.w.org\/{rel}","templated":true}]}}