{"id":7292,"date":"2025-10-24T16:01:12","date_gmt":"2025-10-24T14:01:12","guid":{"rendered":"https:\/\/www.euromat.be\/?post_type=product&#038;p=7292"},"modified":"2025-10-24T16:30:09","modified_gmt":"2025-10-24T14:30:09","slug":"pramac-lx-45-80-lfp-battery-pack-kopie","status":"publish","type":"product","link":"https:\/\/www.euromat.be\/fr\/produit\/pramac-lx-45-80-lfp-battery-pack-kopie\/","title":{"rendered":"Instagrid One"},"content":{"rendered":"<p data-start=\"212\" data-end=\"297\"><strong data-start=\"215\" data-end=\"297\">Instagrid One \u2013 Alimentation portable sur batterie pour un usage professionnel<\/strong><\/p>\n<p data-start=\"299\" data-end=\"687\">L\u2019Instagrid One est une alimentation portable de pointe, con\u00e7ue pour fournir une puissance \u00e9lectrique sans \u00e9missions, partout o\u00f9 vous en avez besoin. Avec une puissance nominale de 3 600 W (16 A) et une puissance de cr\u00eate allant jusqu\u2019\u00e0 18 000 W (80 A), l\u2019Instagrid One offre une qualit\u00e9 de courant \u00e9quivalente au r\u00e9seau \u00e9lectrique, dans un format robuste, compact et l\u00e9ger.<\/p>\n<p data-start=\"689\" data-end=\"1140\">Gr\u00e2ce \u00e0 son conception sans ventilateur et totalement sans \u00e9missions, l\u2019Instagrid One fonctionne en silence total, sans gaz d\u2019\u00e9chappement \u2013 id\u00e9ale pour une utilisation en int\u00e9rieur, sur les chantiers, lors de travaux de maintenance ou d\u2019\u00e9v\u00e9nements.<br data-start=\"945\" data-end=\"948\" \/>Pesant seulement 20 kg, cette batterie puissante se transporte facilement d\u2019une seule main et fournit une \u00e9nergie fiable l\u00e0 o\u00f9 aucune alimentation secteur ou g\u00e9n\u00e9rateur n\u2019est disponible.<\/p>\n<p data-start=\"1142\" data-end=\"1180\"><strong data-start=\"1146\" data-end=\"1180\">Caract\u00e9ristiques principales :<\/strong><\/p>\n<ul>\n<li data-start=\"1184\" data-end=\"1225\">Puissance nominale : 3 600 W (16 A)<\/li>\n<li data-start=\"1184\" data-end=\"1225\">Puissance de cr\u00eate : 18 000 W (80 A)<\/li>\n<li data-start=\"1184\" data-end=\"1225\">Capacit\u00e9 : 2 100 Wh<\/li>\n<li data-start=\"1184\" data-end=\"1225\">Tension de sortie : 230 V AC \/ 50 Hz<\/li>\n<li data-start=\"1184\" data-end=\"1225\">Sorties :\n<ul>\n<li data-start=\"1184\" data-end=\"1225\">1x prise CEE 7\/3 (16 A)<\/li>\n<li data-start=\"1184\" data-end=\"1225\">1x connecteur Neutrik powerCON TRUE1 TOP\u00ae<\/li>\n<\/ul>\n<\/li>\n<li data-start=\"1184\" data-end=\"1225\">Entr\u00e9e (charge) : Neutrik powerCON TRUE1 TOP\u00ae<\/li>\n<li data-start=\"1184\" data-end=\"1225\">Temps de charge : &lt; 3 heures (0\u2013100 %) \u00e0 230 V AC<\/li>\n<li data-start=\"1184\" data-end=\"1225\">Niveau sonore : &lt; 10 dB(A) \u2013 fonctionnement totalement silencieux<\/li>\n<li data-start=\"1184\" data-end=\"1225\">Classe de protection : Classe II \/ double isolation<\/li>\n<li data-start=\"1184\" data-end=\"1225\">Indice de protection : IP54<\/li>\n<li data-start=\"1184\" data-end=\"1225\">Poids : 20 kg<\/li>\n<li data-start=\"1184\" data-end=\"1225\">Dimensions : 420 \u00d7 210 \u00d7 420 mm<\/li>\n<li data-start=\"1184\" data-end=\"1225\">Temp\u00e9rature de fonctionnement : \u201320 \u00b0C \u00e0 +60 \u00b0C (d\u00e9charge)<\/li>\n<\/ul>\n<p data-start=\"1852\" data-end=\"1874\"><strong data-start=\"1856\" data-end=\"1874\">Applications :<\/strong><\/p>\n<p data-start=\"1876\" data-end=\"2136\">\u2714\ufe0f Chantiers et travaux de maintenance<br data-start=\"1914\" data-end=\"1917\" \/>\u2714\ufe0f \u00c9v\u00e9nements et espaces int\u00e9rieurs soumis \u00e0 des contraintes sonores ou environnementales<br data-start=\"2006\" data-end=\"2009\" \/>\u2714\ufe0f Installations mobiles et v\u00e9hicules de service<br data-start=\"2057\" data-end=\"2060\" \/>\u2714\ufe0f Alimentation de secours pour l\u2019\u00e9clairage, les outils et les \u00e9quipements<\/p>\n<p data-start=\"2138\" data-end=\"2176\"><strong data-start=\"2142\" data-end=\"2176\">Avantages de l\u2019Instagrid One :<\/strong><\/p>\n<ul>\n<li data-start=\"2180\" data-end=\"2257\">V\u00e9ritable portabilit\u00e9 : seulement 20 kg, transportable d\u2019une seule main<\/li>\n<li data-start=\"2180\" data-end=\"2257\">Silencieuse : conception sans ventilateur \u2013 &lt;10 dB(A)<\/li>\n<li data-start=\"2322\" data-end=\"2386\">Z\u00e9ro \u00e9mission : pas de carburant, pas de gaz d\u2019\u00e9chappement<\/li>\n<li data-start=\"2389\" data-end=\"2438\">Haute puissance : jusqu\u2019\u00e0 18 000 W en cr\u00eate<\/li>\n<li data-start=\"2441\" data-end=\"2501\">Recharge rapide : batterie pleine en moins de 3 heures<\/li>\n<li data-start=\"2504\" data-end=\"2592\">Conception robuste : protection IP54 adapt\u00e9e \u00e0 un usage professionnel en ext\u00e9rieur<\/li>\n<\/ul>\n","protected":false},"excerpt":{"rendered":"<p>Avec l\u2019Instagrid One, vous choisissez la nouvelle r\u00e9f\u00e9rence en mati\u00e8re d\u2019\u00e9nergie mobile : puissante, silencieuse, propre et flexible \u2013 con\u00e7ue pour les professionnels qui exigent autonomie et performance sans compromis.<\/p>\n","protected":false},"featured_media":7294,"template":"","meta":{"_acf_changed":false},"product_brand":[2233],"product_cat":[2997,1372,1370],"product_tag":[],"class_list":{"0":"post-7292","1":"product","2":"type-product","3":"status-publish","4":"has-post-thumbnail","6":"product_brand-pramac","7":"product_cat-batterypacks","8":"product_cat-groupes-electrogenes","9":"product_cat-groupes-electrogenes-et-eclairage","10":"pa_afmetingen-lxbxh-420x210x420-mm","11":"pa_energiecapaciteit-21-kwh","12":"pa_gewicht-20-kg-fr","14":"first","15":"instock","16":"purchasable","17":"product-type-simple"},"acf":[],"_links":{"self":[{"href":"https:\/\/www.euromat.be\/fr\/wp-json\/wp\/v2\/product\/7292","targetHints":{"allow":["GET"]}}],"collection":[{"href":"https:\/\/www.euromat.be\/fr\/wp-json\/wp\/v2\/product"}],"about":[{"href":"https:\/\/www.euromat.be\/fr\/wp-json\/wp\/v2\/types\/product"}],"wp:featuredmedia":[{"embeddable":true,"href":"https:\/\/www.euromat.be\/fr\/wp-json\/wp\/v2\/media\/7294"}],"wp:attachment":[{"href":"https:\/\/www.euromat.be\/fr\/wp-json\/wp\/v2\/media?parent=7292"}],"wp:term":[{"taxonomy":"product_brand","embeddable":true,"href":"https:\/\/www.euromat.be\/fr\/wp-json\/wp\/v2\/product_brand?post=7292"},{"taxonomy":"product_cat","embeddable":true,"href":"https:\/\/www.euromat.be\/fr\/wp-json\/wp\/v2\/product_cat?post=7292"},{"taxonomy":"product_tag","embeddable":true,"href":"https:\/\/www.euromat.be\/fr\/wp-json\/wp\/v2\/product_tag?post=7292"}],"curies":[{"name":"wp","href":"https:\/\/api.w.org\/{rel}","templated":true}]}}